{"id":938,"date":"2018-06-29T20:58:53","date_gmt":"2018-06-29T23:58:53","guid":{"rendered":"https:\/\/ies6017-sal.infd.edu.ar\/sitio\/disenos-curriculares\/"},"modified":"2023-02-20T12:14:01","modified_gmt":"2023-02-20T15:14:01","slug":"disenos-curriculares","status":"publish","type":"page","link":"https:\/\/ies6017-sal.infd.edu.ar\/sitio\/disenos-curriculares\/","title":{"rendered":"Dise\u00f1os Curriculares"},"content":{"rendered":"<p><strong><span style=\"font-size: 18pt; font-family: 'andale mono', times;\"><img decoding=\"async\" loading=\"lazy\" class=\"wp-image-3758 size-medium aligncenter\" src=\"https:\/\/ies6017-sal.infd.edu.ar\/sitio\/wp-content\/uploads\/2021\/12\/Disenos-Curriculares-1000x333.jpg\" alt=\"\" width=\"1000\" height=\"333\" srcset=\"https:\/\/ies6017-sal.infd.edu.ar\/sitio\/wp-content\/uploads\/2021\/12\/Disenos-Curriculares-1000x333.jpg 1000w, https:\/\/ies6017-sal.infd.edu.ar\/sitio\/wp-content\/uploads\/2021\/12\/Disenos-Curriculares-768x256.jpg 768w, https:\/\/ies6017-sal.infd.edu.ar\/sitio\/wp-content\/uploads\/2021\/12\/Disenos-Curriculares-1536x512.jpg 1536w, https:\/\/ies6017-sal.infd.edu.ar\/sitio\/wp-content\/uploads\/2021\/12\/Disenos-Curriculares.jpg 1800w\" sizes=\"(max-width: 1000px) 100vw, 1000px\" \/><\/span><\/strong><\/p>\n<p style=\"text-align: center;\"><b>Haciendo clic en el icono PDF podes descargar el Dise\u00f1o Curricular completo de la carrera.<\/b><\/p>\n<table style=\"height: 716px;\" width=\"927\">\n<tbody>\n<tr>\n<td width=\"361\">\n<h5>Profesorado de Educaci\u00f3n Primaria<\/h5>\n<\/td>\n<td width=\"80\"><a href=\"https:\/\/dges-sal.infd.edu.ar\/aula\/archivos\/repositorio\/500\/610\/Res._1229-19_PEP.pdf\"><img decoding=\"async\" loading=\"lazy\" class=\"alignnone wp-image-798\" src=\"https:\/\/ies6017-sal.infd.edu.ar\/sitio\/wp-content\/uploads\/2018\/06\/PDF-Descarga.gif\" alt=\"\" width=\"62\" height=\"57\"><\/a><\/td>\n<\/tr>\n<tr>\n<td>\n<h5>Profesorado&nbsp; de Educaci\u00f3n Secundaria en Biolog\u00eda<\/h5>\n<\/td>\n<td><span style=\"font-size: 14pt; font-family: 'andale mono', times;\"><a href=\"https:\/\/dges-sal.infd.edu.ar\/sitio\/profesorados\/upload\/Res-510-14_Prof._de_BIOLOGIA.pdf\"><img decoding=\"async\" loading=\"lazy\" class=\"alignnone wp-image-798\" src=\"https:\/\/ies6017-sal.infd.edu.ar\/sitio\/wp-content\/uploads\/2018\/06\/PDF-Descarga.gif\" alt=\"\" width=\"62\" height=\"57\"><\/a><\/span><\/td>\n<\/tr>\n<tr>\n<td>\n<h5>Profesorado de Educaci\u00f3n&nbsp; Secundaria en&nbsp; Matem\u00e1tica- Incluye hasta cohorte 2021.<\/h5>\n<\/td>\n<td><span style=\"font-size: 14pt; font-family: 'andale mono', times;\"><a href=\"https:\/\/dges-sal.infd.edu.ar\/sitio\/profesorados\/upload\/Res-3125-14.Matematica_pdf.pdf\"><img decoding=\"async\" loading=\"lazy\" class=\"alignnone wp-image-798\" src=\"https:\/\/ies6017-sal.infd.edu.ar\/sitio\/wp-content\/uploads\/2018\/06\/PDF-Descarga.gif\" alt=\"\" width=\"62\" height=\"57\"><\/a><\/span><\/td>\n<\/tr>\n<tr>\n<td>\n<h5>Profesorado de Educaci\u00f3n&nbsp; Secundaria en&nbsp; Qu\u00edmica.<\/h5>\n<\/td>\n<td><span style=\"font-size: 14pt; font-family: 'andale mono', times;\"><a href=\"https:\/\/dges-sal.infd.edu.ar\/sitio\/profesorados\/upload\/Res-511-14_Prof._de_QUIMICA.pdf\"><img decoding=\"async\" loading=\"lazy\" class=\"alignnone wp-image-798\" src=\"https:\/\/ies6017-sal.infd.edu.ar\/sitio\/wp-content\/uploads\/2018\/06\/PDF-Descarga.gif\" alt=\"\" width=\"62\" height=\"57\"><\/a><\/span><\/td>\n<\/tr>\n<tr>\n<td>\n<h5>Profesorado de Educaci\u00f3n&nbsp; Secundaria en&nbsp; Inform\u00e1tica.<\/h5>\n<\/td>\n<td><span style=\"font-size: 14pt; font-family: 'andale mono', times;\"><a href=\"https:\/\/dges-sal.infd.edu.ar\/sitio\/profesorados\/upload\/Res.1168-16_Prof_Educ_Secund_en_Informatica.pdf\"><img decoding=\"async\" loading=\"lazy\" class=\"alignnone wp-image-798\" src=\"https:\/\/ies6017-sal.infd.edu.ar\/sitio\/wp-content\/uploads\/2018\/06\/PDF-Descarga.gif\" alt=\"\" width=\"62\" height=\"57\"><\/a><\/span><\/td>\n<\/tr>\n<tr>\n<td>\n<h5>Tecnicatura Superior en Electr\u00f3nica<\/h5>\n<\/td>\n<td><span style=\"font-size: 14pt; font-family: 'andale mono', times;\"><a href=\"https:\/\/dges-sal.infd.edu.ar\/sitio\/tecnicaturas\/upload\/Res._3360_T.S._Electronica.pdf\"><img decoding=\"async\" loading=\"lazy\" class=\"alignnone wp-image-798\" src=\"https:\/\/ies6017-sal.infd.edu.ar\/sitio\/wp-content\/uploads\/2018\/06\/PDF-Descarga.gif\" alt=\"\" width=\"62\" height=\"57\"><\/a><\/span><\/td>\n<\/tr>\n<tr>\n<td>\n<h5>Tecnicatura Superior Administraci\u00f3n C\/O en Inform\u00e1tica<\/h5>\n<\/td>\n<td><span style=\"font-size: 14pt; font-family: 'andale mono', times;\"><a href=\"https:\/\/dges-sal.infd.edu.ar\/sitio\/tecnicaturas\/upload\/Res._513-05_TS_en_Administracion_C-O_en_Informatica.pdf\"><img decoding=\"async\" loading=\"lazy\" class=\"alignnone wp-image-798\" src=\"https:\/\/ies6017-sal.infd.edu.ar\/sitio\/wp-content\/uploads\/2018\/06\/PDF-Descarga.gif\" alt=\"\" width=\"62\" height=\"57\"><\/a><\/span><\/td>\n<\/tr>\n<tr>\n<td>\n<h5>Tecnicatura Superior en&nbsp; Gesti\u00f3n de Recursos Humanos<\/h5>\n<\/td>\n<td><span style=\"font-size: 14pt; font-family: 'andale mono', times;\"><a href=\"https:\/\/dges-sal.infd.edu.ar\/sitio\/wp-content\/uploads\/2018\/12\/Res-8966-18.pdf\"><img decoding=\"async\" loading=\"lazy\" class=\"alignnone wp-image-798\" src=\"https:\/\/ies6017-sal.infd.edu.ar\/sitio\/wp-content\/uploads\/2018\/06\/PDF-Descarga.gif\" alt=\"\" width=\"62\" height=\"57\"><\/a><\/span><\/td>\n<\/tr>\n<tr>\n<td>\n<h5>Tecnicatura Superior en Analista en Sistemas C\/O en Redes Inform\u00e1ticas- Se encuentra en proceso de modificaci\u00f3n para la cohorte 2022.<\/h5>\n<\/td>\n<td><span style=\"font-size: 14pt; font-family: 'andale mono', times;\"><a href=\"https:\/\/dges-sal.infd.edu.ar\/sitio\/tecnicaturas\/upload\/TECSUPASIST-REDES-RES-2561-06.pdf\"><img decoding=\"async\" loading=\"lazy\" class=\"alignnone wp-image-798\" src=\"https:\/\/ies6017-sal.infd.edu.ar\/sitio\/wp-content\/uploads\/2018\/06\/PDF-Descarga.gif\" alt=\"\" width=\"62\" height=\"57\"><\/a><\/span><\/td>\n<\/tr>\n<\/tbody>\n<\/table>\n\n\n<p><\/p>\n","protected":false},"excerpt":{"rendered":"<p>Haciendo clic en el icono PDF podes descargar el Dise\u00f1o Curricular completo de la carrera. Profesorado de Educaci\u00f3n Primaria Profesorado&nbsp; de Educaci\u00f3n Secundaria en Biolog\u00eda Profesorado de Educaci\u00f3n&nbsp; Secundaria en&nbsp; Matem\u00e1tica- Incluye hasta cohorte 2021. Profesorado de Educaci\u00f3n&nbsp; Secundaria en&nbsp; Qu\u00edmica. Profesorado de Educaci\u00f3n&nbsp; Secundaria en&nbsp; Inform\u00e1tica. Tecnicatura Superior en Electr\u00f3nica Tecnicatura Superior Administraci\u00f3n C\/O &#8230; <a title=\"Dise\u00f1os Curriculares\" class=\"read-more\" href=\"https:\/\/ies6017-sal.infd.edu.ar\/sitio\/disenos-curriculares\/\" aria-label=\"More on Dise\u00f1os Curriculares\">[+]<\/a><\/p>\n","protected":false},"author":236,"featured_media":0,"parent":0,"menu_order":0,"comment_status":"closed","ping_status":"closed","template":"","meta":[],"acf":[],"_links":{"self":[{"href":"https:\/\/ies6017-sal.infd.edu.ar\/sitio\/wp-json\/wp\/v2\/pages\/938"}],"collection":[{"href":"https:\/\/ies6017-sal.infd.edu.ar\/sitio\/wp-json\/wp\/v2\/pages"}],"about":[{"href":"https:\/\/ies6017-sal.infd.edu.ar\/sitio\/wp-json\/wp\/v2\/types\/page"}],"author":[{"embeddable":true,"href":"https:\/\/ies6017-sal.infd.edu.ar\/sitio\/wp-json\/wp\/v2\/users\/236"}],"replies":[{"embeddable":true,"href":"https:\/\/ies6017-sal.infd.edu.ar\/sitio\/wp-json\/wp\/v2\/comments?post=938"}],"version-history":[{"count":15,"href":"https:\/\/ies6017-sal.infd.edu.ar\/sitio\/wp-json\/wp\/v2\/pages\/938\/revisions"}],"predecessor-version":[{"id":5680,"href":"https:\/\/ies6017-sal.infd.edu.ar\/sitio\/wp-json\/wp\/v2\/pages\/938\/revisions\/5680"}],"wp:attachment":[{"href":"https:\/\/ies6017-sal.infd.edu.ar\/sitio\/wp-json\/wp\/v2\/media?parent=938"}],"curies":[{"name":"wp","href":"https:\/\/api.w.org\/{rel}","templated":true}]}}