{"id":8852,"date":"2026-02-27T19:21:39","date_gmt":"2026-02-27T22:21:39","guid":{"rendered":"https:\/\/ies6017-sal.infd.edu.ar\/sitio\/?page_id=8852"},"modified":"2026-02-27T21:05:15","modified_gmt":"2026-02-28T00:05:15","slug":"profesorado-de-ed-sec-en-lengua-y-literatura","status":"publish","type":"page","link":"https:\/\/ies6017-sal.infd.edu.ar\/sitio\/profesorado-de-ed-sec-en-lengua-y-literatura\/","title":{"rendered":"PPROFESORADO DE EDUCACI\u00d3N SECUNDARIA EN LENGUA Y LITERATURA"},"content":{"rendered":"\n<figure class=\"wp-block-table is-style-stripes\"><table><tbody><tr><td><strong>Duraci\u00f3n de la Carrera<\/strong><\/td><td class=\"has-text-align-left\" data-align=\"left\">4 A\u00f1os<\/td><\/tr><tr><td><strong>Introducci\u00f3n<\/strong><\/td><td class=\"has-text-align-left\" data-align=\"left\">En la actualidad uno de los desaf\u00edos que presenta la Formaci\u00f3n Docente Inicial para los Profesorados de Educaci\u00f3n Secundaria es la necesidad de resignificar la profesi\u00f3n docente en el marco de las nuevas demandas del nivel y de las nuevas culturas juveniles.<\/td><\/tr><tr><td><strong>Objetivos de la Formaci\u00f3n<\/strong><\/td><td class=\"has-text-align-left\" data-align=\"left\">\u2022 Contribuir al fortalecimiento de la Educaci\u00f3n Secundaria de nuestra provincia, entendida \u00e9sta como una Unidad Pedag\u00f3gica y como un factor estrat\u00e9gico para garantizar la equidad y la inclusi\u00f3n social, a trav\u00e9s de la Formaci\u00f3n Inicial de Profesores de Educaci\u00f3n Secundaria en las diversas disciplinas.<br>\u2022 Preparar profesionales capaces de ense\u00f1ar, generar y transmitir los conocimientos y valores necesarios para la formaci\u00f3n integral de las personas, el desarrollo nacional y la construcci\u00f3n de una sociedad m\u00e1s justa.<br>\u2022 Promover a la construcci\u00f3n de una identidad docente basada en la autonom\u00eda profesional, el v\u00ednculo con la cultura y la sociedad contempor\u00e1nea, el trabajo en equipo, el compromiso con la igualdad y la confianza en las posibilidades de aprendizaje de los\/as alumnos\/as.<br>\u2022 Favorecer el an\u00e1lisis y la reflexi\u00f3n sobre las trayectorias formativas y las condiciones de construcci\u00f3n de una identidad profesional.<br>\u2022 Analizar la pr\u00e1ctica cotidiana incorporando las dimensiones siempre particulares del contexto de la pr\u00e1ctica tanto a nivel organizacional como del aula, en vistas a la mejora continua de la ense\u00f1anza en el nivel secundario.<br>\u2022 Planificar, conducir y evaluar procesos de ense\u00f1anza y aprendizaje en las \u00e1reas de Lengua, Literatura y en todos los campos de formaci\u00f3n que le competen tanto en la educaci\u00f3n formal como no formal.<br>\u2022 Generar nuevos conocimientos sobre la ense\u00f1anza de la Lengua y la Literatura desde perspectivas innovadoras y democr\u00e1ticas logrando una reflexi\u00f3n e innovaci\u00f3n permanente de la propia pr\u00e1ctica.<br>\u2022 Asesorar en lo relativo a los aspectos te\u00f3ricos y metodol\u00f3gicos concernientes a la ense\u00f1anza de la Lengua y la Literatura y \u00e1mbitos de su incumbencia en la educaci\u00f3n formal, no formal.<br>\u2022 Brindar asesoramiento pedag\u00f3gico, profesional y t\u00e9cnico a instituciones y organismos oficiales y privados en los \u00e1mbitos de su especificidad.<br><\/td><\/tr><\/tbody><\/table><figcaption class=\"wp-element-caption\"><strong><br>                                                                                                        PLAN DE ESTUDIO<\/strong><\/figcaption><\/figure>\n","protected":false},"excerpt":{"rendered":"<p>Duraci\u00f3n de la Carrera 4 A\u00f1os Introducci\u00f3n En la actualidad uno de los desaf\u00edos que presenta la Formaci\u00f3n Docente Inicial para los Profesorados de Educaci\u00f3n Secundaria es la necesidad de resignificar la profesi\u00f3n docente en el marco de las nuevas demandas del nivel y de las nuevas culturas juveniles. Objetivos de la Formaci\u00f3n \u2022 Contribuir &#8230; <a title=\"PPROFESORADO DE EDUCACI\u00d3N SECUNDARIA EN LENGUA Y LITERATURA\" class=\"read-more\" href=\"https:\/\/ies6017-sal.infd.edu.ar\/sitio\/profesorado-de-ed-sec-en-lengua-y-literatura\/\" aria-label=\"More on PPROFESORADO DE EDUCACI\u00d3N SECUNDARIA EN LENGUA Y LITERATURA\">[+]<\/a><\/p>\n","protected":false},"author":236,"featured_media":0,"parent":0,"menu_order":0,"comment_status":"closed","ping_status":"closed","template":"","meta":[],"acf":[],"_links":{"self":[{"href":"https:\/\/ies6017-sal.infd.edu.ar\/sitio\/wp-json\/wp\/v2\/pages\/8852"}],"collection":[{"href":"https:\/\/ies6017-sal.infd.edu.ar\/sitio\/wp-json\/wp\/v2\/pages"}],"about":[{"href":"https:\/\/ies6017-sal.infd.edu.ar\/sitio\/wp-json\/wp\/v2\/types\/page"}],"author":[{"embeddable":true,"href":"https:\/\/ies6017-sal.infd.edu.ar\/sitio\/wp-json\/wp\/v2\/users\/236"}],"replies":[{"embeddable":true,"href":"https:\/\/ies6017-sal.infd.edu.ar\/sitio\/wp-json\/wp\/v2\/comments?post=8852"}],"version-history":[{"count":2,"href":"https:\/\/ies6017-sal.infd.edu.ar\/sitio\/wp-json\/wp\/v2\/pages\/8852\/revisions"}],"predecessor-version":[{"id":8868,"href":"https:\/\/ies6017-sal.infd.edu.ar\/sitio\/wp-json\/wp\/v2\/pages\/8852\/revisions\/8868"}],"wp:attachment":[{"href":"https:\/\/ies6017-sal.infd.edu.ar\/sitio\/wp-json\/wp\/v2\/media?parent=8852"}],"curies":[{"name":"wp","href":"https:\/\/api.w.org\/{rel}","templated":true}]}}