{"id":860,"date":"2018-06-29T20:58:27","date_gmt":"2018-06-29T23:58:27","guid":{"rendered":"https:\/\/ies6017-sal.infd.edu.ar\/sitio\/tec-sup-en-electronica\/"},"modified":"2023-02-20T12:09:16","modified_gmt":"2023-02-20T15:09:16","slug":"tec-sup-en-electronica","status":"publish","type":"page","link":"https:\/\/ies6017-sal.infd.edu.ar\/sitio\/tec-sup-en-electronica\/","title":{"rendered":"Tec. Sup. en Electr\u00f3nica"},"content":{"rendered":"<p><img decoding=\"async\" loading=\"lazy\" class=\"size-medium wp-image-3341 aligncenter\" src=\"https:\/\/ies6017-sal.infd.edu.ar\/sitio\/wp-content\/uploads\/2021\/11\/4-1000x333.jpg\" alt=\"\" width=\"1000\" height=\"333\" srcset=\"https:\/\/ies6017-sal.infd.edu.ar\/sitio\/wp-content\/uploads\/2021\/11\/4-1000x333.jpg 1000w, https:\/\/ies6017-sal.infd.edu.ar\/sitio\/wp-content\/uploads\/2021\/11\/4-768x256.jpg 768w, https:\/\/ies6017-sal.infd.edu.ar\/sitio\/wp-content\/uploads\/2021\/11\/4-1536x512.jpg 1536w, https:\/\/ies6017-sal.infd.edu.ar\/sitio\/wp-content\/uploads\/2021\/11\/4.jpg 1800w\" sizes=\"(max-width: 1000px) 100vw, 1000px\" \/><\/p>\n<table width=\"663\">\n<tbody>\n<tr>\n<td width=\"196\"><strong>Duraci\u00f3n de la carrera<\/strong><\/td>\n<td width=\"467\">3 a\u00f1os<\/td>\n<\/tr>\n<tr>\n<td><strong>T\u00edtulo<\/strong><\/td>\n<td>T\u00e9cnico Superior en Electr\u00f3nica<\/td>\n<\/tr>\n<tr>\n<td><strong>Objetivos de Formaci\u00f3n<\/strong><\/td>\n<td style=\"text-align: justify;\" width=\"467\">*Desarrollar un conocimiento profesional sobre el campo de la Electr\u00f3nica que le permita planificar estrat\u00e9gicamente\u00a0 y responder con creatividad a las demandas cambiantes del mundo del trabajo. *Promover actitudes y h\u00e1bitos tendientes a construir individual y socialmente el conocimiento profesional a partir del trabajo compartido, la convivencia y el compromiso social del profesional en el campo de la formaci\u00f3n t\u00e9cnica espec\u00edfica. *Valorar la necesidad de la actualizaci\u00f3n permanente, de la disposici\u00f3n y de la capacidad de aprender en forma aut\u00f3noma que le permitan transmitir sus conocimientos a personas de igual o menor nivel de formaci\u00f3n t\u00e9cnica. *Potenciar su elecci\u00f3n profesional a trav\u00e9s de un permanente proceso de autoreflexi\u00f3n sobre sus aptitudes y atendiendo a las necesidades del medio socio-econ\u00f3mico-cultural al que pertenecen. *Brindar una s\u00f3lida formaci\u00f3n de fundamento en las disciplinas de soporte a la formaci\u00f3n en electr\u00f3nica. *Capacitar en el \u00e1rea de mediciones electr\u00f3nicas para poder diagnosticar las fallas de los dispositivos y equipos electr\u00f3nicos.<\/td>\n<\/tr>\n<tr>\n<td style=\"text-align: justify;\"><strong>\u00c1rea Ocupacional<\/strong><\/td>\n<td style=\"text-align: justify;\" width=\"467\">El T\u00e9cnico Superior en Electr\u00f3nica puede desempe\u00f1ar sus tareas en distintos \u00e1mbitos laborales: *Organizaciones productivas, industriales y\/o comerciales de bienes y\/o servicios, de car\u00e1cter p\u00fablico o privado. *Organizaciones empresariales y asociaciones de empleadores, de cualquier grado (C\u00e1maras sectoriales, Federaciones Econ\u00f3micas, etc.) *Organismos gubernamentales relacionados con el campo de la Electr\u00f3nica. *Organismos de estudio e investigaci\u00f3n, vinculados\u00a0 a la tem\u00e1tica\u00a0 de la profesi\u00f3n. *Centros educativos de diferentes\u00a0 niveles (secundarios y\/o terciarios), del sector p\u00fablico o privado, que lleven adelante actividades de formaci\u00f3n profesional vinculadas a temas de la especialidad.<\/td>\n<\/tr>\n<\/tbody>\n<\/table>\n<h2 style=\"text-align: center;\"><a href=\"https:\/\/ies6017-sal.infd.edu.ar\/sitio\/plan-de-estudio-2\/\" target=\"_blank\" rel=\"noopener\"><img decoding=\"async\" loading=\"lazy\" class=\"alignnone wp-image-3766\" style=\"font-size: 16px; font-weight: 400;\" src=\"https:\/\/ies6017-sal.infd.edu.ar\/sitio\/wp-content\/uploads\/2021\/12\/Plan-de-Estudio.jpg\" alt=\"\" width=\"202\" height=\"59\" \/><\/a><\/h2>\n<h2 style=\"text-align: center;\"><iframe loading=\"lazy\" title=\"YouTube video player\" src=\"https:\/\/www.youtube.com\/embed\/aAk-YO6_EAs\" width=\"560\" height=\"315\" frameborder=\"0\" allowfullscreen=\"allowfullscreen\"><\/iframe>&gt;<\/h2>\n","protected":false},"excerpt":{"rendered":"<p>Duraci\u00f3n de la carrera 3 a\u00f1os T\u00edtulo T\u00e9cnico Superior en Electr\u00f3nica Objetivos de Formaci\u00f3n *Desarrollar un conocimiento profesional sobre el campo de la Electr\u00f3nica que le permita planificar estrat\u00e9gicamente\u00a0 y responder con creatividad a las demandas cambiantes del mundo del trabajo. *Promover actitudes y h\u00e1bitos tendientes a construir individual y socialmente el conocimiento profesional a &#8230; <a title=\"Tec. Sup. en Electr\u00f3nica\" class=\"read-more\" href=\"https:\/\/ies6017-sal.infd.edu.ar\/sitio\/tec-sup-en-electronica\/\" aria-label=\"More on Tec. Sup. en Electr\u00f3nica\">[+]<\/a><\/p>\n","protected":false},"author":236,"featured_media":0,"parent":0,"menu_order":0,"comment_status":"closed","ping_status":"closed","template":"","meta":[],"acf":[],"_links":{"self":[{"href":"https:\/\/ies6017-sal.infd.edu.ar\/sitio\/wp-json\/wp\/v2\/pages\/860"}],"collection":[{"href":"https:\/\/ies6017-sal.infd.edu.ar\/sitio\/wp-json\/wp\/v2\/pages"}],"about":[{"href":"https:\/\/ies6017-sal.infd.edu.ar\/sitio\/wp-json\/wp\/v2\/types\/page"}],"author":[{"embeddable":true,"href":"https:\/\/ies6017-sal.infd.edu.ar\/sitio\/wp-json\/wp\/v2\/users\/236"}],"replies":[{"embeddable":true,"href":"https:\/\/ies6017-sal.infd.edu.ar\/sitio\/wp-json\/wp\/v2\/comments?post=860"}],"version-history":[{"count":19,"href":"https:\/\/ies6017-sal.infd.edu.ar\/sitio\/wp-json\/wp\/v2\/pages\/860\/revisions"}],"predecessor-version":[{"id":5668,"href":"https:\/\/ies6017-sal.infd.edu.ar\/sitio\/wp-json\/wp\/v2\/pages\/860\/revisions\/5668"}],"wp:attachment":[{"href":"https:\/\/ies6017-sal.infd.edu.ar\/sitio\/wp-json\/wp\/v2\/media?parent=860"}],"curies":[{"name":"wp","href":"https:\/\/api.w.org\/{rel}","templated":true}]}}