{"id":8562,"date":"2025-11-26T20:28:00","date_gmt":"2025-11-26T23:28:00","guid":{"rendered":"https:\/\/ies6017-sal.infd.edu.ar\/sitio\/?page_id=8562"},"modified":"2026-02-04T21:25:08","modified_gmt":"2026-02-05T00:25:08","slug":"exam","status":"publish","type":"page","link":"https:\/\/ies6017-sal.infd.edu.ar\/sitio\/exam\/","title":{"rendered":""},"content":{"rendered":"\n<div class=\"wp-block-cover alignfull\" style=\"min-height:120px\"><span aria-hidden=\"true\" class=\"wp-block-cover__background has-base-2-background-color has-background-dim-0 has-background-dim\"><\/span><div class=\"wp-block-cover__inner-container\">\n<h2 class=\"wp-block-heading has-text-align-center\"><img decoding=\"async\" loading=\"lazy\" width=\"674\" height=\"219\" class=\"wp-image-6637\" style=\"width: 350px;\" src=\"https:\/\/ies6017-sal.infd.edu.ar\/sitio\/wp-content\/uploads\/2023\/11\/Recurso-25.png\" alt=\"\"><\/h2>\n<\/div><\/div>\n\n\n\n<h3 class=\"wp-block-heading has-text-align-center has-contrast-2-color has-text-color\" style=\"letter-spacing:10px;text-transform:uppercase\">ex\u00e1menes<\/h3>\n\n\n\n<div style=\"height:65px\" aria-hidden=\"true\" class=\"wp-block-spacer\"><\/div>\n\n\n\n<div class=\"wp-block-columns are-vertically-aligned-center is-layout-flex wp-container-7\">\n<div class=\"wp-block-column is-vertically-aligned-center is-layout-flow\">\n<div class=\"wp-block-buttons is-content-justification-center is-layout-flex wp-container-1\">\n<div class=\"wp-block-button\"><a class=\"wp-block-button__link has-background has-text-align-center wp-element-button\" href=\"#inscripciones_exam2\" style=\"background-color:#ffffff00\"><img decoding=\"async\" loading=\"lazy\" width=\"279\" height=\"82\" class=\"wp-image-8563\" style=\"width: 200px;\" src=\"https:\/\/ies6017-sal.infd.edu.ar\/sitio\/wp-content\/uploads\/2025\/11\/Turnos-de-Exames.png\" alt=\"\"><\/a><\/div>\n<\/div>\n<\/div>\n\n\n\n<div class=\"wp-block-column is-vertically-aligned-center is-layout-flow\">\n<div class=\"wp-block-buttons is-content-justification-center is-layout-flex wp-container-3\">\n<div class=\"wp-block-button\"><a class=\"wp-block-button__link has-background has-text-align-center wp-element-button\" href=\"#turnos_exam2\" style=\"background-color:#ffffff00\"><img decoding=\"async\" loading=\"lazy\" width=\"279\" height=\"82\" class=\"wp-image-8564\" style=\"width: 200px;\" src=\"https:\/\/ies6017-sal.infd.edu.ar\/sitio\/wp-content\/uploads\/2025\/11\/Turnos-de-Exames-1-1.png\" alt=\"\"><\/a><\/div>\n<\/div>\n<\/div>\n\n\n\n<div class=\"wp-block-column is-vertically-aligned-center is-layout-flow\">\n<div class=\"wp-block-buttons is-content-justification-center is-layout-flex wp-container-5\">\n<div class=\"wp-block-button\"><a class=\"wp-block-button__link has-background has-text-align-center wp-element-button\" href=\"#vencimientos_exam2\" style=\"background-color:#94414100\"><img decoding=\"async\" loading=\"lazy\" width=\"279\" height=\"82\" class=\"wp-image-8565\" style=\"width: 200px;\" src=\"https:\/\/ies6017-sal.infd.edu.ar\/sitio\/wp-content\/uploads\/2025\/11\/Turnos-de-Exames-2-1.png\" alt=\"\"><\/a><\/div>\n<\/div>\n<\/div>\n<\/div>\n\n\n\n<div style=\"height:74px\" aria-hidden=\"true\" class=\"wp-block-spacer\"><\/div>\n\n\n\n<hr class=\"wp-block-separator has-text-color has-contrast-3-color has-alpha-channel-opacity has-contrast-3-background-color has-background\" id=\"inscripciones_exam2\"\/>\n\n\n\n<p><strong>INSCRIPCI\u00d3N A MESAS DE EX\u00c1MENES<\/strong><\/p>\n\n\n\n<figure class=\"wp-block-table is-style-stripes\"><table class=\"has-base-3-background-color has-background\"><tbody><tr><td><strong>Turnos:<\/strong> Febrero-Marzo de  2026<\/td><td><strong>Llamado: <\/strong>2\u00b0 Llamado<\/td><\/tr><tr><td><strong>Fechas de Inscripci\u00f3n: <\/strong> 11, 12 y 13  de febrero<\/td><td><strong><mark style=\"background-color:rgba(0, 0, 0, 0);color:#eb8e38\" class=\"has-inline-color\">Modalidad:<\/mark> <\/strong>Presencial<\/td><\/tr><\/tbody><\/table><\/figure>\n\n\n\n<figure class=\"wp-block-table is-style-stripes\"><table class=\"has-base-3-background-color has-background\"><tbody><tr><td><img decoding=\"async\" loading=\"lazy\" width=\"288\" height=\"246\" class=\"wp-image-8691\" style=\"width: 250px;\" src=\"https:\/\/ies6017-sal.infd.edu.ar\/sitio\/wp-content\/uploads\/2025\/12\/Polimata-1.gif\" alt=\"\"><\/td><td><strong>Para solicitar mesa de examen&nbsp; se requiere&nbsp; tener LEGAJO COMPLETO&nbsp;<\/strong>seg\u00fan lo establece el&nbsp;<a href=\"https:\/\/ies6017-sal.infd.edu.ar\/sitio\/wp-content\/uploads\/2022\/04\/R2484-13.pdf\">RAM 2484\/13<\/a>&nbsp; (Reglamento Acad\u00e9mico Marco de Alumnos<strong>),&nbsp;<\/strong>estar <strong>INSCRIPTO&nbsp;o RE-INSCRIPTO<\/strong>&nbsp;en el periodo lectivo 2025 y poseer <strong>LIBRETA DE ESTUDIOS.<\/strong> Estos son&nbsp; requisitos ineludibles para acceder a una mesa de examen.&nbsp;<\/td><\/tr><\/tbody><\/table><\/figure>\n\n\n\n<figure class=\"wp-block-table\"><table><tbody><tr><td><strong>Procedimiento para la inscripci\u00f3n presencial<\/strong><\/td><\/tr><tr><td><strong>Recuerde:<\/strong><br>Es muy importante que&nbsp; planifique sus ex\u00e1menes, completando correctamente&nbsp;<strong>&nbsp;la ficha de inscripci\u00f3n impresa<\/strong>&nbsp;porque el procedimiento administrativo solamente le permitir\u00e1 inscribirse&nbsp;<strong>una sola vez en ambas etapas y en las fechas establecidas.&nbsp;<\/strong><\/td><\/tr><\/tbody><\/table><\/figure>\n\n\n\n<hr class=\"wp-block-separator has-text-color has-contrast-3-color has-alpha-channel-opacity has-contrast-3-background-color has-background is-style-default\" id=\"turnos_exam2\"\/>\n\n\n\n<p><strong>TURNOS DE EX\u00c1MENES<\/strong><\/p>\n\n\n\n<div class=\"wp-block-columns alignfull is-layout-flex wp-container-23\">\n<div class=\"wp-block-column is-layout-flow\" style=\"flex-basis:50px\"><\/div>\n\n\n\n<div class=\"wp-block-column is-layout-flow\">\n<h3 class=\"wp-block-heading has-text-align-center has-medium-font-size\" style=\"font-style:normal;font-weight:400\"><strong><mark style=\"background-color:rgba(0, 0, 0, 0);color:#fa8102\" class=\"has-inline-color\">Profesorados<\/mark><\/strong><\/h3>\n\n\n\n<div class=\"wp-block-group has-background is-layout-flow\" style=\"background-color:#f6f6f6\"><div class=\"wp-block-group__inner-container\">\n<div class=\"wp-block-buttons is-content-justification-center is-layout-flex wp-container-9\">\n<div class=\"wp-block-button has-custom-font-size is-style-fill has-medium-font-size\"><a class=\"wp-block-button__link has-contrast-2-color has-base-3-background-color has-text-color has-background wp-element-button\" href=\"https:\/\/ies6017-sal.infd.edu.ar\/sitio\/wp-content\/uploads\/2026\/01\/Prof.-de-Educacion-Primaria.docx.pdf\" style=\"border-radius:0px\" target=\"_blank\" rel=\"noreferrer noopener\"><strong>Profesorado de Educaci\u00f3n Primaria<\/strong><\/a><\/div>\n<\/div>\n<\/div><\/div>\n\n\n\n<div class=\"wp-block-cover\" style=\"min-height:144px\"><span aria-hidden=\"true\" class=\"wp-block-cover__background has-base-3-background-color has-background-dim-100 has-background-dim\"><\/span><div class=\"wp-block-cover__inner-container\">\n<div class=\"wp-block-buttons is-content-justification-center is-layout-flex wp-container-11\">\n<div class=\"wp-block-button has-custom-font-size has-medium-font-size\"><a class=\"wp-block-button__link has-contrast-2-color has-text-color has-background wp-element-button\" href=\"https:\/\/ies6017-sal.infd.edu.ar\/sitio\/wp-content\/uploads\/2026\/01\/Prof.-Quimica.docx.pdf\" style=\"border-radius:0px;background-color:#f6f6f6\" target=\"_blank\" rel=\"noreferrer noopener\"><strong>Profesorado de Educaci\u00f3n Secundaria en Qu\u00edmica<\/strong><\/a><\/div>\n<\/div>\n<\/div><\/div>\n\n\n\n<div class=\"wp-block-cover is-light\" style=\"min-height:144px\"><span aria-hidden=\"true\" class=\"wp-block-cover__background has-background-dim-100 has-background-dim\" style=\"background-color:#f6f6f6\"><\/span><div class=\"wp-block-cover__inner-container\">\n<div class=\"wp-block-buttons is-content-justification-center is-layout-flex wp-container-12\">\n<div class=\"wp-block-button has-custom-font-size is-style-fill has-medium-font-size\"><a class=\"wp-block-button__link has-contrast-2-color has-base-3-background-color has-text-color has-background wp-element-button\" href=\"https:\/\/ies6017-sal.infd.edu.ar\/sitio\/wp-content\/uploads\/2026\/01\/Prof.-En-Informatica.docx.pdf\" style=\"border-radius:0px\" target=\"_blank\" rel=\"noreferrer noopener\"><strong>Profesorado de Educaci\u00f3n Secundaria en Inform\u00e1tica<\/strong><\/a><\/div>\n<\/div>\n<\/div><\/div>\n\n\n\n<div class=\"wp-block-cover\" style=\"min-height:144px\"><span aria-hidden=\"true\" class=\"wp-block-cover__background has-base-3-background-color has-background-dim-100 has-background-dim\"><\/span><div class=\"wp-block-cover__inner-container\">\n<div class=\"wp-block-buttons is-content-justification-center is-layout-flex wp-container-13\">\n<div class=\"wp-block-button has-custom-font-size has-medium-font-size\"><a class=\"wp-block-button__link has-contrast-2-color has-text-color has-background wp-element-button\" href=\"https:\/\/ies6017-sal.infd.edu.ar\/sitio\/wp-content\/uploads\/2026\/01\/Prof.-En-Nivel-Inicial.docx.pdf\" style=\"border-radius:0px;background-color:#f6f6f6\" target=\"_blank\" rel=\"noreferrer noopener\"><strong>Profesorado de Educaci\u00f3n Inicial<\/strong><\/a><\/div>\n<\/div>\n<\/div><\/div>\n\n\n\n<div class=\"wp-block-cover is-light\" style=\"min-height:144px\"><span aria-hidden=\"true\" class=\"wp-block-cover__background has-background-dim-100 has-background-dim\" style=\"background-color:#f6f6f6\"><\/span><div class=\"wp-block-cover__inner-container\">\n<div class=\"wp-block-buttons is-content-justification-center is-layout-flex wp-container-14\">\n<div class=\"wp-block-button has-custom-font-size has-medium-font-size\"><a class=\"wp-block-button__link has-contrast-2-color has-base-3-background-color has-text-color has-background wp-element-button\" href=\"https:\/\/ies6017-sal.infd.edu.ar\/sitio\/wp-content\/uploads\/2026\/01\/Prof.-En-Biologia.docx.pdf\" style=\"border-radius:0px\"><strong>Profesorado de Educaci\u00f3n Secundaria en Biolog\u00eda<\/strong><\/a><\/div>\n<\/div>\n<\/div><\/div>\n\n\n\n<p><\/p>\n<\/div>\n\n\n\n<div class=\"wp-block-column is-layout-flow\">\n<h3 class=\"wp-block-heading has-text-align-center has-medium-font-size\" style=\"font-style:normal;font-weight:400\"><strong><mark style=\"background-color:rgba(0, 0, 0, 0);color:#ff8b00\" class=\"has-inline-color\">Tecnicaturas<\/mark><\/strong><\/h3>\n\n\n\n<div class=\"wp-block-cover is-light\" style=\"min-height:144px\"><span aria-hidden=\"true\" class=\"wp-block-cover__background has-background-dim-100 has-background-dim\" style=\"background-color:#f6f6f6\"><\/span><div class=\"wp-block-cover__inner-container\">\n<div class=\"wp-block-buttons is-content-justification-center is-layout-flex wp-container-16\">\n<div class=\"wp-block-button has-custom-font-size is-style-fill has-medium-font-size\"><a class=\"wp-block-button__link has-contrast-2-color has-base-3-background-color has-text-color has-background wp-element-button\" href=\"https:\/\/ies6017-sal.infd.edu.ar\/sitio\/wp-content\/uploads\/2026\/01\/Tecnicatura-Analista.docx.pdf\" style=\"border-radius:0px\" target=\"_blank\" rel=\"noreferrer noopener\"><strong>Tecnicatura Superior en An\u00e1lisis de Sistemas y Desarrollo de Software<\/strong><\/a><\/div>\n<\/div>\n<\/div><\/div>\n\n\n\n<div class=\"wp-block-cover\" style=\"min-height:144px\"><span aria-hidden=\"true\" class=\"wp-block-cover__background has-base-3-background-color has-background-dim-100 has-background-dim\"><\/span><div class=\"wp-block-cover__inner-container\">\n<div class=\"wp-block-buttons is-content-justification-center is-layout-flex wp-container-17\">\n<div class=\"wp-block-button has-custom-font-size has-medium-font-size\"><a class=\"wp-block-button__link has-contrast-2-color has-text-color has-background wp-element-button\" href=\"https:\/\/ies6017-sal.infd.edu.ar\/sitio\/wp-content\/uploads\/2026\/01\/Tec.-En-Laboratorio.docx.pdf\" style=\"border-radius:0px;background-color:#f6f6f6\" target=\"_blank\" rel=\"noreferrer noopener\"><strong>Tecnicatura Superior en Laboratorio<\/strong><\/a><\/div>\n<\/div>\n<\/div><\/div>\n\n\n\n<div class=\"wp-block-cover is-light\" style=\"min-height:144px\"><span aria-hidden=\"true\" class=\"wp-block-cover__background has-background-dim-100 has-background-dim\" style=\"background-color:#f6f6f6\"><\/span><div class=\"wp-block-cover__inner-container\">\n<div class=\"wp-block-buttons is-content-justification-center is-layout-flex wp-container-18\">\n<div class=\"wp-block-button has-custom-font-size has-medium-font-size\"><a class=\"wp-block-button__link has-contrast-2-color has-base-3-background-color has-text-color has-background wp-element-button\" href=\"https:\/\/ies6017-sal.infd.edu.ar\/sitio\/wp-content\/uploads\/2026\/01\/Tec.-En-Marketing-Digital.docx.pdf\" style=\"border-radius:0px\" target=\"_blank\" rel=\"noreferrer noopener\"><strong>Tecnicatura Superior en Marketing Digital<\/strong> <strong>(Anexo Campo Santo)<\/strong><\/a><\/div>\n<\/div>\n<\/div><\/div>\n\n\n\n<div class=\"wp-block-cover\" style=\"min-height:144px\"><span aria-hidden=\"true\" class=\"wp-block-cover__background has-base-3-background-color has-background-dim-100 has-background-dim\"><\/span><div class=\"wp-block-cover__inner-container\">\n<div class=\"wp-block-buttons is-content-justification-center is-layout-flex wp-container-19\">\n<div class=\"wp-block-button has-custom-font-size has-medium-font-size\"><a class=\"wp-block-button__link has-contrast-2-color has-text-color has-background wp-element-button\" href=\"https:\/\/ies6017-sal.infd.edu.ar\/sitio\/wp-content\/uploads\/2026\/01\/Tec.-en-Electronica.docx.pdf\" style=\"border-radius:0px;background-color:#f6f6f6\" target=\"_blank\" rel=\"noreferrer noopener\"><strong>Tecnicatura Superior en Electr\u00f3nica<\/strong><\/a><\/div>\n<\/div>\n<\/div><\/div>\n\n\n\n<div class=\"wp-block-cover is-light\" style=\"min-height:144px\"><span aria-hidden=\"true\" class=\"wp-block-cover__background has-background-dim-100 has-background-dim\" style=\"background-color:#f6f6f6\"><\/span><div class=\"wp-block-cover__inner-container\">\n<div class=\"wp-block-buttons is-content-justification-center is-layout-flex wp-container-20\">\n<div class=\"wp-block-button has-custom-font-size has-medium-font-size\"><a class=\"wp-block-button__link has-contrast-2-color has-base-3-background-color has-text-color has-background wp-element-button\" href=\"https:\/\/ies6017-sal.infd.edu.ar\/sitio\/wp-content\/uploads\/2026\/01\/Tec.-Gestion-Rec.-Humanos.docx.pdf\" style=\"border-radius:0px\" target=\"_blank\" rel=\"noreferrer noopener\"><strong>Tecni<\/strong>c<strong>atura Superior en Gesti\u00f3n de Recursos Humanos (Anexo Campo Santo)<\/strong><\/a><\/div>\n<\/div>\n<\/div><\/div>\n<\/div>\n\n\n\n<div class=\"wp-block-column is-layout-flow\" style=\"flex-basis:50px\"><\/div>\n<\/div>\n\n\n\n<hr class=\"wp-block-separator has-text-color has-contrast-3-color has-alpha-channel-opacity has-contrast-3-background-color has-background\" id=\"vencimientos_exam2\"\/>\n\n\n\n<p><strong>FECHAS DE VENCIMIENTOS DE EX\u00c1MENES<\/strong> <\/p>\n\n\n\n<p class=\"has-text-align-center\"><a href=\"https:\/\/ies6017-sal.infd.edu.ar\/sitio\/wp-content\/uploads\/2026\/01\/FECHAS-DE-VENCIMIENTOS-DE-EXAMENES-FEBRERO-MARZO-2026.pdf\" target=\"_blank\" rel=\"noreferrer noopener\"><img decoding=\"async\" loading=\"lazy\" width=\"972\" height=\"972\" class=\"wp-image-8754\" style=\"width: 150px;\" src=\"https:\/\/ies6017-sal.infd.edu.ar\/sitio\/wp-content\/uploads\/2025\/12\/Turnos-de-Exames-6.png\" alt=\"\" srcset=\"https:\/\/ies6017-sal.infd.edu.ar\/sitio\/wp-content\/uploads\/2025\/12\/Turnos-de-Exames-6.png 972w, https:\/\/ies6017-sal.infd.edu.ar\/sitio\/wp-content\/uploads\/2025\/12\/Turnos-de-Exames-6-500x500.png 500w, https:\/\/ies6017-sal.infd.edu.ar\/sitio\/wp-content\/uploads\/2025\/12\/Turnos-de-Exames-6-768x768.png 768w\" sizes=\"(max-width: 972px) 100vw, 972px\" \/><\/a><\/p>\n\n\n\n<p class=\"has-text-align-center\">Descargar documento <\/p>\n","protected":false},"excerpt":{"rendered":"<p>ex\u00e1menes INSCRIPCI\u00d3N A MESAS DE EX\u00c1MENES Turnos: Febrero-Marzo de 2026 Llamado: 2\u00b0 Llamado Fechas de Inscripci\u00f3n: 11, 12 y 13 de febrero Modalidad: Presencial Para solicitar mesa de examen&nbsp; se requiere&nbsp; tener LEGAJO COMPLETO&nbsp;seg\u00fan lo establece el&nbsp;RAM 2484\/13&nbsp; (Reglamento Acad\u00e9mico Marco de Alumnos),&nbsp;estar INSCRIPTO&nbsp;o RE-INSCRIPTO&nbsp;en el periodo lectivo 2025 y poseer LIBRETA DE ESTUDIOS. Estos &#8230; <a title=\"\" class=\"read-more\" href=\"https:\/\/ies6017-sal.infd.edu.ar\/sitio\/exam\/\" aria-label=\"More on \">[+]<\/a><\/p>\n","protected":false},"author":3682,"featured_media":0,"parent":0,"menu_order":0,"comment_status":"closed","ping_status":"closed","template":"","meta":[],"acf":[],"_links":{"self":[{"href":"https:\/\/ies6017-sal.infd.edu.ar\/sitio\/wp-json\/wp\/v2\/pages\/8562"}],"collection":[{"href":"https:\/\/ies6017-sal.infd.edu.ar\/sitio\/wp-json\/wp\/v2\/pages"}],"about":[{"href":"https:\/\/ies6017-sal.infd.edu.ar\/sitio\/wp-json\/wp\/v2\/types\/page"}],"author":[{"embeddable":true,"href":"https:\/\/ies6017-sal.infd.edu.ar\/sitio\/wp-json\/wp\/v2\/users\/3682"}],"replies":[{"embeddable":true,"href":"https:\/\/ies6017-sal.infd.edu.ar\/sitio\/wp-json\/wp\/v2\/comments?post=8562"}],"version-history":[{"count":28,"href":"https:\/\/ies6017-sal.infd.edu.ar\/sitio\/wp-json\/wp\/v2\/pages\/8562\/revisions"}],"predecessor-version":[{"id":8850,"href":"https:\/\/ies6017-sal.infd.edu.ar\/sitio\/wp-json\/wp\/v2\/pages\/8562\/revisions\/8850"}],"wp:attachment":[{"href":"https:\/\/ies6017-sal.infd.edu.ar\/sitio\/wp-json\/wp\/v2\/media?parent=8562"}],"curies":[{"name":"wp","href":"https:\/\/api.w.org\/{rel}","templated":true}]}}