{"id":7864,"date":"2024-09-03T21:39:15","date_gmt":"2024-09-04T00:39:15","guid":{"rendered":"https:\/\/ies6017-sal.infd.edu.ar\/sitio\/?page_id=7864"},"modified":"2024-09-03T21:44:15","modified_gmt":"2024-09-04T00:44:15","slug":"tec-marketing","status":"publish","type":"page","link":"https:\/\/ies6017-sal.infd.edu.ar\/sitio\/tec-marketing\/","title":{"rendered":"Tec. Sup. en Marketing Digital"},"content":{"rendered":"\n<p class=\"has-text-align-center\"><img decoding=\"async\" style=\"width: 350px;\" src=\"https:\/\/ies6017-sal.infd.edu.ar\/sitio\/wp-content\/uploads\/2023\/11\/Recurso-25.png\" alt=\"\"><\/p>\n\n\n\n<h2 class=\"wp-block-heading has-text-align-center\" style=\"letter-spacing:10px;text-transform:uppercase\">Tecnicatura Superior en Marketing Digital<\/h2>\n\n\n\n<figure class=\"wp-block-table is-style-stripes\"><table><tbody><tr><td><strong>Duraci\u00f3n de la Carrera<\/strong><\/td><td class=\"has-text-align-left\" data-align=\"left\">2 y 1\/2 a\u00f1os<\/td><\/tr><tr><td><strong>Introducci\u00f3n<\/strong><\/td><td class=\"has-text-align-left\" data-align=\"left\">En el contexto actual, el marketing digital se ha consolidado como una disciplina fundamental para el \u00e9xito empresarial en un mundo cada vez m\u00e1s conectado y competitivo. La transformaci\u00f3n digital ha modificado radicalmente las estrategias de comunicaci\u00f3n y comercializaci\u00f3n, exigiendo nuevas habilidades y conocimientos especializados. La propuesta formativa de la carrera est\u00e1 dise\u00f1ada para enfrentar los desaf\u00edos del entorno digital, combinando fundamentos te\u00f3ricos con habilidades pr\u00e1cticas. Los estudiantes adquirir\u00e1n conocimientos profundos sobre estrategias de marketing, herramientas digitales y an\u00e1lisis de datos, preparados para innovar y liderar en un campo que evoluciona r\u00e1pidamente.<br>La Tecnicatura Superior en Marketing Digital del Instituto de Ense\u00f1anza Superior N\u00b0 6017 Prof. Amadeo R. Sirolli responde a una demanda creciente en el mercado laboral, capacitando a los futuros profesionales para afrontar con \u00e9xito los retos y oportunidades del marketing en la era digital.<\/td><\/tr><tr><td><strong>Objetivos de la Formaci\u00f3n<\/strong><\/td><td class=\"has-text-align-left\" data-align=\"left\">Desarrollar competencias t\u00e9cnicas y estrat\u00e9gicas para capacitar a los estudiantes en el dise\u00f1o y ejecuci\u00f3n de estrategias de marketing digital, abarcando desde la creaci\u00f3n de campa\u00f1as publicitarias hasta la gesti\u00f3n de redes sociales y an\u00e1lisis de resultados.<br><br>Promover que los estudiantes puedan adaptarse a los cambios constantes en el marketing digital y fomentar su capacidad para innovar y aplicar nuevas t\u00e9cnicas y estrategias.<br><br>Desarrollar habilidades comunicacionales y creativas fortaleciendo las habilidades de comunicaci\u00f3n y creatividad necesarias para la creaci\u00f3n de contenidos y la gesti\u00f3n de campa\u00f1as que capturen la atenci\u00f3n del p\u00fablico objetivo.<br><br>Facilitar la inserci\u00f3n laboral y la gesti\u00f3n del emprendimiento de modo que los estudiantes puedan insertarse exitosamente en el mercado laboral o desarrollar sus propias iniciativas empresariales en el \u00e1mbito digital.<\/td><\/tr><\/tbody><\/table><\/figure>\n\n\n\n<div class=\"wp-block-cover is-light\" style=\"min-height:144px\"><span aria-hidden=\"true\" class=\"wp-block-cover__background has-background-dim-100 has-background-dim\" style=\"background-color:#eb5b28\"><\/span><div class=\"wp-block-cover__inner-container\">\n<div class=\"wp-block-buttons is-content-justification-center is-layout-flex wp-container-1\">\n<div class=\"wp-block-button has-custom-font-size is-style-fill has-medium-font-size\"><a class=\"wp-block-button__link has-background wp-element-button\" href=\"https:\/\/ies6017-sal.infd.edu.ar\/sitio\/wp-content\/uploads\/2024\/09\/PLAN-DE-ESTUDIO-MARKETING-DIGITAL-2024.pptx\" style=\"background-color:#eb5b28\" target=\"_blank\" rel=\"noreferrer noopener\"><strong>PLAN DE ESTUDIO<\/strong><\/a><\/div>\n<\/div>\n<\/div><\/div>\n","protected":false},"excerpt":{"rendered":"<p>Tecnicatura Superior en Marketing Digital Duraci\u00f3n de la Carrera 2 y 1\/2 a\u00f1os Introducci\u00f3n En el contexto actual, el marketing digital se ha consolidado como una disciplina fundamental para el \u00e9xito empresarial en un mundo cada vez m\u00e1s conectado y competitivo. La transformaci\u00f3n digital ha modificado radicalmente las estrategias de comunicaci\u00f3n y comercializaci\u00f3n, exigiendo nuevas &#8230; <a title=\"Tec. Sup. en Marketing Digital\" class=\"read-more\" href=\"https:\/\/ies6017-sal.infd.edu.ar\/sitio\/tec-marketing\/\" aria-label=\"More on Tec. Sup. en Marketing Digital\">[+]<\/a><\/p>\n","protected":false},"author":3682,"featured_media":0,"parent":0,"menu_order":0,"comment_status":"closed","ping_status":"closed","template":"","meta":[],"acf":[],"_links":{"self":[{"href":"https:\/\/ies6017-sal.infd.edu.ar\/sitio\/wp-json\/wp\/v2\/pages\/7864"}],"collection":[{"href":"https:\/\/ies6017-sal.infd.edu.ar\/sitio\/wp-json\/wp\/v2\/pages"}],"about":[{"href":"https:\/\/ies6017-sal.infd.edu.ar\/sitio\/wp-json\/wp\/v2\/types\/page"}],"author":[{"embeddable":true,"href":"https:\/\/ies6017-sal.infd.edu.ar\/sitio\/wp-json\/wp\/v2\/users\/3682"}],"replies":[{"embeddable":true,"href":"https:\/\/ies6017-sal.infd.edu.ar\/sitio\/wp-json\/wp\/v2\/comments?post=7864"}],"version-history":[{"count":2,"href":"https:\/\/ies6017-sal.infd.edu.ar\/sitio\/wp-json\/wp\/v2\/pages\/7864\/revisions"}],"predecessor-version":[{"id":7869,"href":"https:\/\/ies6017-sal.infd.edu.ar\/sitio\/wp-json\/wp\/v2\/pages\/7864\/revisions\/7869"}],"wp:attachment":[{"href":"https:\/\/ies6017-sal.infd.edu.ar\/sitio\/wp-json\/wp\/v2\/media?parent=7864"}],"curies":[{"name":"wp","href":"https:\/\/api.w.org\/{rel}","templated":true}]}}