{"id":7426,"date":"2024-01-24T11:51:20","date_gmt":"2024-01-24T14:51:20","guid":{"rendered":"https:\/\/ies6017-sal.infd.edu.ar\/sitio\/?page_id=7426"},"modified":"2024-01-27T11:20:17","modified_gmt":"2024-01-27T14:20:17","slug":"tecnicatura-sup-en-electronica","status":"publish","type":"page","link":"https:\/\/ies6017-sal.infd.edu.ar\/sitio\/tecnicatura-sup-en-electronica\/","title":{"rendered":"Tecnicatura Sup. en Electr\u00f3nica"},"content":{"rendered":"\n<div class=\"wp-block-cover alignfull\" style=\"min-height:120px\"><span aria-hidden=\"true\" class=\"wp-block-cover__background has-base-2-background-color has-background-dim-0 has-background-dim\"><\/span><div class=\"wp-block-cover__inner-container\">\n<h2 class=\"wp-block-heading has-text-align-center\"><img decoding=\"async\" loading=\"lazy\" width=\"674\" height=\"219\" class=\"wp-image-6637\" style=\"width: 350px;\" src=\"https:\/\/ies6017-sal.infd.edu.ar\/sitio\/wp-content\/uploads\/2023\/11\/Recurso-25.png\" alt=\"\"><\/h2>\n<\/div><\/div>\n\n\n\n<h2 class=\"wp-block-heading has-text-align-center has-contrast-2-color has-text-color\" style=\"letter-spacing:10px;text-transform:uppercase\">TECNICATURA SUPERIOR EN ELECTR\u00d3NICA<\/h2>\n\n\n\n<div style=\"height:25px\" aria-hidden=\"true\" class=\"wp-block-spacer\"><\/div>\n\n\n\n<figure class=\"wp-block-table is-style-stripes\"><table><tbody><tr><td><strong>Duraci\u00f3n de la Carrera<\/strong><\/td><td>3 A\u00f1os<\/td><\/tr><tr><td><strong>Objetivos de la Formaci\u00f3n<\/strong><\/td><td style=\"text-align: justify;\">Desarrollar un conocimiento profesional sobre el campo de la Electr\u00f3nica que le permita planificar estrat\u00e9gicamente\u00a0 y responder con creatividad a las demandas cambiantes del mundo del trabajo.<br><\/br>*Promover actitudes y h\u00e1bitos tendientes a construir individual y socialmente el conocimiento profesional a partir del trabajo compartido, la convivencia y el compromiso social del profesional en el campo de la formaci\u00f3n t\u00e9cnica espec\u00edfica.<br><\/br>*Valorar la necesidad de la actualizaci\u00f3n permanente, de la disposici\u00f3n y de la capacidad de aprender en forma aut\u00f3noma que le permitan transmitir sus conocimientos a personas de igual o menor nivel de formaci\u00f3n t\u00e9cnica.<br><\/br>*Potenciar su elecci\u00f3n profesional a trav\u00e9s de un permanente proceso de autoreflexi\u00f3n sobre sus aptitudes y atendiendo a las necesidades del medio socio-econ\u00f3mico-cultural al que pertenecen.<br><\/br>*Brindar una s\u00f3lida formaci\u00f3n de fundamento en las disciplinas de soporte a la formaci\u00f3n en electr\u00f3nica.<br><\/br>*Capacitar en el \u00e1rea de mediciones electr\u00f3nicas para poder diagnosticar las fallas de los dispositivos y equipos electr\u00f3nicos.<\/td><\/tr><tr><td><strong>\u00c1rea Ocupacional<\/strong><\/td><td style=\"text-align: justify;\">El T\u00e9cnico Superior en Electr\u00f3nica puede desempe\u00f1ar sus tareas en distintos \u00e1mbitos laborales:<br><\/br>*Organizaciones productivas, industriales y\/o comerciales de bienes y\/o servicios, de car\u00e1cter p\u00fablico o privado.<br><\/br>*Organizaciones empresariales y asociaciones de empleadores, de cualquier grado (C\u00e1maras sectoriales, Federaciones Econ\u00f3micas, etc.)<br><\/br>*Organismos gubernamentales relacionados con el campo de la Electr\u00f3nica.<br><\/br>*Organismos de estudio e investigaci\u00f3n, vinculados\u00a0 a la tem\u00e1tica\u00a0 de la profesi\u00f3n.<br><\/br>*Centros educativos de diferentes\u00a0 niveles (secundarios y\/o terciarios), del sector p\u00fablico o privado, que lleven adelante actividades de formaci\u00f3n profesional vinculadas a temas de la especialidad.<\/td><\/tr><\/tbody><\/table><\/figure>\n\n\n\n<div class=\"wp-block-cover is-light\" style=\"min-height:144px\"><span aria-hidden=\"true\" class=\"wp-block-cover__background has-background-dim-100 has-background-dim\" style=\"background-color:#eb5b28\"><\/span><div class=\"wp-block-cover__inner-container\">\n<div class=\"wp-block-buttons is-content-justification-center is-layout-flex wp-container-1\">\n<div class=\"wp-block-button has-custom-font-size is-style-fill has-medium-font-size\"><a class=\"wp-block-button__link has-background wp-element-button\" href=\"https:\/\/ies6017-sal.infd.edu.ar\/sitio\/plan-de-estudio-2\/\" style=\"background-color:#eb5b28\" target=\"_blank\" rel=\"noreferrer noopener\"><strong>PLAN DE ESTUDIO<\/strong><\/a><\/div>\n<\/div>\n<\/div><\/div>\n\n\n\n<h2 style=\"text-align: center;\"><iframe loading=\"lazy\" title=\"YouTube video player\" src=\"https:\/\/www.youtube.com\/embed\/aAk-YO6_EAs\" width=\"560\" height=\"315\" frameborder=\"0\" allowfullscreen=\"allowfullscreen\"><\/iframe><\/h2>\n","protected":false},"excerpt":{"rendered":"<p>TECNICATURA SUPERIOR EN ELECTR\u00d3NICA Duraci\u00f3n de la Carrera 3 A\u00f1os Objetivos de la Formaci\u00f3n Desarrollar un conocimiento profesional sobre el campo de la Electr\u00f3nica que le permita planificar estrat\u00e9gicamente\u00a0 y responder con creatividad a las demandas cambiantes del mundo del trabajo.*Promover actitudes y h\u00e1bitos tendientes a construir individual y socialmente el conocimiento profesional a partir &#8230; <a title=\"Tecnicatura Sup. en Electr\u00f3nica\" class=\"read-more\" href=\"https:\/\/ies6017-sal.infd.edu.ar\/sitio\/tecnicatura-sup-en-electronica\/\" aria-label=\"More on Tecnicatura Sup. en Electr\u00f3nica\">[+]<\/a><\/p>\n","protected":false},"author":3120,"featured_media":0,"parent":0,"menu_order":0,"comment_status":"closed","ping_status":"closed","template":"","meta":[],"acf":[],"_links":{"self":[{"href":"https:\/\/ies6017-sal.infd.edu.ar\/sitio\/wp-json\/wp\/v2\/pages\/7426"}],"collection":[{"href":"https:\/\/ies6017-sal.infd.edu.ar\/sitio\/wp-json\/wp\/v2\/pages"}],"about":[{"href":"https:\/\/ies6017-sal.infd.edu.ar\/sitio\/wp-json\/wp\/v2\/types\/page"}],"author":[{"embeddable":true,"href":"https:\/\/ies6017-sal.infd.edu.ar\/sitio\/wp-json\/wp\/v2\/users\/3120"}],"replies":[{"embeddable":true,"href":"https:\/\/ies6017-sal.infd.edu.ar\/sitio\/wp-json\/wp\/v2\/comments?post=7426"}],"version-history":[{"count":2,"href":"https:\/\/ies6017-sal.infd.edu.ar\/sitio\/wp-json\/wp\/v2\/pages\/7426\/revisions"}],"predecessor-version":[{"id":7478,"href":"https:\/\/ies6017-sal.infd.edu.ar\/sitio\/wp-json\/wp\/v2\/pages\/7426\/revisions\/7478"}],"wp:attachment":[{"href":"https:\/\/ies6017-sal.infd.edu.ar\/sitio\/wp-json\/wp\/v2\/media?parent=7426"}],"curies":[{"name":"wp","href":"https:\/\/api.w.org\/{rel}","templated":true}]}}