{"id":7407,"date":"2024-01-23T22:33:08","date_gmt":"2024-01-24T01:33:08","guid":{"rendered":"https:\/\/ies6017-sal.infd.edu.ar\/sitio\/?page_id=7407"},"modified":"2024-10-26T20:44:08","modified_gmt":"2024-10-26T23:44:08","slug":"profesorado-de-ed-sec-en-informatica","status":"publish","type":"page","link":"https:\/\/ies6017-sal.infd.edu.ar\/sitio\/profesorado-de-ed-sec-en-informatica\/","title":{"rendered":"Profesorado de Ed. Sec en Inform\u00e1tica"},"content":{"rendered":"\n<div class=\"wp-block-cover alignfull\" style=\"min-height:120px\"><span aria-hidden=\"true\" class=\"wp-block-cover__background has-base-2-background-color has-background-dim-0 has-background-dim\"><\/span><div class=\"wp-block-cover__inner-container\">\n<h2 class=\"wp-block-heading has-text-align-center\"><img decoding=\"async\" loading=\"lazy\" width=\"674\" height=\"219\" class=\"wp-image-6637\" style=\"width: 350px;\" src=\"https:\/\/ies6017-sal.infd.edu.ar\/sitio\/wp-content\/uploads\/2023\/11\/Recurso-25.png\" alt=\"\"><\/h2>\n<\/div><\/div>\n\n\n\n<h2 class=\"wp-block-heading has-text-align-center has-contrast-2-color has-text-color\" style=\"letter-spacing:10px;text-transform:uppercase\">PROFESORADO DE EDUCACI\u00d3N SECUNDARIA EN INFORM\u00c1TICA<\/h2>\n\n\n\n<div style=\"height:25px\" aria-hidden=\"true\" class=\"wp-block-spacer\"><\/div>\n\n\n\n<figure class=\"wp-block-table is-style-stripes\"><table><tbody><tr><td><strong>Duraci\u00f3n de la Carrera<\/strong><\/td><td>4 A\u00f1os<\/td><\/tr><tr><td><strong>Introducci\u00f3n<\/strong><\/td><td style=\"text-align: justify;\">En la actualidad, la mayor\u00eda de los maestros y profesores de inform\u00e1tica en nuestras Escuelas son T\u00e9cnicos o Profesionales de probada idoneidad en el \u00e1rea, pero carentes del sustrato pedag\u00f3gico-did\u00e1ctico para establecer la interacci\u00f3n \u00e1ulica en el proceso ense\u00f1anza-aprendizaje. La formaci\u00f3n de Profesores en este perfil, indudablemente, actualizar\u00e1 las herramientas que proporciona la Internet en nuestras escuelas, incluyendo espacios espec\u00edficamente dise\u00f1ados para trabajar, comprender y adaptarse a la rapidez de sus cambios con eficiencia e idoneidad.<\/td><\/tr><tr><td><strong>Objetivos de la Formaci\u00f3n<\/strong><\/td><td style=\"text-align: justify;\">Se aspira a formar un\/a profesor\/a para la Educaci\u00f3n Secundaria que sea un profesional comprometido con la disciplina y su ense\u00f1anza, mediador intercultural, animador de una comunidad educativa, promotor del respeto a la vida y a la ley en una sociedad democr\u00e1tica y que, desde una comprensi\u00f3n real de la disciplina, logre contribuir a formar ciudadanos cient\u00edficamente alfabetizados.<br><\/br>\n\nFormar un docente con la capacidad de:<br><\/br>\n\n\n\u2022Elaborar y ejecutar pr\u00e1cticas educativas en inform\u00e1tica que sean pertinentes y acordes con la heterogeneidad de los sujetos y sus contextos, siendo capaz de desempe\u00f1ar sus tareas en realidades diversas (espacios urbanos, suburbanos o rurales), demostrando atenci\u00f3n y respeto por la diversidad de caracter\u00edsticas y condiciones relacionadas con el idioma, las formas de vida de la familia, los patrones de crianza y el entorno comunitario.<br><\/br>\n\u2022Reflexionar acerca de las estrategias de ense\u00f1anza y los proceses de aprendizaje de la Inform\u00e1tica.<br><\/br>\n\u2022Valorar la investigaci\u00f3n sobre la pr\u00e1ctica docente, como fuente de conocimiento y aprendizaje que permite renovar la mirada sobre el saber escolar y el v\u00ednculo con las necesidades e intereses de los j\u00f3venes en el \u00e1mbito de la Inform\u00e1tica.<br><\/br>\n\u2022Garantizar el conocimiento disciplinar y did\u00e1ctico necesarios para incidir en el mundo inform\u00e1tico, donde nada est\u00e1 ausente, acorde a las posibilidades de los sujetos de aprendizaje del Nivel Secundario en sus distintas modalidades. Tambi\u00e9n posibilitar la aplicaci\u00f3n de sus conocimientos a otros \u00e1mbitos institucionales estatales y\/o privados.<\/td><\/tr><\/tbody><\/table><\/figure>\n\n\n\n<div class=\"wp-block-cover is-light\" style=\"min-height:144px\"><span aria-hidden=\"true\" class=\"wp-block-cover__background has-background-dim-100 has-background-dim\" style=\"background-color:#eb5b28\"><\/span><div class=\"wp-block-cover__inner-container\">\n<div class=\"wp-block-buttons is-content-justification-center is-layout-flex wp-container-1\">\n<div class=\"wp-block-button has-custom-font-size is-style-fill has-medium-font-size\"><a class=\"wp-block-button__link has-background wp-element-button\" href=\"https:\/\/ies6017-sal.infd.edu.ar\/sitio\/plan-de-estudio\/\" style=\"background-color:#eb5b28\" target=\"_blank\" rel=\"noreferrer noopener\"><strong>PLAN DE ESTUDIO<\/strong><\/a><\/div>\n<\/div>\n<\/div><\/div>\n\n\n\n<div class=\"wp-block-cover is-light\" style=\"min-height:144px\"><span aria-hidden=\"true\" class=\"wp-block-cover__background has-background-dim-100 has-background-dim\" style=\"background-color:#e29f4b\"><\/span><div class=\"wp-block-cover__inner-container\">\n<div class=\"wp-block-buttons is-content-justification-center is-layout-flex wp-container-2\">\n<div class=\"wp-block-button has-custom-font-size is-style-fill has-medium-font-size\"><a class=\"wp-block-button__link has-background wp-element-button\" href=\"https:\/\/ies6017-sal.infd.edu.ar\/sitio\/wp-content\/uploads\/2024\/10\/Plan-de-correlatividades-Informatica.pdf\" style=\"background-color:#e29f4b\" target=\"_blank\" rel=\"noreferrer noopener\"><strong>CORRELATIVIDADES<\/strong><\/a><\/div>\n<\/div>\n<\/div><\/div>\n\n\n\n<h2 style=\"text-align: center;\"><iframe loading=\"lazy\" title=\"YouTube video player\" src=\"https:\/\/www.youtube.com\/embed\/b-cBHCIOoXo\" width=\"560\" height=\"315\" frameborder=\"0\" allowfullscreen=\"allowfullscreen\"><\/iframe><\/h2>\n","protected":false},"excerpt":{"rendered":"<p>PROFESORADO DE EDUCACI\u00d3N SECUNDARIA EN INFORM\u00c1TICA Duraci\u00f3n de la Carrera 4 A\u00f1os Introducci\u00f3n En la actualidad, la mayor\u00eda de los maestros y profesores de inform\u00e1tica en nuestras Escuelas son T\u00e9cnicos o Profesionales de probada idoneidad en el \u00e1rea, pero carentes del sustrato pedag\u00f3gico-did\u00e1ctico para establecer la interacci\u00f3n \u00e1ulica en el proceso ense\u00f1anza-aprendizaje. La formaci\u00f3n de &#8230; <a title=\"Profesorado de Ed. Sec en Inform\u00e1tica\" class=\"read-more\" href=\"https:\/\/ies6017-sal.infd.edu.ar\/sitio\/profesorado-de-ed-sec-en-informatica\/\" aria-label=\"More on Profesorado de Ed. Sec en Inform\u00e1tica\">[+]<\/a><\/p>\n","protected":false},"author":3120,"featured_media":0,"parent":0,"menu_order":0,"comment_status":"closed","ping_status":"closed","template":"","meta":[],"acf":[],"_links":{"self":[{"href":"https:\/\/ies6017-sal.infd.edu.ar\/sitio\/wp-json\/wp\/v2\/pages\/7407"}],"collection":[{"href":"https:\/\/ies6017-sal.infd.edu.ar\/sitio\/wp-json\/wp\/v2\/pages"}],"about":[{"href":"https:\/\/ies6017-sal.infd.edu.ar\/sitio\/wp-json\/wp\/v2\/types\/page"}],"author":[{"embeddable":true,"href":"https:\/\/ies6017-sal.infd.edu.ar\/sitio\/wp-json\/wp\/v2\/users\/3120"}],"replies":[{"embeddable":true,"href":"https:\/\/ies6017-sal.infd.edu.ar\/sitio\/wp-json\/wp\/v2\/comments?post=7407"}],"version-history":[{"count":3,"href":"https:\/\/ies6017-sal.infd.edu.ar\/sitio\/wp-json\/wp\/v2\/pages\/7407\/revisions"}],"predecessor-version":[{"id":7882,"href":"https:\/\/ies6017-sal.infd.edu.ar\/sitio\/wp-json\/wp\/v2\/pages\/7407\/revisions\/7882"}],"wp:attachment":[{"href":"https:\/\/ies6017-sal.infd.edu.ar\/sitio\/wp-json\/wp\/v2\/media?parent=7407"}],"curies":[{"name":"wp","href":"https:\/\/api.w.org\/{rel}","templated":true}]}}