{"id":7401,"date":"2024-01-23T22:19:50","date_gmt":"2024-01-24T01:19:50","guid":{"rendered":"https:\/\/ies6017-sal.infd.edu.ar\/sitio\/?page_id=7401"},"modified":"2024-10-26T20:42:17","modified_gmt":"2024-10-26T23:42:17","slug":"profesorado-de-ed-sec-en-quimica","status":"publish","type":"page","link":"https:\/\/ies6017-sal.infd.edu.ar\/sitio\/profesorado-de-ed-sec-en-quimica\/","title":{"rendered":"Profesorado de Ed. Sec. en Quimica"},"content":{"rendered":"\n<div class=\"wp-block-cover alignfull\" style=\"min-height:120px\"><span aria-hidden=\"true\" class=\"wp-block-cover__background has-base-2-background-color has-background-dim-0 has-background-dim\"><\/span><div class=\"wp-block-cover__inner-container\">\n<h2 class=\"wp-block-heading has-text-align-center\"><img decoding=\"async\" loading=\"lazy\" width=\"674\" height=\"219\" class=\"wp-image-6637\" style=\"width: 350px;\" src=\"https:\/\/ies6017-sal.infd.edu.ar\/sitio\/wp-content\/uploads\/2023\/11\/Recurso-25.png\" alt=\"\"><\/h2>\n<\/div><\/div>\n\n\n\n<h2 class=\"wp-block-heading has-text-align-center has-contrast-2-color has-text-color\" style=\"letter-spacing:10px;text-transform:uppercase\">PROFESORADO DE EDUCACI\u00d3N SECUNDARIA EN QU\u00cdMICA<\/h2>\n\n\n\n<div style=\"height:25px\" aria-hidden=\"true\" class=\"wp-block-spacer\"><\/div>\n\n\n\n<figure class=\"wp-block-table is-style-stripes\"><table><tbody><tr><td><strong>Duraci\u00f3n de la Carrera<\/strong><\/td><td>4 A\u00f1os<\/td><\/tr><tr><td><strong>Introducci\u00f3n<\/strong><\/td><td style=\"text-align: justify;\">En la actualidad uno de los desaf\u00edos que presenta la Formaci\u00f3n Docente Inicial para los Profesorados de Educaci\u00f3n Secundaria es la necesidad de resignificar la profesi\u00f3n docente en el marco de las nuevas demandas del nivel y de las nuevas culturas juveniles.<\/td><\/tr><tr><td><strong>Objetivos de la Formaci\u00f3n<\/strong><\/td><td style=\"text-align: justify;\">Se aspira a formar un\/a profesor\/a para la Educaci\u00f3n Secundaria que sea un profesional comprometido con la disciplina y su ense\u00f1anza, mediador intercultural, animador de una comunidad educativa, promotor del respeto a la vida y a la ley en una sociedad democr\u00e1tica y que, desde una comprensi\u00f3n real de la disciplina, logre contribuir a formar ciudadanos cient\u00edficamente alfabetizados.\nEstudiar aspectos relevantes de la Qu\u00edmica en diferentes contextos hist\u00f3ricos.<br><\/br>\n\u2022 Interpretar y aplicar modelos, teor\u00edas y metodolog\u00edas de las principales ramas de la Qu\u00edmica para resolver diversos problemas concretos relacionados con procesos qu\u00edmicos, reconociendo su car\u00e1cter provisorio.<br><\/br>\n\u2022 Elaborar criterios v\u00e1lidos para la intervenci\u00f3n pedag\u00f3gica en el \u00e1rea de la Qu\u00edmica, teniendo en cuenta el nivel psicoevolutivo y las caracter\u00edsticas socioculturales de sus alumnos.<br><\/br>\n\u2022 Dise\u00f1ar y poner en acci\u00f3n diferentes dispositivos pedag\u00f3gicos-did\u00e1cticos para la ense\u00f1anza, el aprendizaje y la evaluaci\u00f3n de conceptos y procedimientos de la Qu\u00edmica, reconociendo saberes previos y estrategias cognitivas de los alumnos.<br><\/br>\n\u2022 Dise\u00f1ar, realizar y evaluar proyectos de investigaci\u00f3n escolar en el \u00e1rea de la Qu\u00edmica.<br><\/br>\n\u2022 Usar modelos y analog\u00edas como apoyo para la comprensi\u00f3n de problemas propios de la Qu\u00edmica, y para la organizaci\u00f3n de propuestas did\u00e1cticas, reconociendo los l\u00edmites de estos recursos.<\/td><\/tr><\/tbody><\/table><\/figure>\n\n\n\n<div class=\"wp-block-cover is-light\" style=\"min-height:144px\"><span aria-hidden=\"true\" class=\"wp-block-cover__background has-background-dim-100 has-background-dim\" style=\"background-color:#eb5b28\"><\/span><div class=\"wp-block-cover__inner-container\">\n<div class=\"wp-block-buttons is-content-justification-center is-layout-flex wp-container-1\">\n<div class=\"wp-block-button has-custom-font-size is-style-fill has-medium-font-size\"><a class=\"wp-block-button__link has-background wp-element-button\" href=\"https:\/\/ies6017-sal.infd.edu.ar\/sitio\/plan-de-estudio-quimica-3\/\" style=\"background-color:#eb5b28\" target=\"_blank\" rel=\"noreferrer noopener\"><strong>PLAN DE ESTUDIO<\/strong><\/a><\/div>\n<\/div>\n<\/div><\/div>\n\n\n\n<div class=\"wp-block-cover is-light\" style=\"min-height:144px\"><span aria-hidden=\"true\" class=\"wp-block-cover__background has-background-dim-100 has-background-dim\" style=\"background-color:#e29f4b\"><\/span><div class=\"wp-block-cover__inner-container\">\n<div class=\"wp-block-buttons is-content-justification-center is-layout-flex wp-container-2\">\n<div class=\"wp-block-button has-custom-font-size is-style-fill has-medium-font-size\"><a class=\"wp-block-button__link has-background wp-element-button\" href=\"https:\/\/ies6017-sal.infd.edu.ar\/sitio\/wp-content\/uploads\/2024\/10\/Plan-de-correlatividades-Quimica.pdf\" style=\"background-color:#e29f4b\" target=\"_blank\" rel=\"noreferrer noopener\"><strong>CORRELATIVIDADES<\/strong><\/a><\/div>\n<\/div>\n<\/div><\/div>\n\n\n\n<h2 style=\"text-align: center;\"><iframe loading=\"lazy\" title=\"YouTube video player\" src=\"https:\/\/www.youtube.com\/embed\/8GLvAJTXALs\" width=\"560\" height=\"315\" frameborder=\"0\" allowfullscreen=\"allowfullscreen\"><\/iframe><\/h2>\n","protected":false},"excerpt":{"rendered":"<p>PROFESORADO DE EDUCACI\u00d3N SECUNDARIA EN QU\u00cdMICA Duraci\u00f3n de la Carrera 4 A\u00f1os Introducci\u00f3n En la actualidad uno de los desaf\u00edos que presenta la Formaci\u00f3n Docente Inicial para los Profesorados de Educaci\u00f3n Secundaria es la necesidad de resignificar la profesi\u00f3n docente en el marco de las nuevas demandas del nivel y de las nuevas culturas juveniles. &#8230; <a title=\"Profesorado de Ed. Sec. en Quimica\" class=\"read-more\" href=\"https:\/\/ies6017-sal.infd.edu.ar\/sitio\/profesorado-de-ed-sec-en-quimica\/\" aria-label=\"More on Profesorado de Ed. Sec. en Quimica\">[+]<\/a><\/p>\n","protected":false},"author":3120,"featured_media":0,"parent":0,"menu_order":0,"comment_status":"closed","ping_status":"closed","template":"","meta":[],"acf":[],"_links":{"self":[{"href":"https:\/\/ies6017-sal.infd.edu.ar\/sitio\/wp-json\/wp\/v2\/pages\/7401"}],"collection":[{"href":"https:\/\/ies6017-sal.infd.edu.ar\/sitio\/wp-json\/wp\/v2\/pages"}],"about":[{"href":"https:\/\/ies6017-sal.infd.edu.ar\/sitio\/wp-json\/wp\/v2\/types\/page"}],"author":[{"embeddable":true,"href":"https:\/\/ies6017-sal.infd.edu.ar\/sitio\/wp-json\/wp\/v2\/users\/3120"}],"replies":[{"embeddable":true,"href":"https:\/\/ies6017-sal.infd.edu.ar\/sitio\/wp-json\/wp\/v2\/comments?post=7401"}],"version-history":[{"count":3,"href":"https:\/\/ies6017-sal.infd.edu.ar\/sitio\/wp-json\/wp\/v2\/pages\/7401\/revisions"}],"predecessor-version":[{"id":7880,"href":"https:\/\/ies6017-sal.infd.edu.ar\/sitio\/wp-json\/wp\/v2\/pages\/7401\/revisions\/7880"}],"wp:attachment":[{"href":"https:\/\/ies6017-sal.infd.edu.ar\/sitio\/wp-json\/wp\/v2\/media?parent=7401"}],"curies":[{"name":"wp","href":"https:\/\/api.w.org\/{rel}","templated":true}]}}