{"id":7394,"date":"2024-01-23T22:06:41","date_gmt":"2024-01-24T01:06:41","guid":{"rendered":"https:\/\/ies6017-sal.infd.edu.ar\/sitio\/?page_id=7394"},"modified":"2024-01-26T22:59:05","modified_gmt":"2024-01-27T01:59:05","slug":"profesorado-de-ed-inicial","status":"publish","type":"page","link":"https:\/\/ies6017-sal.infd.edu.ar\/sitio\/profesorado-de-ed-inicial\/","title":{"rendered":"Profesorado de Ed Inicial"},"content":{"rendered":"\n<div class=\"wp-block-cover alignfull\" style=\"min-height:120px\"><span aria-hidden=\"true\" class=\"wp-block-cover__background has-base-2-background-color has-background-dim-0 has-background-dim\"><\/span><div class=\"wp-block-cover__inner-container\">\n<h2 class=\"wp-block-heading has-text-align-center\"><img decoding=\"async\" loading=\"lazy\" width=\"674\" height=\"219\" class=\"wp-image-6637\" style=\"width: 350px;\" src=\"https:\/\/ies6017-sal.infd.edu.ar\/sitio\/wp-content\/uploads\/2023\/11\/Recurso-25.png\" alt=\"\"><\/h2>\n<\/div><\/div>\n\n\n\n<h2 class=\"wp-block-heading has-text-align-center has-contrast-2-color has-text-color\" style=\"letter-spacing:10px;text-transform:uppercase\">PROFESORADO DE EDUCACI\u00d3N inicial<\/h2>\n\n\n\n<div style=\"height:25px\" aria-hidden=\"true\" class=\"wp-block-spacer\"><\/div>\n\n\n\n<figure class=\"wp-block-table is-style-stripes\"><table><tbody><tr><td><strong>Duraci\u00f3n de la Carrera<\/strong><\/td><td>4 A\u00f1os<\/td><\/tr><tr><td><strong>T\u00edtulo<\/strong><\/td><td>Profesor\/a de Educaci\u00f3n Inicial<\/td><\/tr><tr><td><strong>Objetivos de la Formaci\u00f3n<\/strong><\/td><td style=\"text-align: justify;\">*La formaci\u00f3n docente inicial, tiene como finalidad preparar profesionales capaces de ense\u00f1ar, generar y transmitir los conocimientos y valores necesarios para la formaci\u00f3n integral de las personas, el desarrollo nacional y la construcci\u00f3n de una sociedad m\u00e1s justa.\n<br><\/br>\n*Formar al futuro docente en el dominio de las habilidades pedag\u00f3gicas &#8211; did\u00e1cticas, acompa\u00f1adas por una permanente reflexi\u00f3n cr\u00edtica sobre las pr\u00e1cticas y condiciones en las que \u00e9stas se desarrollan, comprendiendo los tipos de v\u00ednculos sobre los que el docente de Nivel Inicial sostiene su tarea, a nivel institucional y comunitario.\n<\/td><\/tr><\/tbody><\/table><\/figure>\n\n\n\n<div class=\"wp-block-cover is-light\" style=\"min-height:144px\"><span aria-hidden=\"true\" class=\"wp-block-cover__background has-background-dim-100 has-background-dim\" style=\"background-color:#eb5b28\"><\/span><div class=\"wp-block-cover__inner-container\">\n<div class=\"wp-block-buttons is-content-justification-center is-layout-flex wp-container-1\">\n<div class=\"wp-block-button has-custom-font-size is-style-fill has-medium-font-size\"><a class=\"wp-block-button__link has-background wp-element-button\" href=\"https:\/\/ies6017-sal.infd.edu.ar\/sitio\/plan-de-estudios-inicial\/\" style=\"background-color:#eb5b28\" target=\"_blank\" rel=\"noreferrer noopener\"><strong>PLAN DE ESTUDIO<\/strong><\/a><\/div>\n<\/div>\n<\/div><\/div>\n","protected":false},"excerpt":{"rendered":"<p>PROFESORADO DE EDUCACI\u00d3N inicial Duraci\u00f3n de la Carrera 4 A\u00f1os T\u00edtulo Profesor\/a de Educaci\u00f3n Inicial Objetivos de la Formaci\u00f3n *La formaci\u00f3n docente inicial, tiene como finalidad preparar profesionales capaces de ense\u00f1ar, generar y transmitir los conocimientos y valores necesarios para la formaci\u00f3n integral de las personas, el desarrollo nacional y la construcci\u00f3n de una sociedad &#8230; <a title=\"Profesorado de Ed Inicial\" class=\"read-more\" href=\"https:\/\/ies6017-sal.infd.edu.ar\/sitio\/profesorado-de-ed-inicial\/\" aria-label=\"More on Profesorado de Ed Inicial\">[+]<\/a><\/p>\n","protected":false},"author":3120,"featured_media":0,"parent":0,"menu_order":0,"comment_status":"closed","ping_status":"closed","template":"","meta":[],"acf":[],"_links":{"self":[{"href":"https:\/\/ies6017-sal.infd.edu.ar\/sitio\/wp-json\/wp\/v2\/pages\/7394"}],"collection":[{"href":"https:\/\/ies6017-sal.infd.edu.ar\/sitio\/wp-json\/wp\/v2\/pages"}],"about":[{"href":"https:\/\/ies6017-sal.infd.edu.ar\/sitio\/wp-json\/wp\/v2\/types\/page"}],"author":[{"embeddable":true,"href":"https:\/\/ies6017-sal.infd.edu.ar\/sitio\/wp-json\/wp\/v2\/users\/3120"}],"replies":[{"embeddable":true,"href":"https:\/\/ies6017-sal.infd.edu.ar\/sitio\/wp-json\/wp\/v2\/comments?post=7394"}],"version-history":[{"count":4,"href":"https:\/\/ies6017-sal.infd.edu.ar\/sitio\/wp-json\/wp\/v2\/pages\/7394\/revisions"}],"predecessor-version":[{"id":7466,"href":"https:\/\/ies6017-sal.infd.edu.ar\/sitio\/wp-json\/wp\/v2\/pages\/7394\/revisions\/7466"}],"wp:attachment":[{"href":"https:\/\/ies6017-sal.infd.edu.ar\/sitio\/wp-json\/wp\/v2\/media?parent=7394"}],"curies":[{"name":"wp","href":"https:\/\/api.w.org\/{rel}","templated":true}]}}