{"id":7377,"date":"2024-01-23T21:42:17","date_gmt":"2024-01-24T00:42:17","guid":{"rendered":"https:\/\/ies6017-sal.infd.edu.ar\/sitio\/?page_id=7377"},"modified":"2024-10-26T12:59:12","modified_gmt":"2024-10-26T15:59:12","slug":"profesorado-de-ed-primaria-2","status":"publish","type":"page","link":"https:\/\/ies6017-sal.infd.edu.ar\/sitio\/profesorado-de-ed-primaria-2\/","title":{"rendered":"Profesorado de Ed Primaria"},"content":{"rendered":"\n<div class=\"wp-block-cover alignfull\" style=\"min-height:120px\"><span aria-hidden=\"true\" class=\"wp-block-cover__background has-base-2-background-color has-background-dim-0 has-background-dim\"><\/span><div class=\"wp-block-cover__inner-container\">\n<h2 class=\"wp-block-heading has-text-align-center\"><img decoding=\"async\" loading=\"lazy\" width=\"674\" height=\"219\" class=\"wp-image-6637\" style=\"width: 350px;\" src=\"https:\/\/ies6017-sal.infd.edu.ar\/sitio\/wp-content\/uploads\/2023\/11\/Recurso-25.png\" alt=\"\"><\/h2>\n<\/div><\/div>\n\n\n\n<h2 class=\"wp-block-heading has-text-align-center has-contrast-2-color has-text-color\" style=\"letter-spacing:10px;text-transform:uppercase\">PROFESORADO DE EDUCACI\u00d3N PRIMARIA<\/h2>\n\n\n\n<div style=\"height:25px\" aria-hidden=\"true\" class=\"wp-block-spacer\"><\/div>\n\n\n\n<figure class=\"wp-block-table is-style-stripes\"><table><tbody><tr><td><strong>Duraci\u00f3n de la Carrera<\/strong><\/td><td>4 A\u00f1os<\/td><\/tr><tr><td><strong>Introducci\u00f3n<\/strong><\/td><td style=\"text-align: justify;\">El profesorado de educaci\u00f3n primaria comprende el conjunto de saberes que resultan necesarios para el desarrollo de las capacidades que definen el ejercicio de la funci\u00f3n docente en este nivel.<\/td><\/tr><tr><td><strong>Objetivos de la Formaci\u00f3n<\/strong><\/td><td style=\"text-align: justify;\">En funci\u00f3n de lo dicho, la construcci\u00f3n y desarrollo curricular del&nbsp; Profesorado de Educaci\u00f3n Primaria estar\u00e1 guiado por prop\u00f3sitos cuyo logro har\u00e1 posible que los maestros est\u00e9n en condiciones de:<br><\/br>*Planificar y desarrollar estrategias para la ense\u00f1anza interactiva y su evaluaci\u00f3n did\u00e1ctica.<br><\/br>*Fundamentar te\u00f3ricamente su desempe\u00f1o y pr\u00e1ctica profesional, reflexionando&nbsp; y delimitando tem\u00e1ticas que aporten soluciones a los diversos problemas educativos.<br><\/br>*Repensar estrategias a\u00falicas que consoliden el trabajo desde y hacia las diferencias culturales, para redefinir la multiculturalidad desde la tolerancia y hacia la complementariedad entre los diferentes.<br><\/br>*Insertarse cr\u00edticamente en las Instituciones educativas participando activamente en la construcci\u00f3n de equipos de trabajo.<br><\/br>*Reflexionar sobre las distintas perspectivas te\u00f3ricas en torno de la comprensi\u00f3n de los sujetos de la educaci\u00f3n primaria, atendiendo al rol que tiene la escuela en la constituci\u00f3n de la subjetividad de los ni\u00f1os en este nivel educativo. *Relevar y analizar informaci\u00f3n que les permita ampliar y profundizar la comprensi\u00f3n de las diferentes dimensiones de la realidad educativa.<br><\/br>*Desarrollar estrategias para la coordinaci\u00f3n y organizaci\u00f3n de los grupos de alumnos en el aula y en la escuela. *Dise\u00f1ar y colaborar en procesos de indagaci\u00f3n y reflexi\u00f3n sobre las pr\u00e1cticas educativas desde las dimensiones: \u00e1ulica, institucional y el contexto social de incidencia.<br><\/br>*Dise\u00f1ar, concretar y evaluar estrategias para la prevenci\u00f3n y atenci\u00f3n de dificultades de aprendizaje, en el aula y en la escuela.<\/td><\/tr><\/tbody><\/table><\/figure>\n\n\n\n<div class=\"wp-block-cover is-light\" style=\"min-height:144px\"><span aria-hidden=\"true\" class=\"wp-block-cover__background has-background-dim-100 has-background-dim\" style=\"background-color:#eb5b28\"><\/span><div class=\"wp-block-cover__inner-container\">\n<div class=\"wp-block-buttons is-content-justification-center is-layout-flex wp-container-1\">\n<div class=\"wp-block-button has-custom-font-size is-style-fill has-medium-font-size\"><a class=\"wp-block-button__link has-background wp-element-button\" href=\"https:\/\/ies6017-sal.infd.edu.ar\/sitio\/plan-de-estudios-4\/\" style=\"background-color:#eb5b28\"><strong>PLAN DE ESTUDIO<\/strong><\/a><\/div>\n<\/div>\n<\/div><\/div>\n\n\n\n<div class=\"wp-block-cover is-light\" style=\"min-height:144px\"><span aria-hidden=\"true\" class=\"wp-block-cover__background has-background-dim-100 has-background-dim\" style=\"background-color:#e29f4b\"><\/span><div class=\"wp-block-cover__inner-container\">\n<div class=\"wp-block-buttons is-content-justification-center is-layout-flex wp-container-2\">\n<div class=\"wp-block-button has-custom-font-size is-style-fill has-medium-font-size\"><a class=\"wp-block-button__link has-background wp-element-button\" href=\"https:\/\/ies6017-sal.infd.edu.ar\/sitio\/wp-content\/uploads\/2024\/10\/Plan-de-correlatividades-Primaria.pdf\" style=\"background-color:#e29f4b\" target=\"_blank\" rel=\"noreferrer noopener\"><strong>CORRELATIVIDADES<\/strong><\/a><\/div>\n<\/div>\n<\/div><\/div>\n\n\n\n<h2 style=\"text-align: center;\"><iframe loading=\"lazy\" title=\"YouTube video player\" src=\"https:\/\/www.youtube.com\/embed\/SchBqvy1QPc\" width=\"560\" height=\"315\" frameborder=\"0\" allowfullscreen=\"allowfullscreen\"><\/iframe><\/h2>\n","protected":false},"excerpt":{"rendered":"<p>PROFESORADO DE EDUCACI\u00d3N PRIMARIA Duraci\u00f3n de la Carrera 4 A\u00f1os Introducci\u00f3n El profesorado de educaci\u00f3n primaria comprende el conjunto de saberes que resultan necesarios para el desarrollo de las capacidades que definen el ejercicio de la funci\u00f3n docente en este nivel. Objetivos de la Formaci\u00f3n En funci\u00f3n de lo dicho, la construcci\u00f3n y desarrollo curricular &#8230; <a title=\"Profesorado de Ed Primaria\" class=\"read-more\" href=\"https:\/\/ies6017-sal.infd.edu.ar\/sitio\/profesorado-de-ed-primaria-2\/\" aria-label=\"More on Profesorado de Ed Primaria\">[+]<\/a><\/p>\n","protected":false},"author":3120,"featured_media":0,"parent":0,"menu_order":0,"comment_status":"closed","ping_status":"closed","template":"","meta":[],"acf":[],"_links":{"self":[{"href":"https:\/\/ies6017-sal.infd.edu.ar\/sitio\/wp-json\/wp\/v2\/pages\/7377"}],"collection":[{"href":"https:\/\/ies6017-sal.infd.edu.ar\/sitio\/wp-json\/wp\/v2\/pages"}],"about":[{"href":"https:\/\/ies6017-sal.infd.edu.ar\/sitio\/wp-json\/wp\/v2\/types\/page"}],"author":[{"embeddable":true,"href":"https:\/\/ies6017-sal.infd.edu.ar\/sitio\/wp-json\/wp\/v2\/users\/3120"}],"replies":[{"embeddable":true,"href":"https:\/\/ies6017-sal.infd.edu.ar\/sitio\/wp-json\/wp\/v2\/comments?post=7377"}],"version-history":[{"count":12,"href":"https:\/\/ies6017-sal.infd.edu.ar\/sitio\/wp-json\/wp\/v2\/pages\/7377\/revisions"}],"predecessor-version":[{"id":7879,"href":"https:\/\/ies6017-sal.infd.edu.ar\/sitio\/wp-json\/wp\/v2\/pages\/7377\/revisions\/7879"}],"wp:attachment":[{"href":"https:\/\/ies6017-sal.infd.edu.ar\/sitio\/wp-json\/wp\/v2\/media?parent=7377"}],"curies":[{"name":"wp","href":"https:\/\/api.w.org\/{rel}","templated":true}]}}