{"id":7139,"date":"2024-01-11T13:20:16","date_gmt":"2024-01-11T16:20:16","guid":{"rendered":"https:\/\/ies6017-sal.infd.edu.ar\/sitio\/?page_id=7139"},"modified":"2024-07-28T14:17:09","modified_gmt":"2024-07-28T17:17:09","slug":"programas-tecnicaturas","status":"publish","type":"page","link":"https:\/\/ies6017-sal.infd.edu.ar\/sitio\/programas-tecnicaturas\/","title":{"rendered":"Programas Tecnicaturas"},"content":{"rendered":"\n<div class=\"wp-block-cover alignfull\" style=\"min-height:120px\"><span aria-hidden=\"true\" class=\"wp-block-cover__background has-base-2-background-color has-background-dim-0 has-background-dim\"><\/span><div class=\"wp-block-cover__inner-container\">\n<h2 class=\"wp-block-heading has-text-align-center\"><img decoding=\"async\" loading=\"lazy\" width=\"674\" height=\"219\" class=\"wp-image-6637\" style=\"width: 350px;\" src=\"https:\/\/ies6017-sal.infd.edu.ar\/sitio\/wp-content\/uploads\/2023\/11\/Recurso-25.png\" alt=\"\"><\/h2>\n<\/div><\/div>\n\n\n\n<h3 class=\"wp-block-heading alignwide has-text-align-center\" style=\"letter-spacing:10px;text-transform:uppercase\">Programas<\/h3>\n\n\n\n<div class=\"wp-block-columns alignfull is-layout-flex wp-container-11\" style=\"margin-bottom:0\">\n<div class=\"wp-block-column is-layout-flow\" style=\"flex-basis:50px\"><\/div>\n\n\n\n<div class=\"wp-block-column has-text-color has-background has-link-color wp-elements-a15c133701a4dd01864a7538b21e6bfa is-layout-flow\" style=\"color:#000000;background-color:#eb5b28;padding-top:2em;padding-right:2em;padding-bottom:2em;padding-left:2em\">\n<h2 class=\"wp-block-heading has-base-3-color has-text-color\" id=\"single\" style=\"font-size:30px\">Tecnicatura Superior en An\u00e1lisis de Sistemas y Desarrollo de Software<\/h2>\n\n\n\n<hr class=\"wp-block-separator has-text-color has-base-3-color has-alpha-channel-opacity has-base-3-background-color has-background is-style-default\"\/>\n\n\n\n<div class=\"wp-block-buttons is-layout-flex\">\n<div class=\"wp-block-button is-style-outline\"><a class=\"wp-block-button__link has-base-3-color has-contrast-2-background-color has-text-color has-background wp-element-button\" href=\"https:\/\/ies6017-sal.infd.edu.ar\/sitio\/tecnicatura-analisis-de-sistemas-2024\/\" style=\"border-radius:0px\" target=\"_blank\" rel=\"noreferrer noopener\"><strong>2024<\/strong><\/a><\/div>\n\n\n\n<div class=\"wp-block-button is-style-outline\"><a class=\"wp-block-button__link has-base-3-color has-contrast-2-background-color has-text-color has-background wp-element-button\" href=\"https:\/\/ies6017-sal.infd.edu.ar\/sitio\/tecnicatura-analisis-de-sistemas-2023\/\" style=\"border-radius:0px\"><strong>2023<\/strong><\/a><\/div>\n<\/div>\n<\/div>\n\n\n\n<div class=\"wp-block-column has-text-color has-background has-link-color wp-elements-f931ec27f19b6d39713ab3901db72f26 is-layout-flow\" style=\"color:#000000;background-color:#e29f4b;padding-top:2em;padding-right:2em;padding-bottom:2em;padding-left:2em\">\n<h2 class=\"wp-block-heading has-base-3-color has-text-color\" id=\"single\" style=\"font-size:30px\">Tecnicatura Superior en Electr\u00f3nica<\/h2>\n\n\n\n<hr class=\"wp-block-separator has-text-color has-base-3-color has-alpha-channel-opacity has-base-3-background-color has-background is-style-default\"\/>\n\n\n\n<div class=\"wp-block-buttons is-layout-flex\">\n<div class=\"wp-block-button is-style-outline\"><a class=\"wp-block-button__link has-base-3-color has-contrast-2-background-color has-text-color has-background wp-element-button\" style=\"border-radius:0px\"><strong>2024<\/strong><\/a><\/div>\n\n\n\n<div class=\"wp-block-button is-style-outline\"><a class=\"wp-block-button__link has-base-3-color has-contrast-2-background-color has-text-color has-background wp-element-button\" href=\"https:\/\/ies6017-sal.infd.edu.ar\/sitio\/tecnicatura-electronica-2023\/\" style=\"border-radius:0px\"><strong>2023<\/strong><\/a><\/div>\n<\/div>\n<\/div>\n\n\n\n<div class=\"wp-block-column has-text-color has-background has-link-color wp-elements-2cf065f22d2ed4ff5a159429d1a2dc96 is-layout-flow\" style=\"color:#000000;background-color:#eb5b28;padding-top:2em;padding-right:2em;padding-bottom:2em;padding-left:2em\">\n<h2 class=\"wp-block-heading has-base-3-color has-text-color\" id=\"single\" style=\"font-size:30px\">Tecnicatura Superior en Gesti\u00f3n de Recursos Humanos<\/h2>\n\n\n\n<hr class=\"wp-block-separator has-text-color has-base-3-color has-alpha-channel-opacity has-base-3-background-color has-background is-style-default\"\/>\n\n\n\n<div class=\"wp-block-buttons is-layout-flex\">\n<div class=\"wp-block-button is-style-outline\"><a class=\"wp-block-button__link has-base-3-color has-contrast-2-background-color has-text-color has-background wp-element-button\" style=\"border-radius:0px\"><strong>2024<\/strong><\/a><\/div>\n\n\n\n<div class=\"wp-block-button is-style-outline\"><a class=\"wp-block-button__link has-base-3-color has-contrast-2-background-color has-text-color has-background wp-element-button\" href=\"https:\/\/ies6017-sal.infd.edu.ar\/sitio\/tecnicatura-recursos-humanos\/\" style=\"border-radius:0px\"><strong>2023<\/strong><\/a><\/div>\n<\/div>\n<\/div>\n\n\n\n<div class=\"wp-block-column has-text-color has-background has-link-color wp-elements-d4584c71ceb8edc9f7c786d020eae5ff is-layout-flow\" style=\"color:#000000;background-color:#e29f4b;padding-top:2em;padding-right:2em;padding-bottom:2em;padding-left:2em\">\n<h2 class=\"wp-block-heading has-base-3-color has-text-color\" id=\"single\" style=\"font-size:30px\">Tecnicatura Superior en Marketing Digital<\/h2>\n\n\n\n<hr class=\"wp-block-separator has-text-color has-base-3-color has-alpha-channel-opacity has-base-3-background-color has-background is-style-default\"\/>\n\n\n\n<div class=\"wp-block-buttons is-layout-flex\">\n<div class=\"wp-block-button is-style-outline\"><a class=\"wp-block-button__link has-base-3-color has-contrast-2-background-color has-text-color has-background wp-element-button\" style=\"border-radius:0px\"><strong>2024<\/strong><\/a><\/div>\n<\/div>\n<\/div>\n\n\n\n<div class=\"wp-block-column is-layout-flow\" style=\"flex-basis:50px\"><\/div>\n<\/div>\n","protected":false},"excerpt":{"rendered":"<p>Programas Tecnicatura Superior en An\u00e1lisis de Sistemas y Desarrollo de Software Tecnicatura Superior en Electr\u00f3nica Tecnicatura Superior en Gesti\u00f3n de Recursos Humanos Tecnicatura Superior en Marketing Digital<\/p>\n","protected":false},"author":3682,"featured_media":0,"parent":0,"menu_order":0,"comment_status":"closed","ping_status":"closed","template":"","meta":[],"acf":[],"_links":{"self":[{"href":"https:\/\/ies6017-sal.infd.edu.ar\/sitio\/wp-json\/wp\/v2\/pages\/7139"}],"collection":[{"href":"https:\/\/ies6017-sal.infd.edu.ar\/sitio\/wp-json\/wp\/v2\/pages"}],"about":[{"href":"https:\/\/ies6017-sal.infd.edu.ar\/sitio\/wp-json\/wp\/v2\/types\/page"}],"author":[{"embeddable":true,"href":"https:\/\/ies6017-sal.infd.edu.ar\/sitio\/wp-json\/wp\/v2\/users\/3682"}],"replies":[{"embeddable":true,"href":"https:\/\/ies6017-sal.infd.edu.ar\/sitio\/wp-json\/wp\/v2\/comments?post=7139"}],"version-history":[{"count":8,"href":"https:\/\/ies6017-sal.infd.edu.ar\/sitio\/wp-json\/wp\/v2\/pages\/7139\/revisions"}],"predecessor-version":[{"id":7735,"href":"https:\/\/ies6017-sal.infd.edu.ar\/sitio\/wp-json\/wp\/v2\/pages\/7139\/revisions\/7735"}],"wp:attachment":[{"href":"https:\/\/ies6017-sal.infd.edu.ar\/sitio\/wp-json\/wp\/v2\/media?parent=7139"}],"curies":[{"name":"wp","href":"https:\/\/api.w.org\/{rel}","templated":true}]}}