{"id":7116,"date":"2023-12-29T19:09:06","date_gmt":"2023-12-29T22:09:06","guid":{"rendered":"https:\/\/ies6017-sal.infd.edu.ar\/sitio\/?page_id=7116"},"modified":"2024-07-28T12:30:10","modified_gmt":"2024-07-28T15:30:10","slug":"programas-informatica-2023","status":"publish","type":"page","link":"https:\/\/ies6017-sal.infd.edu.ar\/sitio\/programas-informatica-2023\/","title":{"rendered":"Programas Informatica 2023"},"content":{"rendered":"\n<div class=\"wp-block-cover alignfull\" style=\"min-height:120px\"><span aria-hidden=\"true\" class=\"wp-block-cover__background has-base-2-background-color has-background-dim-0 has-background-dim\"><\/span><div class=\"wp-block-cover__inner-container\">\n<h2 class=\"wp-block-heading has-text-align-center\"><img decoding=\"async\" loading=\"lazy\" width=\"674\" height=\"219\" class=\"wp-image-6637\" style=\"width: 350px;\" src=\"https:\/\/ies6017-sal.infd.edu.ar\/sitio\/wp-content\/uploads\/2023\/11\/Recurso-25.png\" alt=\"\"><\/h2>\n<\/div><\/div>\n\n\n\n<h3 class=\"wp-block-heading alignwide has-text-align-center\" style=\"letter-spacing:10px;text-transform:uppercase\">Programas<\/h3>\n\n\n\n<div class=\"wp-block-cover has-small-font-size\" style=\"min-height:73px\"><span aria-hidden=\"true\" class=\"wp-block-cover__background has-base-background-color has-background-dim-100 has-background-dim\"><\/span><div class=\"wp-block-cover__inner-container\">\n<h2 class=\"wp-block-heading has-text-align-center has-contrast-color has-text-color\" style=\"font-size:25px;font-style:normal;font-weight:300\">Profesorado de Educaci\u00f3n Secundaria en Inform\u00e1tica | <strong>A\u00f1o 2023 <\/strong>| Res. 1168\/16<\/h2>\n<\/div><\/div>\n\n\n\n<p class=\"has-text-align-center has-base-3-color has-text-color has-background\" style=\"background-color:#eb5b28;text-transform:uppercase\"><strong>1\u00ba A\u00f1o<\/strong><\/p>\n\n\n\n<figure class=\"wp-block-table is-style-stripes\"><table><thead><tr><th>Unidad Curricular<\/th><th class=\"has-text-align-center\" data-align=\"center\">Programa<\/th><\/tr><\/thead><tbody><tr><td>Pedagog\u00eda<\/td><td class=\"has-text-align-center\" data-align=\"center\"><a href=\"https:\/\/ies6017-sal.infd.edu.ar\/sitio\/wp-content\/uploads\/2024\/01\/1.01-PROG.-PEDAGOGIA-2023-INFORMATICA.pdf\" target=\"_blank\" rel=\"noreferrer noopener\"><img decoding=\"async\" loading=\"lazy\" width=\"512\" height=\"512\" class=\"wp-image-6952\" style=\"width: 40px;\" src=\"https:\/\/ies6017-sal.infd.edu.ar\/sitio\/wp-content\/uploads\/2023\/12\/descargando-archivo.png\" alt=\"\" srcset=\"https:\/\/ies6017-sal.infd.edu.ar\/sitio\/wp-content\/uploads\/2023\/12\/descargando-archivo.png 512w, https:\/\/ies6017-sal.infd.edu.ar\/sitio\/wp-content\/uploads\/2023\/12\/descargando-archivo-500x500.png 500w\" sizes=\"(max-width: 512px) 100vw, 512px\" \/><\/a><\/td><\/tr><tr><td>Did\u00e1ctica General<\/td><td class=\"has-text-align-center\" data-align=\"center\"><a href=\"https:\/\/ies6017-sal.infd.edu.ar\/sitio\/wp-content\/uploads\/2024\/01\/1.02-PROGRAMA-DIDACTICA.-ALVAREZ-2023.pdf\" target=\"_blank\" rel=\"noreferrer noopener\"><img decoding=\"async\" loading=\"lazy\" width=\"512\" height=\"512\" class=\"wp-image-6952\" style=\"width: 40px;\" src=\"https:\/\/ies6017-sal.infd.edu.ar\/sitio\/wp-content\/uploads\/2023\/12\/descargando-archivo.png\" alt=\"\" srcset=\"https:\/\/ies6017-sal.infd.edu.ar\/sitio\/wp-content\/uploads\/2023\/12\/descargando-archivo.png 512w, https:\/\/ies6017-sal.infd.edu.ar\/sitio\/wp-content\/uploads\/2023\/12\/descargando-archivo-500x500.png 500w\" sizes=\"(max-width: 512px) 100vw, 512px\" \/><\/a><\/td><\/tr><tr><td>Psicolog\u00eda Educacional<\/td><td class=\"has-text-align-center\" data-align=\"center\"><a href=\"https:\/\/ies6017-sal.infd.edu.ar\/sitio\/wp-content\/uploads\/2024\/01\/1.03-PROGRAMA-DE-PSICOLOGIA-EDUCACIONAL-2023.pdf\" target=\"_blank\" rel=\"noreferrer noopener\"><img decoding=\"async\" loading=\"lazy\" width=\"512\" height=\"512\" class=\"wp-image-6952\" style=\"width: 40px;\" src=\"https:\/\/ies6017-sal.infd.edu.ar\/sitio\/wp-content\/uploads\/2023\/12\/descargando-archivo.png\" alt=\"\" srcset=\"https:\/\/ies6017-sal.infd.edu.ar\/sitio\/wp-content\/uploads\/2023\/12\/descargando-archivo.png 512w, https:\/\/ies6017-sal.infd.edu.ar\/sitio\/wp-content\/uploads\/2023\/12\/descargando-archivo-500x500.png 500w\" sizes=\"(max-width: 512px) 100vw, 512px\" \/><\/a><\/td><\/tr><tr><td>Lectura y Escritura Acad\u00e9mica<\/td><td class=\"has-text-align-center\" data-align=\"center\"><a href=\"https:\/\/ies6017-sal.infd.edu.ar\/sitio\/wp-content\/uploads\/2024\/01\/1.04-2023-PROGRAMA-LEA.pdf\" target=\"_blank\" rel=\"noreferrer noopener\"><img decoding=\"async\" loading=\"lazy\" width=\"512\" height=\"512\" class=\"wp-image-6952\" style=\"width: 40px;\" src=\"https:\/\/ies6017-sal.infd.edu.ar\/sitio\/wp-content\/uploads\/2023\/12\/descargando-archivo.png\" alt=\"\" srcset=\"https:\/\/ies6017-sal.infd.edu.ar\/sitio\/wp-content\/uploads\/2023\/12\/descargando-archivo.png 512w, https:\/\/ies6017-sal.infd.edu.ar\/sitio\/wp-content\/uploads\/2023\/12\/descargando-archivo-500x500.png 500w\" sizes=\"(max-width: 512px) 100vw, 512px\" \/><\/a><\/td><\/tr><tr><td>Elementos de la Matem\u00e1tica Aplicada a la Inform\u00e1tica<\/td><td class=\"has-text-align-center\" data-align=\"center\"><a href=\"https:\/\/ies6017-sal.infd.edu.ar\/sitio\/wp-content\/uploads\/2024\/01\/1.05-ProgramaEMAI2023.pdf\" target=\"_blank\" rel=\"noreferrer noopener\"><img decoding=\"async\" loading=\"lazy\" width=\"512\" height=\"512\" class=\"wp-image-6952\" style=\"width: 40px;\" src=\"https:\/\/ies6017-sal.infd.edu.ar\/sitio\/wp-content\/uploads\/2023\/12\/descargando-archivo.png\" alt=\"\" srcset=\"https:\/\/ies6017-sal.infd.edu.ar\/sitio\/wp-content\/uploads\/2023\/12\/descargando-archivo.png 512w, https:\/\/ies6017-sal.infd.edu.ar\/sitio\/wp-content\/uploads\/2023\/12\/descargando-archivo-500x500.png 500w\" sizes=\"(max-width: 512px) 100vw, 512px\" \/><\/a><\/td><\/tr><tr><td>Contabilidad<\/td><td class=\"has-text-align-center\" data-align=\"center\"><a href=\"https:\/\/ies6017-sal.infd.edu.ar\/sitio\/wp-content\/uploads\/2024\/01\/1.06-PROGRAMA-CONTABILIDAD-2023-ABRAMIC.pdf\" target=\"_blank\" rel=\"noreferrer noopener\"><img decoding=\"async\" loading=\"lazy\" width=\"512\" height=\"512\" class=\"wp-image-6952\" style=\"width: 40px;\" src=\"https:\/\/ies6017-sal.infd.edu.ar\/sitio\/wp-content\/uploads\/2023\/12\/descargando-archivo.png\" alt=\"\" srcset=\"https:\/\/ies6017-sal.infd.edu.ar\/sitio\/wp-content\/uploads\/2023\/12\/descargando-archivo.png 512w, https:\/\/ies6017-sal.infd.edu.ar\/sitio\/wp-content\/uploads\/2023\/12\/descargando-archivo-500x500.png 500w\" sizes=\"(max-width: 512px) 100vw, 512px\" \/><\/a><\/td><\/tr><tr><td>Fundamentos de la Programaci\u00f3n<\/td><td class=\"has-text-align-center\" data-align=\"center\"><img decoding=\"async\" loading=\"lazy\" width=\"512\" height=\"512\" class=\"wp-image-6952\" style=\"width: 40px;\" src=\"https:\/\/ies6017-sal.infd.edu.ar\/sitio\/wp-content\/uploads\/2023\/12\/descargando-archivo.png\" alt=\"\" srcset=\"https:\/\/ies6017-sal.infd.edu.ar\/sitio\/wp-content\/uploads\/2023\/12\/descargando-archivo.png 512w, https:\/\/ies6017-sal.infd.edu.ar\/sitio\/wp-content\/uploads\/2023\/12\/descargando-archivo-500x500.png 500w\" sizes=\"(max-width: 512px) 100vw, 512px\" \/><\/td><\/tr><tr><td>Herramientas Inform\u00e1ticas<\/td><td class=\"has-text-align-center\" data-align=\"center\"><a href=\"https:\/\/ies6017-sal.infd.edu.ar\/sitio\/wp-content\/uploads\/2024\/01\/1.08-PROGRAMAS-PROFESORADO-2023-.pdf\" target=\"_blank\" rel=\"noreferrer noopener\"><img decoding=\"async\" loading=\"lazy\" width=\"512\" height=\"512\" class=\"wp-image-6952\" style=\"width: 40px;\" src=\"https:\/\/ies6017-sal.infd.edu.ar\/sitio\/wp-content\/uploads\/2023\/12\/descargando-archivo.png\" alt=\"\" srcset=\"https:\/\/ies6017-sal.infd.edu.ar\/sitio\/wp-content\/uploads\/2023\/12\/descargando-archivo.png 512w, https:\/\/ies6017-sal.infd.edu.ar\/sitio\/wp-content\/uploads\/2023\/12\/descargando-archivo-500x500.png 500w\" sizes=\"(max-width: 512px) 100vw, 512px\" \/><\/a><\/td><\/tr><tr><td>Practica Docente I: Contexto, Comunidad y Escuela<\/td><td class=\"has-text-align-center\" data-align=\"center\"><a href=\"https:\/\/ies6017-sal.infd.edu.ar\/sitio\/wp-content\/uploads\/2024\/01\/1.09-PROGRAMA-PRACTICA-DTE-I-2023-REVISADO-1.pdf\" target=\"_blank\" rel=\"noreferrer noopener\"><img decoding=\"async\" loading=\"lazy\" width=\"512\" height=\"512\" class=\"wp-image-6952\" style=\"width: 40px;\" src=\"https:\/\/ies6017-sal.infd.edu.ar\/sitio\/wp-content\/uploads\/2023\/12\/descargando-archivo.png\" alt=\"\" srcset=\"https:\/\/ies6017-sal.infd.edu.ar\/sitio\/wp-content\/uploads\/2023\/12\/descargando-archivo.png 512w, https:\/\/ies6017-sal.infd.edu.ar\/sitio\/wp-content\/uploads\/2023\/12\/descargando-archivo-500x500.png 500w\" sizes=\"(max-width: 512px) 100vw, 512px\" \/><\/a><\/td><\/tr><\/tbody><\/table><\/figure>\n\n\n\n<p class=\"has-text-align-center has-base-3-color has-text-color has-background\" style=\"background-color:#e29f4b;text-transform:uppercase\"><strong>2\u00ba A\u00f1o<\/strong><\/p>\n\n\n\n<figure class=\"wp-block-table is-style-stripes\"><table><thead><tr><th>Unidad Curricular<\/th><th class=\"has-text-align-center\" data-align=\"center\">Programa<\/th><\/tr><\/thead><tbody><tr><td>Sociolog\u00eda de la Educaci\u00f3n<\/td><td class=\"has-text-align-center\" data-align=\"center\"><a href=\"https:\/\/ies6017-sal.infd.edu.ar\/sitio\/wp-content\/uploads\/2024\/01\/2.10-PROGRAMA-DE-SOCIOLOGIA-DE-LA-EDUCACION-2023.pdf\" target=\"_blank\" rel=\"noreferrer noopener\"><img decoding=\"async\" loading=\"lazy\" width=\"512\" height=\"512\" class=\"wp-image-6952\" style=\"width: 40px;\" src=\"https:\/\/ies6017-sal.infd.edu.ar\/sitio\/wp-content\/uploads\/2023\/12\/descargando-archivo.png\" alt=\"\" srcset=\"https:\/\/ies6017-sal.infd.edu.ar\/sitio\/wp-content\/uploads\/2023\/12\/descargando-archivo.png 512w, https:\/\/ies6017-sal.infd.edu.ar\/sitio\/wp-content\/uploads\/2023\/12\/descargando-archivo-500x500.png 500w\" sizes=\"(max-width: 512px) 100vw, 512px\" \/><\/a><\/td><\/tr><tr><td>Historia Argentina y Latinoamericana<\/td><td class=\"has-text-align-center\" data-align=\"center\"><a href=\"https:\/\/ies6017-sal.infd.edu.ar\/sitio\/wp-content\/uploads\/2024\/01\/2.11-HISTORIA-PROGRAMA-INFORMATICA.pdf\" target=\"_blank\" rel=\"noreferrer noopener\"><img decoding=\"async\" loading=\"lazy\" width=\"512\" height=\"512\" class=\"wp-image-6952\" style=\"width: 40px;\" src=\"https:\/\/ies6017-sal.infd.edu.ar\/sitio\/wp-content\/uploads\/2023\/12\/descargando-archivo.png\" alt=\"\" srcset=\"https:\/\/ies6017-sal.infd.edu.ar\/sitio\/wp-content\/uploads\/2023\/12\/descargando-archivo.png 512w, https:\/\/ies6017-sal.infd.edu.ar\/sitio\/wp-content\/uploads\/2023\/12\/descargando-archivo-500x500.png 500w\" sizes=\"(max-width: 512px) 100vw, 512px\" \/><\/a><\/td><\/tr><tr><td>Tecnolog\u00eda de la Informaci\u00f3n y de la Comunicaci\u00f3n \u2013 TIC<\/td><td class=\"has-text-align-center\" data-align=\"center\"><a href=\"https:\/\/ies6017-sal.infd.edu.ar\/sitio\/wp-content\/uploads\/2024\/01\/2.12-Programa-de-TICs-Informatica-Prof-Javier-Perez-2023.pdf\" target=\"_blank\" rel=\"noreferrer noopener\"><img decoding=\"async\" loading=\"lazy\" width=\"512\" height=\"512\" class=\"wp-image-6952\" style=\"width: 40px;\" src=\"https:\/\/ies6017-sal.infd.edu.ar\/sitio\/wp-content\/uploads\/2023\/12\/descargando-archivo.png\" alt=\"\" srcset=\"https:\/\/ies6017-sal.infd.edu.ar\/sitio\/wp-content\/uploads\/2023\/12\/descargando-archivo.png 512w, https:\/\/ies6017-sal.infd.edu.ar\/sitio\/wp-content\/uploads\/2023\/12\/descargando-archivo-500x500.png 500w\" sizes=\"(max-width: 512px) 100vw, 512px\" \/><\/a><\/td><\/tr><tr><td>Sujetos de la Educaci\u00f3n Secundaria<\/td><td class=\"has-text-align-center\" data-align=\"center\"><a href=\"https:\/\/ies6017-sal.infd.edu.ar\/sitio\/wp-content\/uploads\/2024\/01\/2.13-Programa-Sujeto-de-la-Educacion-secundaria-Sirolli.pdf\" target=\"_blank\" rel=\"noreferrer noopener\"><img decoding=\"async\" loading=\"lazy\" width=\"512\" height=\"512\" class=\"wp-image-6952\" style=\"width: 40px;\" src=\"https:\/\/ies6017-sal.infd.edu.ar\/sitio\/wp-content\/uploads\/2023\/12\/descargando-archivo.png\" alt=\"\" srcset=\"https:\/\/ies6017-sal.infd.edu.ar\/sitio\/wp-content\/uploads\/2023\/12\/descargando-archivo.png 512w, https:\/\/ies6017-sal.infd.edu.ar\/sitio\/wp-content\/uploads\/2023\/12\/descargando-archivo-500x500.png 500w\" sizes=\"(max-width: 512px) 100vw, 512px\" \/><\/a><\/td><\/tr><tr><td>Sistema tributario Argentino<\/td><td class=\"has-text-align-center\" data-align=\"center\"><a href=\"https:\/\/ies6017-sal.infd.edu.ar\/sitio\/wp-content\/uploads\/2024\/01\/2.14-PROGRAMA-SISTEMA-TRIBUTARIO-ARGENTINO-2023-ABRAMIC.pdf\" target=\"_blank\" rel=\"noreferrer noopener\"><img decoding=\"async\" loading=\"lazy\" width=\"512\" height=\"512\" class=\"wp-image-6952\" style=\"width: 40px;\" src=\"https:\/\/ies6017-sal.infd.edu.ar\/sitio\/wp-content\/uploads\/2023\/12\/descargando-archivo.png\" alt=\"\" srcset=\"https:\/\/ies6017-sal.infd.edu.ar\/sitio\/wp-content\/uploads\/2023\/12\/descargando-archivo.png 512w, https:\/\/ies6017-sal.infd.edu.ar\/sitio\/wp-content\/uploads\/2023\/12\/descargando-archivo-500x500.png 500w\" sizes=\"(max-width: 512px) 100vw, 512px\" \/><\/a><\/td><\/tr><tr><td>Inform\u00e1tica Aplicada a la Gesti\u00f3n<\/td><td class=\"has-text-align-center\" data-align=\"center\"><a href=\"https:\/\/ies6017-sal.infd.edu.ar\/sitio\/wp-content\/uploads\/2024\/01\/2.15-Programa.pdf\" target=\"_blank\" rel=\"noreferrer noopener\"><img decoding=\"async\" loading=\"lazy\" width=\"512\" height=\"512\" class=\"wp-image-6952\" style=\"width: 40px;\" src=\"https:\/\/ies6017-sal.infd.edu.ar\/sitio\/wp-content\/uploads\/2023\/12\/descargando-archivo.png\" alt=\"\" srcset=\"https:\/\/ies6017-sal.infd.edu.ar\/sitio\/wp-content\/uploads\/2023\/12\/descargando-archivo.png 512w, https:\/\/ies6017-sal.infd.edu.ar\/sitio\/wp-content\/uploads\/2023\/12\/descargando-archivo-500x500.png 500w\" sizes=\"(max-width: 512px) 100vw, 512px\" \/><\/a><\/td><\/tr><tr><td>Did\u00e1ctica de la Inform\u00e1tica para la Escuela secundaria<\/td><td class=\"has-text-align-center\" data-align=\"center\"><a href=\"https:\/\/ies6017-sal.infd.edu.ar\/sitio\/wp-content\/uploads\/2024\/01\/2.16-2023-Programa-Didactica-de-la-Informatica-para-la-Escuela-Secundaria_v2.pdf\" target=\"_blank\" rel=\"noreferrer noopener\"><img decoding=\"async\" loading=\"lazy\" width=\"512\" height=\"512\" class=\"wp-image-6952\" style=\"width: 40px;\" src=\"https:\/\/ies6017-sal.infd.edu.ar\/sitio\/wp-content\/uploads\/2023\/12\/descargando-archivo.png\" alt=\"\" srcset=\"https:\/\/ies6017-sal.infd.edu.ar\/sitio\/wp-content\/uploads\/2023\/12\/descargando-archivo.png 512w, https:\/\/ies6017-sal.infd.edu.ar\/sitio\/wp-content\/uploads\/2023\/12\/descargando-archivo-500x500.png 500w\" sizes=\"(max-width: 512px) 100vw, 512px\" \/><\/a><\/td><\/tr><tr><td>Lenguaje de programaci\u00f3n I: Programaci\u00f3n Imperativa<\/td><td class=\"has-text-align-center\" data-align=\"center\"><a href=\"https:\/\/ies6017-sal.infd.edu.ar\/sitio\/wp-content\/uploads\/2024\/01\/2.17-Programa_Lenguaje-de-Programacion.pdf\" target=\"_blank\" rel=\"noreferrer noopener\"><img decoding=\"async\" loading=\"lazy\" width=\"512\" height=\"512\" class=\"wp-image-6952\" style=\"width: 40px;\" src=\"https:\/\/ies6017-sal.infd.edu.ar\/sitio\/wp-content\/uploads\/2023\/12\/descargando-archivo.png\" alt=\"\" srcset=\"https:\/\/ies6017-sal.infd.edu.ar\/sitio\/wp-content\/uploads\/2023\/12\/descargando-archivo.png 512w, https:\/\/ies6017-sal.infd.edu.ar\/sitio\/wp-content\/uploads\/2023\/12\/descargando-archivo-500x500.png 500w\" sizes=\"(max-width: 512px) 100vw, 512px\" \/><\/a><\/td><\/tr><tr><td>Pr\u00e1ctica Docente II: Gesti\u00f3n Institucional. Curriculum y Ense\u00f1anza<\/td><td class=\"has-text-align-center\" data-align=\"center\"><a href=\"https:\/\/ies6017-sal.infd.edu.ar\/sitio\/wp-content\/uploads\/2024\/01\/2.18-Programa-de-Practica-Docente-I.pdf\" target=\"_blank\" rel=\"noreferrer noopener\"><img decoding=\"async\" loading=\"lazy\" width=\"512\" height=\"512\" class=\"wp-image-6952\" style=\"width: 40px;\" src=\"https:\/\/ies6017-sal.infd.edu.ar\/sitio\/wp-content\/uploads\/2023\/12\/descargando-archivo.png\" alt=\"\" srcset=\"https:\/\/ies6017-sal.infd.edu.ar\/sitio\/wp-content\/uploads\/2023\/12\/descargando-archivo.png 512w, https:\/\/ies6017-sal.infd.edu.ar\/sitio\/wp-content\/uploads\/2023\/12\/descargando-archivo-500x500.png 500w\" sizes=\"(max-width: 512px) 100vw, 512px\" \/><\/a><\/td><\/tr><\/tbody><\/table><\/figure>\n","protected":false},"excerpt":{"rendered":"<p>Programas 1\u00ba A\u00f1o Unidad Curricular Programa Pedagog\u00eda Did\u00e1ctica General Psicolog\u00eda Educacional Lectura y Escritura Acad\u00e9mica Elementos de la Matem\u00e1tica Aplicada a la Inform\u00e1tica Contabilidad Fundamentos de la Programaci\u00f3n Herramientas Inform\u00e1ticas Practica Docente I: Contexto, Comunidad y Escuela 2\u00ba A\u00f1o Unidad Curricular Programa Sociolog\u00eda de la Educaci\u00f3n Historia Argentina y Latinoamericana Tecnolog\u00eda de la Informaci\u00f3n y &#8230; <a title=\"Programas Informatica 2023\" class=\"read-more\" href=\"https:\/\/ies6017-sal.infd.edu.ar\/sitio\/programas-informatica-2023\/\" aria-label=\"More on Programas Informatica 2023\">[+]<\/a><\/p>\n","protected":false},"author":3682,"featured_media":0,"parent":0,"menu_order":0,"comment_status":"closed","ping_status":"closed","template":"","meta":[],"acf":[],"_links":{"self":[{"href":"https:\/\/ies6017-sal.infd.edu.ar\/sitio\/wp-json\/wp\/v2\/pages\/7116"}],"collection":[{"href":"https:\/\/ies6017-sal.infd.edu.ar\/sitio\/wp-json\/wp\/v2\/pages"}],"about":[{"href":"https:\/\/ies6017-sal.infd.edu.ar\/sitio\/wp-json\/wp\/v2\/types\/page"}],"author":[{"embeddable":true,"href":"https:\/\/ies6017-sal.infd.edu.ar\/sitio\/wp-json\/wp\/v2\/users\/3682"}],"replies":[{"embeddable":true,"href":"https:\/\/ies6017-sal.infd.edu.ar\/sitio\/wp-json\/wp\/v2\/comments?post=7116"}],"version-history":[{"count":3,"href":"https:\/\/ies6017-sal.infd.edu.ar\/sitio\/wp-json\/wp\/v2\/pages\/7116\/revisions"}],"predecessor-version":[{"id":7224,"href":"https:\/\/ies6017-sal.infd.edu.ar\/sitio\/wp-json\/wp\/v2\/pages\/7116\/revisions\/7224"}],"wp:attachment":[{"href":"https:\/\/ies6017-sal.infd.edu.ar\/sitio\/wp-json\/wp\/v2\/media?parent=7116"}],"curies":[{"name":"wp","href":"https:\/\/api.w.org\/{rel}","templated":true}]}}