{"id":7048,"date":"2023-12-27T15:43:17","date_gmt":"2023-12-27T18:43:17","guid":{"rendered":"https:\/\/ies6017-sal.infd.edu.ar\/sitio\/?page_id=7048"},"modified":"2024-01-15T16:32:41","modified_gmt":"2024-01-15T19:32:41","slug":"profesorado-en-quimica-2023","status":"publish","type":"page","link":"https:\/\/ies6017-sal.infd.edu.ar\/sitio\/profesorado-en-quimica-2023\/","title":{"rendered":"Profesorado en Quimica 2023"},"content":{"rendered":"\n<div class=\"wp-block-cover alignfull\" style=\"min-height:120px\"><span aria-hidden=\"true\" class=\"wp-block-cover__background has-base-2-background-color has-background-dim-0 has-background-dim\"><\/span><div class=\"wp-block-cover__inner-container\">\n<h2 class=\"wp-block-heading has-text-align-center\"><img decoding=\"async\" loading=\"lazy\" width=\"674\" height=\"219\" class=\"wp-image-6637\" style=\"width: 350px;\" src=\"https:\/\/ies6017-sal.infd.edu.ar\/sitio\/wp-content\/uploads\/2023\/11\/Recurso-25.png\" alt=\"\"><\/h2>\n<\/div><\/div>\n\n\n\n<h3 class=\"wp-block-heading alignwide has-text-align-center\" style=\"letter-spacing:10px;text-transform:uppercase\">Programas<\/h3>\n\n\n\n<div class=\"wp-block-cover has-small-font-size\" style=\"min-height:73px\"><span aria-hidden=\"true\" class=\"wp-block-cover__background has-base-background-color has-background-dim-100 has-background-dim\"><\/span><div class=\"wp-block-cover__inner-container\">\n<h2 class=\"wp-block-heading has-text-align-center has-contrast-color has-text-color\" style=\"font-size:25px;font-style:normal;font-weight:300\">Profesorado de Educaci\u00f3n Secundaria en Qu\u00edmica | <strong>A\u00f1o 2023 <\/strong>| Res. 511\/14<\/h2>\n<\/div><\/div>\n\n\n\n<p class=\"has-text-align-center has-base-3-color has-text-color has-background\" style=\"background-color:#eb5b28;text-transform:uppercase\"><strong>1\u00ba A\u00f1o<\/strong><\/p>\n\n\n\n<figure class=\"wp-block-table is-style-stripes\"><table><thead><tr><th>Unidad Curricular<\/th><th class=\"has-text-align-center\" data-align=\"center\">Programa<\/th><\/tr><\/thead><tbody><tr><td>Pedagog\u00eda<\/td><td class=\"has-text-align-center\" data-align=\"center\"><a href=\"https:\/\/ies6017-sal.infd.edu.ar\/sitio\/wp-content\/uploads\/2024\/01\/1.-Pedagogia-2023.pdf\" target=\"_blank\" rel=\"noreferrer noopener\"><img decoding=\"async\" loading=\"lazy\" width=\"512\" height=\"512\" class=\"wp-image-6952\" style=\"width: 40px;\" src=\"https:\/\/ies6017-sal.infd.edu.ar\/sitio\/wp-content\/uploads\/2023\/12\/descargando-archivo.png\" alt=\"\" srcset=\"https:\/\/ies6017-sal.infd.edu.ar\/sitio\/wp-content\/uploads\/2023\/12\/descargando-archivo.png 512w, https:\/\/ies6017-sal.infd.edu.ar\/sitio\/wp-content\/uploads\/2023\/12\/descargando-archivo-500x500.png 500w\" sizes=\"(max-width: 512px) 100vw, 512px\" \/><\/a><\/td><\/tr><tr><td>Did\u00e1ctica General<\/td><td class=\"has-text-align-center\" data-align=\"center\"><a href=\"https:\/\/ies6017-sal.infd.edu.ar\/sitio\/wp-content\/uploads\/2024\/01\/2.-DIDACTICA-GENERAL-2023-PROF.-DE-QUIMICA-DEGOY.docx.pdf\" target=\"_blank\" rel=\"noreferrer noopener\"><img decoding=\"async\" loading=\"lazy\" width=\"512\" height=\"512\" class=\"wp-image-6952\" style=\"width: 40px;\" src=\"https:\/\/ies6017-sal.infd.edu.ar\/sitio\/wp-content\/uploads\/2023\/12\/descargando-archivo.png\" alt=\"\" srcset=\"https:\/\/ies6017-sal.infd.edu.ar\/sitio\/wp-content\/uploads\/2023\/12\/descargando-archivo.png 512w, https:\/\/ies6017-sal.infd.edu.ar\/sitio\/wp-content\/uploads\/2023\/12\/descargando-archivo-500x500.png 500w\" sizes=\"(max-width: 512px) 100vw, 512px\" \/><\/a><\/td><\/tr><tr><td>Psicolog\u00eda Educacional<\/td><td class=\"has-text-align-center\" data-align=\"center\"><a href=\"https:\/\/ies6017-sal.infd.edu.ar\/sitio\/wp-content\/uploads\/2024\/01\/3.-Psicologia_Educacional_2023_Prof_Prieto_Maximiliano.pdf\" target=\"_blank\" rel=\"noreferrer noopener\"><img decoding=\"async\" loading=\"lazy\" width=\"512\" height=\"512\" class=\"wp-image-6952\" style=\"width: 40px;\" src=\"https:\/\/ies6017-sal.infd.edu.ar\/sitio\/wp-content\/uploads\/2023\/12\/descargando-archivo.png\" alt=\"\" srcset=\"https:\/\/ies6017-sal.infd.edu.ar\/sitio\/wp-content\/uploads\/2023\/12\/descargando-archivo.png 512w, https:\/\/ies6017-sal.infd.edu.ar\/sitio\/wp-content\/uploads\/2023\/12\/descargando-archivo-500x500.png 500w\" sizes=\"(max-width: 512px) 100vw, 512px\" \/><\/a><\/td><\/tr><tr><td>Lectura y Escritura Acad\u00e9mica<\/td><td class=\"has-text-align-center\" data-align=\"center\"><a href=\"https:\/\/ies6017-sal.infd.edu.ar\/sitio\/wp-content\/uploads\/2024\/01\/4.-Programa-LEA-Gabriela-Barrionuevo-Quimica.pdf\" target=\"_blank\" rel=\"noreferrer noopener\"><img decoding=\"async\" loading=\"lazy\" width=\"512\" height=\"512\" class=\"wp-image-6952\" style=\"width: 40px;\" src=\"https:\/\/ies6017-sal.infd.edu.ar\/sitio\/wp-content\/uploads\/2023\/12\/descargando-archivo.png\" alt=\"\" srcset=\"https:\/\/ies6017-sal.infd.edu.ar\/sitio\/wp-content\/uploads\/2023\/12\/descargando-archivo.png 512w, https:\/\/ies6017-sal.infd.edu.ar\/sitio\/wp-content\/uploads\/2023\/12\/descargando-archivo-500x500.png 500w\" sizes=\"(max-width: 512px) 100vw, 512px\" \/><\/a><\/td><\/tr><tr><td>Fundamentos de Qu\u00edmica General I<\/td><td class=\"has-text-align-center\" data-align=\"center\"><a href=\"https:\/\/ies6017-sal.infd.edu.ar\/sitio\/wp-content\/uploads\/2024\/01\/5.-Programa-Fundamentos-de-Quimica-General-I.2023.pdf\" target=\"_blank\" rel=\"noreferrer noopener\"><img decoding=\"async\" loading=\"lazy\" width=\"512\" height=\"512\" class=\"wp-image-6952\" style=\"width: 40px;\" src=\"https:\/\/ies6017-sal.infd.edu.ar\/sitio\/wp-content\/uploads\/2023\/12\/descargando-archivo.png\" alt=\"\" srcset=\"https:\/\/ies6017-sal.infd.edu.ar\/sitio\/wp-content\/uploads\/2023\/12\/descargando-archivo.png 512w, https:\/\/ies6017-sal.infd.edu.ar\/sitio\/wp-content\/uploads\/2023\/12\/descargando-archivo-500x500.png 500w\" sizes=\"(max-width: 512px) 100vw, 512px\" \/><\/a><\/td><\/tr><tr><td>Fundamentos de Qu\u00edmica General II<\/td><td class=\"has-text-align-center\" data-align=\"center\"><a href=\"https:\/\/ies6017-sal.infd.edu.ar\/sitio\/wp-content\/uploads\/2024\/01\/6.-Programa-Quimica-General-II-2023.pdf\" target=\"_blank\" rel=\"noreferrer noopener\"><img decoding=\"async\" loading=\"lazy\" width=\"512\" height=\"512\" class=\"wp-image-6952\" style=\"width: 40px;\" src=\"https:\/\/ies6017-sal.infd.edu.ar\/sitio\/wp-content\/uploads\/2023\/12\/descargando-archivo.png\" alt=\"\" srcset=\"https:\/\/ies6017-sal.infd.edu.ar\/sitio\/wp-content\/uploads\/2023\/12\/descargando-archivo.png 512w, https:\/\/ies6017-sal.infd.edu.ar\/sitio\/wp-content\/uploads\/2023\/12\/descargando-archivo-500x500.png 500w\" sizes=\"(max-width: 512px) 100vw, 512px\" \/><\/a><\/td><\/tr><tr><td>Matem\u00e1tica<\/td><td class=\"has-text-align-center\" data-align=\"center\"><a href=\"https:\/\/ies6017-sal.infd.edu.ar\/sitio\/wp-content\/uploads\/2024\/01\/7.-2023-PROGRAMA-DE-MATEMATICA-QUIMICA-RAVAZA.pdf\" target=\"_blank\" rel=\"noreferrer noopener\"><img decoding=\"async\" loading=\"lazy\" width=\"512\" height=\"512\" class=\"wp-image-6952\" style=\"width: 40px;\" src=\"https:\/\/ies6017-sal.infd.edu.ar\/sitio\/wp-content\/uploads\/2023\/12\/descargando-archivo.png\" alt=\"\" srcset=\"https:\/\/ies6017-sal.infd.edu.ar\/sitio\/wp-content\/uploads\/2023\/12\/descargando-archivo.png 512w, https:\/\/ies6017-sal.infd.edu.ar\/sitio\/wp-content\/uploads\/2023\/12\/descargando-archivo-500x500.png 500w\" sizes=\"(max-width: 512px) 100vw, 512px\" \/><\/a><\/td><\/tr><tr><td>Laboratorio I<\/td><td class=\"has-text-align-center\" data-align=\"center\"><a href=\"https:\/\/ies6017-sal.infd.edu.ar\/sitio\/wp-content\/uploads\/2024\/01\/8.-Programa-_Laboratorio-I_2023.pdf\" target=\"_blank\" rel=\"noreferrer noopener\"><img decoding=\"async\" loading=\"lazy\" width=\"512\" height=\"512\" class=\"wp-image-6952\" style=\"width: 40px;\" src=\"https:\/\/ies6017-sal.infd.edu.ar\/sitio\/wp-content\/uploads\/2023\/12\/descargando-archivo.png\" alt=\"\" srcset=\"https:\/\/ies6017-sal.infd.edu.ar\/sitio\/wp-content\/uploads\/2023\/12\/descargando-archivo.png 512w, https:\/\/ies6017-sal.infd.edu.ar\/sitio\/wp-content\/uploads\/2023\/12\/descargando-archivo-500x500.png 500w\" sizes=\"(max-width: 512px) 100vw, 512px\" \/><\/a><\/td><\/tr><tr><td>Practica Docente I: Contexto, Comunidad y Escuela<\/td><td class=\"has-text-align-center\" data-align=\"center\"><a href=\"https:\/\/ies6017-sal.infd.edu.ar\/sitio\/wp-content\/uploads\/2024\/01\/9.-Programa-Practica-I-Prof.-Quimica_LopezNicolas.pdf\" target=\"_blank\" rel=\"noreferrer noopener\"><img decoding=\"async\" loading=\"lazy\" width=\"512\" height=\"512\" class=\"wp-image-6952\" style=\"width: 40px;\" src=\"https:\/\/ies6017-sal.infd.edu.ar\/sitio\/wp-content\/uploads\/2023\/12\/descargando-archivo.png\" alt=\"\" srcset=\"https:\/\/ies6017-sal.infd.edu.ar\/sitio\/wp-content\/uploads\/2023\/12\/descargando-archivo.png 512w, https:\/\/ies6017-sal.infd.edu.ar\/sitio\/wp-content\/uploads\/2023\/12\/descargando-archivo-500x500.png 500w\" sizes=\"(max-width: 512px) 100vw, 512px\" \/><\/a><\/td><\/tr><\/tbody><\/table><\/figure>\n\n\n\n<p class=\"has-text-align-center has-base-3-color has-text-color has-background\" style=\"background-color:#e29f4b;text-transform:uppercase\"><strong>2\u00ba A\u00f1o<\/strong><\/p>\n\n\n\n<figure class=\"wp-block-table is-style-stripes\"><table><thead><tr><th>Unidad Curricular<\/th><th class=\"has-text-align-center\" data-align=\"center\">Programa<\/th><\/tr><\/thead><tbody><tr><td>Sociolog\u00eda de la Educaci\u00f3n<\/td><td class=\"has-text-align-center\" data-align=\"center\"><a href=\"https:\/\/ies6017-sal.infd.edu.ar\/sitio\/wp-content\/uploads\/2024\/01\/10.-Programa-Sociologia-de-la-Educ-QUIMICA-2023-Tarraga.pdf\" target=\"_blank\" rel=\"noreferrer noopener\"><img decoding=\"async\" loading=\"lazy\" width=\"512\" height=\"512\" class=\"wp-image-6952\" style=\"width: 40px;\" src=\"https:\/\/ies6017-sal.infd.edu.ar\/sitio\/wp-content\/uploads\/2023\/12\/descargando-archivo.png\" alt=\"\" srcset=\"https:\/\/ies6017-sal.infd.edu.ar\/sitio\/wp-content\/uploads\/2023\/12\/descargando-archivo.png 512w, https:\/\/ies6017-sal.infd.edu.ar\/sitio\/wp-content\/uploads\/2023\/12\/descargando-archivo-500x500.png 500w\" sizes=\"(max-width: 512px) 100vw, 512px\" \/><\/a><\/td><\/tr><tr><td>Historia Argentina y Latinoamericana<\/td><td class=\"has-text-align-center\" data-align=\"center\"><a href=\"https:\/\/ies6017-sal.infd.edu.ar\/sitio\/wp-content\/uploads\/2024\/01\/11.-Programa-Historia-Argentina-y-Latinoamericana-Profesorado-en-Quimica2023.pdf\" target=\"_blank\" rel=\"noreferrer noopener\"><img decoding=\"async\" loading=\"lazy\" width=\"512\" height=\"512\" class=\"wp-image-6952\" style=\"width: 40px;\" src=\"https:\/\/ies6017-sal.infd.edu.ar\/sitio\/wp-content\/uploads\/2023\/12\/descargando-archivo.png\" alt=\"\" srcset=\"https:\/\/ies6017-sal.infd.edu.ar\/sitio\/wp-content\/uploads\/2023\/12\/descargando-archivo.png 512w, https:\/\/ies6017-sal.infd.edu.ar\/sitio\/wp-content\/uploads\/2023\/12\/descargando-archivo-500x500.png 500w\" sizes=\"(max-width: 512px) 100vw, 512px\" \/><\/a><\/td><\/tr><tr><td>Tecnolog\u00eda de la Informaci\u00f3n y la Comunicaci\u00f3n \u2013 TIC<\/td><td class=\"has-text-align-center\" data-align=\"center\"><a href=\"https:\/\/ies6017-sal.infd.edu.ar\/sitio\/wp-content\/uploads\/2024\/01\/12.-programa-2023-TIC.pdf\" target=\"_blank\" rel=\"noreferrer noopener\"><img decoding=\"async\" loading=\"lazy\" width=\"512\" height=\"512\" class=\"wp-image-6952\" style=\"width: 40px;\" src=\"https:\/\/ies6017-sal.infd.edu.ar\/sitio\/wp-content\/uploads\/2023\/12\/descargando-archivo.png\" alt=\"\" srcset=\"https:\/\/ies6017-sal.infd.edu.ar\/sitio\/wp-content\/uploads\/2023\/12\/descargando-archivo.png 512w, https:\/\/ies6017-sal.infd.edu.ar\/sitio\/wp-content\/uploads\/2023\/12\/descargando-archivo-500x500.png 500w\" sizes=\"(max-width: 512px) 100vw, 512px\" \/><\/a><\/td><\/tr><tr><td>Sujeto de la Educaci\u00f3n Secundaria<\/td><td class=\"has-text-align-center\" data-align=\"center\"><a href=\"https:\/\/ies6017-sal.infd.edu.ar\/sitio\/wp-content\/uploads\/2024\/01\/13.-programa-quimica.docx-1.pdf\" target=\"_blank\" rel=\"noreferrer noopener\"><img decoding=\"async\" loading=\"lazy\" width=\"512\" height=\"512\" class=\"wp-image-6952\" style=\"width: 40px;\" src=\"https:\/\/ies6017-sal.infd.edu.ar\/sitio\/wp-content\/uploads\/2023\/12\/descargando-archivo.png\" alt=\"\" srcset=\"https:\/\/ies6017-sal.infd.edu.ar\/sitio\/wp-content\/uploads\/2023\/12\/descargando-archivo.png 512w, https:\/\/ies6017-sal.infd.edu.ar\/sitio\/wp-content\/uploads\/2023\/12\/descargando-archivo-500x500.png 500w\" sizes=\"(max-width: 512px) 100vw, 512px\" \/><\/a><\/td><\/tr><tr><td>Qu\u00edmica Inorg\u00e1nica<\/td><td class=\"has-text-align-center\" data-align=\"center\"><a href=\"https:\/\/ies6017-sal.infd.edu.ar\/sitio\/wp-content\/uploads\/2024\/01\/15.-Programa-Quimica-Inorganica.pdf\" target=\"_blank\" rel=\"noreferrer noopener\"><img decoding=\"async\" loading=\"lazy\" width=\"512\" height=\"512\" class=\"wp-image-6952\" style=\"width: 40px;\" src=\"https:\/\/ies6017-sal.infd.edu.ar\/sitio\/wp-content\/uploads\/2023\/12\/descargando-archivo.png\" alt=\"\" srcset=\"https:\/\/ies6017-sal.infd.edu.ar\/sitio\/wp-content\/uploads\/2023\/12\/descargando-archivo.png 512w, https:\/\/ies6017-sal.infd.edu.ar\/sitio\/wp-content\/uploads\/2023\/12\/descargando-archivo-500x500.png 500w\" sizes=\"(max-width: 512px) 100vw, 512px\" \/><\/a><\/td><\/tr><tr><td>Qu\u00edmica Org\u00e1nica I<\/td><td class=\"has-text-align-center\" data-align=\"center\"><a href=\"https:\/\/ies6017-sal.infd.edu.ar\/sitio\/wp-content\/uploads\/2024\/01\/14.-PROGRAMA-QUIMICA-ORGANICA-I.pdf\" target=\"_blank\" rel=\"noreferrer noopener\"><img decoding=\"async\" loading=\"lazy\" width=\"512\" height=\"512\" class=\"wp-image-6952\" style=\"width: 40px;\" src=\"https:\/\/ies6017-sal.infd.edu.ar\/sitio\/wp-content\/uploads\/2023\/12\/descargando-archivo.png\" alt=\"\" srcset=\"https:\/\/ies6017-sal.infd.edu.ar\/sitio\/wp-content\/uploads\/2023\/12\/descargando-archivo.png 512w, https:\/\/ies6017-sal.infd.edu.ar\/sitio\/wp-content\/uploads\/2023\/12\/descargando-archivo-500x500.png 500w\" sizes=\"(max-width: 512px) 100vw, 512px\" \/><\/a><\/td><\/tr><tr><td>Did\u00e1ctica Especial de la Qu\u00edmica<\/td><td class=\"has-text-align-center\" data-align=\"center\"><a href=\"https:\/\/ies6017-sal.infd.edu.ar\/sitio\/wp-content\/uploads\/2024\/01\/16.-PROGRAMA-DIDACTICA-ESPECIAL-DE-LA-QUIMICA-corregido.pdf\" target=\"_blank\" rel=\"noreferrer noopener\"><img decoding=\"async\" loading=\"lazy\" width=\"512\" height=\"512\" class=\"wp-image-6952\" style=\"width: 40px;\" src=\"https:\/\/ies6017-sal.infd.edu.ar\/sitio\/wp-content\/uploads\/2023\/12\/descargando-archivo.png\" alt=\"\" srcset=\"https:\/\/ies6017-sal.infd.edu.ar\/sitio\/wp-content\/uploads\/2023\/12\/descargando-archivo.png 512w, https:\/\/ies6017-sal.infd.edu.ar\/sitio\/wp-content\/uploads\/2023\/12\/descargando-archivo-500x500.png 500w\" sizes=\"(max-width: 512px) 100vw, 512px\" \/><\/a><\/td><\/tr><tr><td>F\u00edsica<\/td><td class=\"has-text-align-center\" data-align=\"center\"><a href=\"https:\/\/ies6017-sal.infd.edu.ar\/sitio\/wp-content\/uploads\/2024\/01\/17.-PROGRAMA-Fisica-Prof.-Qca-1.pdf\" target=\"_blank\" rel=\"noreferrer noopener\"><img decoding=\"async\" loading=\"lazy\" width=\"512\" height=\"512\" class=\"wp-image-6952\" style=\"width: 40px;\" src=\"https:\/\/ies6017-sal.infd.edu.ar\/sitio\/wp-content\/uploads\/2023\/12\/descargando-archivo.png\" alt=\"\" srcset=\"https:\/\/ies6017-sal.infd.edu.ar\/sitio\/wp-content\/uploads\/2023\/12\/descargando-archivo.png 512w, https:\/\/ies6017-sal.infd.edu.ar\/sitio\/wp-content\/uploads\/2023\/12\/descargando-archivo-500x500.png 500w\" sizes=\"(max-width: 512px) 100vw, 512px\" \/><\/a><\/td><\/tr><tr><td>Laboratorio II<\/td><td class=\"has-text-align-center\" data-align=\"center\"><a href=\"https:\/\/ies6017-sal.infd.edu.ar\/sitio\/wp-content\/uploads\/2024\/01\/18.-Programa-Laboratorio-2-2023-IES-6017.pdf\" target=\"_blank\" rel=\"noreferrer noopener\"><img decoding=\"async\" loading=\"lazy\" width=\"512\" height=\"512\" class=\"wp-image-6952\" style=\"width: 40px;\" src=\"https:\/\/ies6017-sal.infd.edu.ar\/sitio\/wp-content\/uploads\/2023\/12\/descargando-archivo.png\" alt=\"\" srcset=\"https:\/\/ies6017-sal.infd.edu.ar\/sitio\/wp-content\/uploads\/2023\/12\/descargando-archivo.png 512w, https:\/\/ies6017-sal.infd.edu.ar\/sitio\/wp-content\/uploads\/2023\/12\/descargando-archivo-500x500.png 500w\" sizes=\"(max-width: 512px) 100vw, 512px\" \/><\/a><\/td><\/tr><tr><td>Practica Docente II: Instituci\u00f3n, Curriculum y Ense\u00f1anza<\/td><td class=\"has-text-align-center\" data-align=\"center\"><a href=\"https:\/\/ies6017-sal.infd.edu.ar\/sitio\/wp-content\/uploads\/2024\/01\/19.-Programa_practica_II_Quimica-6017_2023-1.pdf\" target=\"_blank\" rel=\"noreferrer noopener\"><img decoding=\"async\" loading=\"lazy\" width=\"512\" height=\"512\" class=\"wp-image-6952\" style=\"width: 40px;\" src=\"https:\/\/ies6017-sal.infd.edu.ar\/sitio\/wp-content\/uploads\/2023\/12\/descargando-archivo.png\" alt=\"\" srcset=\"https:\/\/ies6017-sal.infd.edu.ar\/sitio\/wp-content\/uploads\/2023\/12\/descargando-archivo.png 512w, https:\/\/ies6017-sal.infd.edu.ar\/sitio\/wp-content\/uploads\/2023\/12\/descargando-archivo-500x500.png 500w\" sizes=\"(max-width: 512px) 100vw, 512px\" \/><\/a><\/td><\/tr><\/tbody><\/table><\/figure>\n","protected":false},"excerpt":{"rendered":"<p>Programas 1\u00ba A\u00f1o Unidad Curricular Programa Pedagog\u00eda Did\u00e1ctica General Psicolog\u00eda Educacional Lectura y Escritura Acad\u00e9mica Fundamentos de Qu\u00edmica General I Fundamentos de Qu\u00edmica General II Matem\u00e1tica Laboratorio I Practica Docente I: Contexto, Comunidad y Escuela 2\u00ba A\u00f1o Unidad Curricular Programa Sociolog\u00eda de la Educaci\u00f3n Historia Argentina y Latinoamericana Tecnolog\u00eda de la Informaci\u00f3n y la Comunicaci\u00f3n &#8230; <a title=\"Profesorado en Quimica 2023\" class=\"read-more\" href=\"https:\/\/ies6017-sal.infd.edu.ar\/sitio\/profesorado-en-quimica-2023\/\" aria-label=\"More on Profesorado en Quimica 2023\">[+]<\/a><\/p>\n","protected":false},"author":3682,"featured_media":0,"parent":0,"menu_order":0,"comment_status":"closed","ping_status":"closed","template":"","meta":[],"acf":[],"_links":{"self":[{"href":"https:\/\/ies6017-sal.infd.edu.ar\/sitio\/wp-json\/wp\/v2\/pages\/7048"}],"collection":[{"href":"https:\/\/ies6017-sal.infd.edu.ar\/sitio\/wp-json\/wp\/v2\/pages"}],"about":[{"href":"https:\/\/ies6017-sal.infd.edu.ar\/sitio\/wp-json\/wp\/v2\/types\/page"}],"author":[{"embeddable":true,"href":"https:\/\/ies6017-sal.infd.edu.ar\/sitio\/wp-json\/wp\/v2\/users\/3682"}],"replies":[{"embeddable":true,"href":"https:\/\/ies6017-sal.infd.edu.ar\/sitio\/wp-json\/wp\/v2\/comments?post=7048"}],"version-history":[{"count":14,"href":"https:\/\/ies6017-sal.infd.edu.ar\/sitio\/wp-json\/wp\/v2\/pages\/7048\/revisions"}],"predecessor-version":[{"id":7245,"href":"https:\/\/ies6017-sal.infd.edu.ar\/sitio\/wp-json\/wp\/v2\/pages\/7048\/revisions\/7245"}],"wp:attachment":[{"href":"https:\/\/ies6017-sal.infd.edu.ar\/sitio\/wp-json\/wp\/v2\/media?parent=7048"}],"curies":[{"name":"wp","href":"https:\/\/api.w.org\/{rel}","templated":true}]}}