{"id":6891,"date":"2023-12-14T21:12:55","date_gmt":"2023-12-15T00:12:55","guid":{"rendered":"https:\/\/ies6017-sal.infd.edu.ar\/sitio\/?page_id=6891"},"modified":"2023-12-14T21:17:35","modified_gmt":"2023-12-15T00:17:35","slug":"institucional-2","status":"publish","type":"page","link":"https:\/\/ies6017-sal.infd.edu.ar\/sitio\/institucional-2\/","title":{"rendered":"Institucional"},"content":{"rendered":"\n<div class=\"wp-block-cover alignfull\" style=\"min-height:120px\"><span aria-hidden=\"true\" class=\"wp-block-cover__background has-base-2-background-color has-background-dim-0 has-background-dim\"><\/span><div class=\"wp-block-cover__inner-container\">\n<h2 class=\"has-text-align-center wp-block-heading\"><img decoding=\"async\" loading=\"lazy\" width=\"674\" height=\"219\" class=\"wp-image-6637\" style=\"width: 350px;\" src=\"https:\/\/ies6017-sal.infd.edu.ar\/sitio\/wp-content\/uploads\/2023\/11\/Recurso-25.png\" alt=\"\"><\/h2>\n<\/div><\/div>\n\n\n\n<h3 style=\"text-align: center;\"><strong>Instituto de Ense\u00f1anza Superior N\u00ba 6017<\/strong><\/h3>\n<h3 style=\"text-align: center;\"><strong>\u201cProf. Amadeo R. Sirolli\u201d<\/strong><\/h3>\n<p style=\"text-align: center;\">General G\u00fcemes \u2013 Salta<\/p>\n<p style=\"text-align: justify;\">Este Instituto Superior de Formaci\u00f3n Docente forma parte del sistema de educaci\u00f3n p\u00fablica de gesti\u00f3n estatal. A trav\u00e9s de este sitio en Internet, nuestro Instituto podr\u00e1 comunicar novedades, acercar informaci\u00f3n, compartir experiencias y brindar apoyo y asesoramiento a alumnos, docentes e interesados en formar parte de esta comunidad educativa. Junto con varios cientos de Institutos, integramos la Red Virtual de Institutos Superiores de Formaci\u00f3n Docente coordinada por el INFD (Instituto Nacional de Formaci\u00f3n Docente) dependiente del Ministerio de Educaci\u00f3n de la Naci\u00f3n Argentina.<\/p>\n<p>Nuestro Escudo:<\/p>\n\n\n\n<div class=\"wp-block-columns is-layout-flex wp-container-3\">\n<div class=\"wp-block-column is-layout-flow\"><div class=\"wp-block-image\">\n<figure class=\"aligncenter size-full is-resized\"><img decoding=\"async\" loading=\"lazy\" src=\"https:\/\/ies6017-sal.infd.edu.ar\/sitio\/wp-content\/uploads\/2023\/11\/Recurso-26.png\" alt=\"\" class=\"wp-image-6557\" width=\"233\" height=\"233\"\/><\/figure><\/div><\/div>\n\n\n\n<div class=\"wp-block-column is-layout-flow\"><div class=\"wp-block-image\">\n<figure class=\"aligncenter size-full\"><img decoding=\"async\" loading=\"lazy\" width=\"233\" height=\"233\" src=\"https:\/\/ies6017-sal.infd.edu.ar\/sitio\/wp-content\/uploads\/2023\/11\/Logo-cuadrado.png\" alt=\"\" class=\"wp-image-6555\"\/><\/figure><\/div><\/div>\n<\/div>\n","protected":false},"excerpt":{"rendered":"<p>Instituto de Ense\u00f1anza Superior N\u00ba 6017 \u201cProf. Amadeo R. Sirolli\u201d General G\u00fcemes \u2013 Salta Este Instituto Superior de Formaci\u00f3n Docente forma parte del sistema de educaci\u00f3n p\u00fablica de gesti\u00f3n estatal. A trav\u00e9s de este sitio en Internet, nuestro Instituto podr\u00e1 comunicar novedades, acercar informaci\u00f3n, compartir experiencias y brindar apoyo y asesoramiento a alumnos, docentes e &#8230; <a title=\"Institucional\" class=\"read-more\" href=\"https:\/\/ies6017-sal.infd.edu.ar\/sitio\/institucional-2\/\" aria-label=\"More on Institucional\">[+]<\/a><\/p>\n","protected":false},"author":3120,"featured_media":0,"parent":0,"menu_order":0,"comment_status":"closed","ping_status":"closed","template":"","meta":[],"acf":[],"_links":{"self":[{"href":"https:\/\/ies6017-sal.infd.edu.ar\/sitio\/wp-json\/wp\/v2\/pages\/6891"}],"collection":[{"href":"https:\/\/ies6017-sal.infd.edu.ar\/sitio\/wp-json\/wp\/v2\/pages"}],"about":[{"href":"https:\/\/ies6017-sal.infd.edu.ar\/sitio\/wp-json\/wp\/v2\/types\/page"}],"author":[{"embeddable":true,"href":"https:\/\/ies6017-sal.infd.edu.ar\/sitio\/wp-json\/wp\/v2\/users\/3120"}],"replies":[{"embeddable":true,"href":"https:\/\/ies6017-sal.infd.edu.ar\/sitio\/wp-json\/wp\/v2\/comments?post=6891"}],"version-history":[{"count":3,"href":"https:\/\/ies6017-sal.infd.edu.ar\/sitio\/wp-json\/wp\/v2\/pages\/6891\/revisions"}],"predecessor-version":[{"id":6897,"href":"https:\/\/ies6017-sal.infd.edu.ar\/sitio\/wp-json\/wp\/v2\/pages\/6891\/revisions\/6897"}],"wp:attachment":[{"href":"https:\/\/ies6017-sal.infd.edu.ar\/sitio\/wp-json\/wp\/v2\/media?parent=6891"}],"curies":[{"name":"wp","href":"https:\/\/api.w.org\/{rel}","templated":true}]}}