{"id":6783,"date":"2023-12-07T21:49:54","date_gmt":"2023-12-08T00:49:54","guid":{"rendered":"https:\/\/ies6017-sal.infd.edu.ar\/sitio\/?page_id=6783"},"modified":"2025-12-16T12:21:28","modified_gmt":"2025-12-16T15:21:28","slug":"corretatividades","status":"publish","type":"page","link":"https:\/\/ies6017-sal.infd.edu.ar\/sitio\/corretatividades\/","title":{"rendered":"Corretatividades"},"content":{"rendered":"\n<div class=\"wp-block-cover alignfull\" style=\"min-height:120px\"><span aria-hidden=\"true\" class=\"wp-block-cover__background has-base-2-background-color has-background-dim-0 has-background-dim\"><\/span><div class=\"wp-block-cover__inner-container\">\n<h2 class=\"wp-block-heading has-text-align-center\"><img decoding=\"async\" loading=\"lazy\" width=\"674\" height=\"219\" class=\"wp-image-6637\" style=\"width: 350px;\" src=\"https:\/\/ies6017-sal.infd.edu.ar\/sitio\/wp-content\/uploads\/2023\/11\/Recurso-25.png\" alt=\"\"><\/h2>\n<\/div><\/div>\n\n\n\n<h3 class=\"wp-block-heading alignwide has-text-align-center\" style=\"letter-spacing:10px;text-transform:uppercase\">Correlatividades<\/h3>\n\n\n\n<div class=\"wp-block-columns alignfull is-layout-flex wp-container-10\">\n<div class=\"wp-block-column is-layout-flow\" style=\"flex-basis:50px\"><\/div>\n\n\n\n<div class=\"wp-block-column is-layout-flow\">\n<h3 class=\"wp-block-heading has-text-color\" style=\"color:#eb5b29;font-style:normal;font-weight:400\"><strong>Profesorados<\/strong><\/h3>\n\n\n\n<div class=\"wp-block-cover is-light\" style=\"min-height:144px\"><span aria-hidden=\"true\" class=\"wp-block-cover__background has-background-dim-100 has-background-dim\" style=\"background-color:#f6f6f6\"><\/span><div class=\"wp-block-cover__inner-container\">\n<div class=\"wp-block-buttons is-content-justification-center is-layout-flex wp-container-2\">\n<div class=\"wp-block-button has-custom-font-size is-style-fill has-medium-font-size\"><a class=\"wp-block-button__link has-contrast-2-color has-base-3-background-color has-text-color has-background wp-element-button\" href=\"https:\/\/ies6017-sal.infd.edu.ar\/sitio\/wp-content\/uploads\/2022\/10\/PDF-Correlatividades-Primaria.pdf\" style=\"border-radius:0px\"><strong>Profesorado de Educaci\u00f3n Primaria<\/strong><\/a><\/div>\n<\/div>\n<\/div><\/div>\n\n\n\n<div class=\"wp-block-cover\" style=\"min-height:144px\"><span aria-hidden=\"true\" class=\"wp-block-cover__background has-base-3-background-color has-background-dim-100 has-background-dim\"><\/span><div class=\"wp-block-cover__inner-container\">\n<div class=\"wp-block-buttons is-content-justification-center is-layout-flex wp-container-3\">\n<div class=\"wp-block-button has-custom-font-size has-medium-font-size\"><a class=\"wp-block-button__link has-contrast-2-color has-text-color has-background wp-element-button\" href=\"https:\/\/ies6017-sal.infd.edu.ar\/sitio\/correlatividad-quimica\/\" style=\"border-radius:0px;background-color:#f6f6f6\"><strong>Profesorado de Educaci\u00f3n Secundaria en Qu\u00edmica<\/strong><\/a><\/div>\n<\/div>\n<\/div><\/div>\n\n\n\n<div class=\"wp-block-cover is-light\" style=\"min-height:144px\"><span aria-hidden=\"true\" class=\"wp-block-cover__background has-background-dim-100 has-background-dim\" style=\"background-color:#f6f6f6\"><\/span><div class=\"wp-block-cover__inner-container\">\n<div class=\"wp-block-buttons is-content-justification-center is-layout-flex wp-container-4\">\n<div class=\"wp-block-button has-custom-font-size is-style-fill has-medium-font-size\"><a class=\"wp-block-button__link has-contrast-2-color has-base-3-background-color has-text-color has-background wp-element-button\" href=\"https:\/\/ies6017-sal.infd.edu.ar\/sitio\/wp-content\/uploads\/2022\/09\/PDF-Correlatividades-Informatica.pdf\" style=\"border-radius:0px\"><strong>Profesorado de Educaci\u00f3n Secundaria en Inform\u00e1tica<\/strong><\/a><\/div>\n<\/div>\n<\/div><\/div>\n\n\n\n<div class=\"wp-block-cover\" style=\"min-height:144px\"><span aria-hidden=\"true\" class=\"wp-block-cover__background has-base-3-background-color has-background-dim-100 has-background-dim\"><\/span><div class=\"wp-block-cover__inner-container\">\n<div class=\"wp-block-buttons is-content-justification-center is-layout-flex wp-container-5\">\n<div class=\"wp-block-button has-custom-font-size is-style-fill has-medium-font-size\"><a class=\"wp-block-button__link has-contrast-2-color has-text-color has-background wp-element-button\" style=\"border-radius:0px;background-color:#f6f6f6\"><strong>Profesorado de Educaci\u00f3n Secundaria en Biolog\u00eda<\/strong><\/a><\/div>\n<\/div>\n<\/div><\/div>\n\n\n\n<p><\/p>\n<\/div>\n\n\n\n<div class=\"wp-block-column is-layout-flow\">\n<h3 class=\"wp-block-heading has-text-color\" style=\"color:#eb5b29;font-style:normal;font-weight:400\"><strong>Tecnicaturas<\/strong><\/h3>\n\n\n\n<div class=\"wp-block-cover is-light\" style=\"min-height:144px\"><span aria-hidden=\"true\" class=\"wp-block-cover__background has-background-dim-100 has-background-dim\" style=\"background-color:#f6f6f6\"><\/span><div class=\"wp-block-cover__inner-container\">\n<div class=\"wp-block-buttons is-content-justification-center is-layout-flex wp-container-7\">\n<div class=\"wp-block-button has-custom-font-size has-medium-font-size\"><a class=\"wp-block-button__link has-contrast-2-color has-base-3-background-color has-text-color has-background wp-element-button\" href=\"https:\/\/ies6017-sal.infd.edu.ar\/sitio\/correlatividad-tec-analisis\/\" style=\"border-radius:0px\"><strong>Tecnicatura Superior en An\u00e1lisis de Sistema con Orientaci\u00f3n en Redes Inform\u00e1ticas<\/strong><\/a><\/div>\n<\/div>\n<\/div><\/div>\n<\/div>\n\n\n\n<div class=\"wp-block-column is-layout-flow\" style=\"flex-basis:50px\"><\/div>\n<\/div>\n","protected":false},"excerpt":{"rendered":"<p>Correlatividades Profesorados Tecnicaturas<\/p>\n","protected":false},"author":3682,"featured_media":0,"parent":0,"menu_order":0,"comment_status":"closed","ping_status":"closed","template":"","meta":[],"acf":[],"_links":{"self":[{"href":"https:\/\/ies6017-sal.infd.edu.ar\/sitio\/wp-json\/wp\/v2\/pages\/6783"}],"collection":[{"href":"https:\/\/ies6017-sal.infd.edu.ar\/sitio\/wp-json\/wp\/v2\/pages"}],"about":[{"href":"https:\/\/ies6017-sal.infd.edu.ar\/sitio\/wp-json\/wp\/v2\/types\/page"}],"author":[{"embeddable":true,"href":"https:\/\/ies6017-sal.infd.edu.ar\/sitio\/wp-json\/wp\/v2\/users\/3682"}],"replies":[{"embeddable":true,"href":"https:\/\/ies6017-sal.infd.edu.ar\/sitio\/wp-json\/wp\/v2\/comments?post=6783"}],"version-history":[{"count":6,"href":"https:\/\/ies6017-sal.infd.edu.ar\/sitio\/wp-json\/wp\/v2\/pages\/6783\/revisions"}],"predecessor-version":[{"id":8768,"href":"https:\/\/ies6017-sal.infd.edu.ar\/sitio\/wp-json\/wp\/v2\/pages\/6783\/revisions\/8768"}],"wp:attachment":[{"href":"https:\/\/ies6017-sal.infd.edu.ar\/sitio\/wp-json\/wp\/v2\/media?parent=6783"}],"curies":[{"name":"wp","href":"https:\/\/api.w.org\/{rel}","templated":true}]}}