{"id":6773,"date":"2023-12-07T21:22:55","date_gmt":"2023-12-08T00:22:55","guid":{"rendered":"https:\/\/ies6017-sal.infd.edu.ar\/sitio\/?page_id=6773"},"modified":"2023-12-20T16:12:46","modified_gmt":"2023-12-20T19:12:46","slug":"programas-3","status":"publish","type":"page","link":"https:\/\/ies6017-sal.infd.edu.ar\/sitio\/programas-3\/","title":{"rendered":"Programas"},"content":{"rendered":"\n<div class=\"wp-block-cover alignfull\" style=\"min-height:120px\"><span aria-hidden=\"true\" class=\"wp-block-cover__background has-base-2-background-color has-background-dim-0 has-background-dim\"><\/span><div class=\"wp-block-cover__inner-container\">\n<h2 class=\"has-text-align-center wp-block-heading\"><img decoding=\"async\" loading=\"lazy\" width=\"674\" height=\"219\" class=\"wp-image-6637\" style=\"width: 350px;\" src=\"https:\/\/ies6017-sal.infd.edu.ar\/sitio\/wp-content\/uploads\/2023\/11\/Recurso-25.png\" alt=\"\"><\/h2>\n<\/div><\/div>\n\n\n\n<h3 class=\"alignwide has-text-align-center wp-block-heading\" style=\"letter-spacing:10px;text-transform:uppercase\">Programas<\/h3>\n\n\n\n<div class=\"wp-block-columns alignfull is-layout-flex wp-container-10\">\n<div class=\"wp-block-column is-layout-flow\" style=\"flex-basis:50px\"><\/div>\n\n\n\n<div class=\"wp-block-column is-layout-flow\">\n<h3 class=\"wp-block-heading\" style=\"font-style:normal;font-weight:400\">Profesorados<\/h3>\n\n\n\n<div class=\"wp-block-cover is-light\" style=\"min-height:144px\"><span aria-hidden=\"true\" class=\"wp-block-cover__background has-background-dim-100 has-background-dim\" style=\"background-color:#e29f4b\"><\/span><div class=\"wp-block-cover__inner-container\">\n<div class=\"wp-block-buttons is-content-justification-center is-layout-flex wp-container-2\">\n<div class=\"wp-block-button has-custom-font-size has-medium-font-size\"><a class=\"wp-block-button__link has-background wp-element-button\" href=\"https:\/\/drive.google.com\/drive\/folders\/1OP_Gb4KvhuUFgpSUS-5WJjimNEzaaTPs\" style=\"background-color:#e29f4b\"><strong>Profesorado de Educaci\u00f3n Secundaria en Qu\u00edmica<\/strong><\/a><\/div>\n<\/div>\n<\/div><\/div>\n\n\n\n<div class=\"wp-block-cover is-light\" style=\"min-height:144px\"><span aria-hidden=\"true\" class=\"wp-block-cover__background has-background-dim-100 has-background-dim\" style=\"background-color:#eb5b28\"><\/span><div class=\"wp-block-cover__inner-container\">\n<div class=\"wp-block-buttons is-content-justification-center is-layout-flex wp-container-3\">\n<div class=\"wp-block-button has-custom-font-size is-style-fill has-medium-font-size\"><a class=\"wp-block-button__link has-background wp-element-button\" href=\"https:\/\/drive.google.com\/drive\/folders\/1UyE-_uMXse_Cte5nYyslf9_6J-nMBU31\" style=\"background-color:#eb5b28\"><strong>Profesorado de Educaci\u00f3n Secundaria en Inform\u00e1tica<\/strong><\/a><\/div>\n<\/div>\n<\/div><\/div>\n\n\n\n<p><\/p>\n<\/div>\n\n\n\n<div class=\"wp-block-column is-layout-flow\">\n<h3 class=\"wp-block-heading\" style=\"font-style:normal;font-weight:400\">Tecnicaturas<\/h3>\n\n\n\n<div class=\"wp-block-cover is-light\" style=\"min-height:144px\"><span aria-hidden=\"true\" class=\"wp-block-cover__background has-background-dim-100 has-background-dim\" style=\"background-color:#eb5b28\"><\/span><div class=\"wp-block-cover__inner-container\">\n<div class=\"wp-block-buttons is-content-justification-center is-layout-flex wp-container-5\">\n<div class=\"wp-block-button has-custom-font-size is-style-fill has-medium-font-size\"><a class=\"wp-block-button__link has-background wp-element-button\" style=\"background-color:#eb5b28\"><strong>Tecnicatura Superior en Relaciones Laborales con Orientaci\u00f3n en Gesti\u00f3n de Recursos Humanos<\/strong><\/a><\/div>\n<\/div>\n<\/div><\/div>\n\n\n\n<div class=\"wp-block-cover is-light\" style=\"min-height:144px\"><span aria-hidden=\"true\" class=\"wp-block-cover__background has-background-dim-100 has-background-dim\" style=\"background-color:#e29f4b\"><\/span><div class=\"wp-block-cover__inner-container\">\n<div class=\"wp-block-buttons is-content-justification-center is-layout-flex wp-container-6\">\n<div class=\"wp-block-button has-custom-font-size has-medium-font-size\"><a class=\"wp-block-button__link has-background wp-element-button\" style=\"background-color:#e29f4b\"><strong>Tecnicatura Superior en Electr\u00f3nica<\/strong><\/a><\/div>\n<\/div>\n<\/div><\/div>\n\n\n\n<div class=\"wp-block-cover is-light\" style=\"min-height:144px\"><span aria-hidden=\"true\" class=\"wp-block-cover__background has-background-dim-100 has-background-dim\" style=\"background-color:#eb5b28\"><\/span><div class=\"wp-block-cover__inner-container\">\n<div class=\"wp-block-buttons is-content-justification-center is-layout-flex wp-container-7\">\n<div class=\"wp-block-button has-custom-font-size has-medium-font-size\"><a class=\"wp-block-button__link has-background wp-element-button\" style=\"background-color:#eb5b28\"><strong>Tecnicatura Superior en An\u00e1lisis de Sistema con Orientaci\u00f3n en Redes Inform\u00e1ticas<\/strong><\/a><\/div>\n<\/div>\n<\/div><\/div>\n<\/div>\n\n\n\n<div class=\"wp-block-column is-layout-flow\" style=\"flex-basis:50px\"><\/div>\n<\/div>\n","protected":false},"excerpt":{"rendered":"<p>Programas Profesorados Tecnicaturas<\/p>\n","protected":false},"author":3682,"featured_media":0,"parent":0,"menu_order":0,"comment_status":"closed","ping_status":"closed","template":"","meta":[],"acf":[],"_links":{"self":[{"href":"https:\/\/ies6017-sal.infd.edu.ar\/sitio\/wp-json\/wp\/v2\/pages\/6773"}],"collection":[{"href":"https:\/\/ies6017-sal.infd.edu.ar\/sitio\/wp-json\/wp\/v2\/pages"}],"about":[{"href":"https:\/\/ies6017-sal.infd.edu.ar\/sitio\/wp-json\/wp\/v2\/types\/page"}],"author":[{"embeddable":true,"href":"https:\/\/ies6017-sal.infd.edu.ar\/sitio\/wp-json\/wp\/v2\/users\/3682"}],"replies":[{"embeddable":true,"href":"https:\/\/ies6017-sal.infd.edu.ar\/sitio\/wp-json\/wp\/v2\/comments?post=6773"}],"version-history":[{"count":4,"href":"https:\/\/ies6017-sal.infd.edu.ar\/sitio\/wp-json\/wp\/v2\/pages\/6773\/revisions"}],"predecessor-version":[{"id":7025,"href":"https:\/\/ies6017-sal.infd.edu.ar\/sitio\/wp-json\/wp\/v2\/pages\/6773\/revisions\/7025"}],"wp:attachment":[{"href":"https:\/\/ies6017-sal.infd.edu.ar\/sitio\/wp-json\/wp\/v2\/media?parent=6773"}],"curies":[{"name":"wp","href":"https:\/\/api.w.org\/{rel}","templated":true}]}}