{"id":5899,"date":"2023-06-28T20:59:26","date_gmt":"2023-06-28T23:59:26","guid":{"rendered":"https:\/\/ies6017-sal.infd.edu.ar\/sitio\/?page_id=5899"},"modified":"2024-09-03T20:35:58","modified_gmt":"2024-09-03T23:35:58","slug":"cipe-2023","status":"publish","type":"page","link":"https:\/\/ies6017-sal.infd.edu.ar\/sitio\/cipe-2023\/","title":{"rendered":"CIPE"},"content":{"rendered":"\n<h2 class=\"wp-block-heading has-text-align-center\" id=\"block-2335dc70-88a8-4a1b-9519-63154050e2f3\"><img decoding=\"async\" src=\"https:\/\/ies6017-sal.infd.edu.ar\/sitio\/wp-content\/uploads\/2023\/11\/Recurso-25.png\" alt=\"\" style=\"width: 350px;\"><\/h2>\n\n\n<h4><strong>\u00bfQu\u00e9 es el CIPE?<\/strong><\/h4>\n<p style=\"text-align: justify;\">Las pol\u00edticas estudiantiles tienen como punto de partida el reconocimiento de las\/os estudiantes de la Formaci\u00f3n Docente como actores centrales del sistema formador. Su participaci\u00f3n en los procesos pedag\u00f3gicos e institucionales resulta imprescindible, no s\u00f3lo para garantizar y ampliar sus derechos educativos sino tambi\u00e9n por su car\u00e1cter formativo, dado que como docentes deber\u00e1n asumir una profunda responsabilidad con la realidad social en la que se sit\u00faan sus pr\u00e1cticas y con los derechos de sus estudiantes.<\/p>\n<p><img decoding=\"async\" loading=\"lazy\" class=\"wp-image-5925 size-full aligncenter\" src=\"https:\/\/ies6017-sal.infd.edu.ar\/sitio\/wp-content\/uploads\/2023\/07\/CIPE-Sirolli-2023.jpg\" alt=\"\" width=\"1000\" height=\"590\" srcset=\"https:\/\/ies6017-sal.infd.edu.ar\/sitio\/wp-content\/uploads\/2023\/07\/CIPE-Sirolli-2023.jpg 1000w, https:\/\/ies6017-sal.infd.edu.ar\/sitio\/wp-content\/uploads\/2023\/07\/CIPE-Sirolli-2023-768x453.jpg 768w\" sizes=\"(max-width: 1000px) 100vw, 1000px\" \/><\/p>\n<p>Las\/os CIPEs han constituido, desde su creaci\u00f3n en el a\u00f1o 2013, una l\u00ednea estrat\u00e9gica para el INFoD y para cada una de las jurisdicciones en la promoci\u00f3n territorial e institucional de las acciones destinadas al fortalecimiento de las trayectorias formativas entendidas de manera integral. <br \/>La figura de las\/os CIPEs se convierte en una valiosa herramienta, en tanto actoras\/es que se suman al trabajo institucional para motorizar las acciones de acompa\u00f1amiento y todos los ejes rectores dentro de los que se dise\u00f1an y gestionan las Pol\u00edticas Estudiantiles.<\/p>\n<p><img decoding=\"async\" loading=\"lazy\" class=\"alignnone size-medium wp-image-5929 aligncenter\" src=\"https:\/\/ies6017-sal.infd.edu.ar\/sitio\/wp-content\/uploads\/2023\/07\/Cipe-Sirolli-Info-1000x491.jpg\" alt=\"\" width=\"1000\" height=\"491\" srcset=\"https:\/\/ies6017-sal.infd.edu.ar\/sitio\/wp-content\/uploads\/2023\/07\/Cipe-Sirolli-Info-1000x491.jpg 1000w, https:\/\/ies6017-sal.infd.edu.ar\/sitio\/wp-content\/uploads\/2023\/07\/Cipe-Sirolli-Info-768x377.jpg 768w, https:\/\/ies6017-sal.infd.edu.ar\/sitio\/wp-content\/uploads\/2023\/07\/Cipe-Sirolli-Info.jpg 1429w\" sizes=\"(max-width: 1000px) 100vw, 1000px\" \/><\/p>","protected":false},"excerpt":{"rendered":"<p>\u00bfQu\u00e9 es el CIPE? Las pol\u00edticas estudiantiles tienen como punto de partida el reconocimiento de las\/os estudiantes de la Formaci\u00f3n Docente como actores centrales del sistema formador. Su participaci\u00f3n en los procesos pedag\u00f3gicos e institucionales resulta imprescindible, no s\u00f3lo para garantizar y ampliar sus derechos educativos sino tambi\u00e9n por su car\u00e1cter formativo, dado que como &#8230; <a title=\"CIPE\" class=\"read-more\" href=\"https:\/\/ies6017-sal.infd.edu.ar\/sitio\/cipe-2023\/\" aria-label=\"More on CIPE\">[+]<\/a><\/p>\n","protected":false},"author":3120,"featured_media":0,"parent":0,"menu_order":0,"comment_status":"closed","ping_status":"closed","template":"","meta":[],"acf":[],"_links":{"self":[{"href":"https:\/\/ies6017-sal.infd.edu.ar\/sitio\/wp-json\/wp\/v2\/pages\/5899"}],"collection":[{"href":"https:\/\/ies6017-sal.infd.edu.ar\/sitio\/wp-json\/wp\/v2\/pages"}],"about":[{"href":"https:\/\/ies6017-sal.infd.edu.ar\/sitio\/wp-json\/wp\/v2\/types\/page"}],"author":[{"embeddable":true,"href":"https:\/\/ies6017-sal.infd.edu.ar\/sitio\/wp-json\/wp\/v2\/users\/3120"}],"replies":[{"embeddable":true,"href":"https:\/\/ies6017-sal.infd.edu.ar\/sitio\/wp-json\/wp\/v2\/comments?post=5899"}],"version-history":[{"count":16,"href":"https:\/\/ies6017-sal.infd.edu.ar\/sitio\/wp-json\/wp\/v2\/pages\/5899\/revisions"}],"predecessor-version":[{"id":7859,"href":"https:\/\/ies6017-sal.infd.edu.ar\/sitio\/wp-json\/wp\/v2\/pages\/5899\/revisions\/7859"}],"wp:attachment":[{"href":"https:\/\/ies6017-sal.infd.edu.ar\/sitio\/wp-json\/wp\/v2\/media?parent=5899"}],"curies":[{"name":"wp","href":"https:\/\/api.w.org\/{rel}","templated":true}]}}