{"id":5754,"date":"2023-03-12T23:08:59","date_gmt":"2023-03-13T02:08:59","guid":{"rendered":"https:\/\/ies6017-sal.infd.edu.ar\/sitio\/?page_id=5754"},"modified":"2023-03-12T23:09:00","modified_gmt":"2023-03-13T02:09:00","slug":"actualizacion-academica","status":"publish","type":"page","link":"https:\/\/ies6017-sal.infd.edu.ar\/sitio\/actualizacion-academica\/","title":{"rendered":"ACTUALIZACI\u00d3N ACAD\u00c9MICA"},"content":{"rendered":"<p><img decoding=\"async\" loading=\"lazy\" class=\"size-medium wp-image-5735 aligncenter\" src=\"https:\/\/ies6017-sal.infd.edu.ar\/sitio\/wp-content\/uploads\/2023\/03\/Infd1-1000x227.jpg\" alt=\"\" width=\"1000\" height=\"227\" srcset=\"https:\/\/ies6017-sal.infd.edu.ar\/sitio\/wp-content\/uploads\/2023\/03\/Infd1-1000x227.jpg 1000w, https:\/\/ies6017-sal.infd.edu.ar\/sitio\/wp-content\/uploads\/2023\/03\/Infd1-768x174.jpg 768w, https:\/\/ies6017-sal.infd.edu.ar\/sitio\/wp-content\/uploads\/2023\/03\/Infd1.jpg 1480w\" sizes=\"(max-width: 1000px) 100vw, 1000px\" \/><\/p>\n<h4><strong>INSCRIPCION PARA ACTUALIZACI\u00d3N ACAD\u00c9MICA EN POL\u00cdTICAS Y GESTI\u00d3N INSTITUCIONAL DE INSTITUTOS DE FORMACI\u00d3N DOCENTE<\/strong><\/h4>\n<h4 dir=\"ltr\"><span style=\"font-size: small;\">\u00bfDe qu\u00e9 se trata la propuesta?<\/span><\/h4>\n<p dir=\"ltr\" style=\"text-align: justify;\"><span style=\"font-size: small;\">La propuesta formativa busca acompa\u00f1ar a los<b> equipos de conducci\u00f3n<\/b> en la gesti\u00f3n pol\u00edtico institucional a partir de proveer estrategias que posibiliten reconocer e intervenir en los problemas pedag\u00f3gicos que enfrentan, trabajar colectivamente para el hallazgo de soluciones posibles, y dise\u00f1ar propuestas de intervenci\u00f3n para fortalecimiento de las trayectorias estudiantiles.<\/span><\/p>\n<p><span style=\"font-size: small;\">\u00a0<\/span><\/p>\n<h4 dir=\"ltr\"><span style=\"font-size: small;\">\u00bfA qui\u00e9n est\u00e1 destinada?<\/span><\/h4>\n<p dir=\"ltr\" style=\"text-align: justify;\"><span style=\"font-size: small;\">A rectoras\/es, vicerrectoras\/es, regentes, secretarias\/os acad\u00e9micas\/os, director\/a de departamento, director\/a o coordinador\/a de carrera, coordinador\/a de campo, docentes que ejerzan cargos en ISFD y est\u00e9n en condiciones de realizar concurso de ascenso, o cargos afines a todos los mencionados, seg\u00fan denominaci\u00f3n jurisdiccional.<\/span><\/p>\n<p><span style=\"font-size: small;\">\u00a0<\/span><\/p>\n<h4 dir=\"ltr\"><span style=\"font-size: small;\">\u00bfC\u00f3mo es la modalidad de cursada?<\/span><\/h4>\n<p dir=\"ltr\"><span style=\"font-size: small;\">Ser\u00e1 virtual, con instancias sincr\u00f3nicas y asincr\u00f3nicas. Cuenta con cinco espacios curriculares y la elaboraci\u00f3n de un trabajo final integrador.<\/span><\/p>\n<p dir=\"ltr\">\u00a0<\/p>\n<p dir=\"ltr\"><span style=\"font-size: small;\">Para conocer m\u00e1s detalles de la propuesta, pueden hacerlo<a href=\"https:\/\/na01.safelinks.protection.outlook.com\/?url=https%3A%2F%2Fred.infd.edu.ar%2Factualizacion-academica-en-politicas-y-gestion-institucional-de-institutos-de-formacion-docente%2F&amp;data=05%7C01%7C%7C267efcca917149f3f2db08db2000a6da%7C84df9e7fe9f640afb435aaaaaaaaaaaa%7C1%7C0%7C638138959416329574%7CUnknown%7CTWFpbGZsb3d8eyJWIjoiMC4wLjAwMDAiLCJQIjoiV2luMzIiLCJBTiI6Ik1haWwiLCJXVCI6Mn0%3D%7C3000%7C%7C%7C&amp;sdata=HMObjiKbconW2oAczkTAasPZHf6qgKzo7RPnm6IbY8c%3D&amp;reserved=0\" target=\"_blank\" rel=\"nofollow noopener noreferrer\"> aqu\u00ed<\/a>.<\/span><\/p>\n<p dir=\"ltr\"><span style=\"font-size: small;\">Para inscribirse, ingresar a este enlace:<a href=\"https:\/\/na01.safelinks.protection.outlook.com\/?url=http%3A%2F%2Fbit.ly%2FAAPoliticasyGestionInstitucional&amp;data=05%7C01%7C%7C267efcca917149f3f2db08db2000a6da%7C84df9e7fe9f640afb435aaaaaaaaaaaa%7C1%7C0%7C638138959416329574%7CUnknown%7CTWFpbGZsb3d8eyJWIjoiMC4wLjAwMDAiLCJQIjoiV2luMzIiLCJBTiI6Ik1haWwiLCJXVCI6Mn0%3D%7C3000%7C%7C%7C&amp;sdata=m0XY%2FHZs2hXyY%2FEDCawq2mPCHDk%2Brq7a4ISV9pgKCRQ%3D&amp;reserved=0\" target=\"_blank\" rel=\"nofollow noopener noreferrer\"> bit.ly\/AAPoliticasyGestionInstitucional<\/a>\u00a0<\/span><\/p>\n<p dir=\"ltr\"><span style=\"font-size: small;\">La inscripci\u00f3n est\u00e1 abierta hasta el 17 de marzo.<\/span><\/p>\n<p>&nbsp;<\/p>\n<p><span style=\"font-size: small;\"><b>Consultas: <a href=\"mailto:actualizaciondirectivos@infd.edu.ar\" target=\"_blank\" rel=\"nofollow noopener noreferrer\"> actualizaciondirectivos@infd.edu.ar<\/a><\/b><\/span><\/p>\n","protected":false},"excerpt":{"rendered":"<p>INSCRIPCION PARA ACTUALIZACI\u00d3N ACAD\u00c9MICA EN POL\u00cdTICAS Y GESTI\u00d3N INSTITUCIONAL DE INSTITUTOS DE FORMACI\u00d3N DOCENTE \u00bfDe qu\u00e9 se trata la propuesta? La propuesta formativa busca acompa\u00f1ar a los equipos de conducci\u00f3n en la gesti\u00f3n pol\u00edtico institucional a partir de proveer estrategias que posibiliten reconocer e intervenir en los problemas pedag\u00f3gicos que enfrentan, trabajar colectivamente para el &#8230; <a title=\"ACTUALIZACI\u00d3N ACAD\u00c9MICA\" class=\"read-more\" href=\"https:\/\/ies6017-sal.infd.edu.ar\/sitio\/actualizacion-academica\/\" aria-label=\"More on ACTUALIZACI\u00d3N ACAD\u00c9MICA\">[+]<\/a><\/p>\n","protected":false},"author":3120,"featured_media":0,"parent":0,"menu_order":0,"comment_status":"closed","ping_status":"closed","template":"","meta":[],"acf":[],"_links":{"self":[{"href":"https:\/\/ies6017-sal.infd.edu.ar\/sitio\/wp-json\/wp\/v2\/pages\/5754"}],"collection":[{"href":"https:\/\/ies6017-sal.infd.edu.ar\/sitio\/wp-json\/wp\/v2\/pages"}],"about":[{"href":"https:\/\/ies6017-sal.infd.edu.ar\/sitio\/wp-json\/wp\/v2\/types\/page"}],"author":[{"embeddable":true,"href":"https:\/\/ies6017-sal.infd.edu.ar\/sitio\/wp-json\/wp\/v2\/users\/3120"}],"replies":[{"embeddable":true,"href":"https:\/\/ies6017-sal.infd.edu.ar\/sitio\/wp-json\/wp\/v2\/comments?post=5754"}],"version-history":[{"count":2,"href":"https:\/\/ies6017-sal.infd.edu.ar\/sitio\/wp-json\/wp\/v2\/pages\/5754\/revisions"}],"predecessor-version":[{"id":5758,"href":"https:\/\/ies6017-sal.infd.edu.ar\/sitio\/wp-json\/wp\/v2\/pages\/5754\/revisions\/5758"}],"wp:attachment":[{"href":"https:\/\/ies6017-sal.infd.edu.ar\/sitio\/wp-json\/wp\/v2\/media?parent=5754"}],"curies":[{"name":"wp","href":"https:\/\/api.w.org\/{rel}","templated":true}]}}