{"id":5580,"date":"2025-01-17T17:44:36","date_gmt":"2025-01-17T20:44:36","guid":{"rendered":"https:\/\/ies6017-sal.infd.edu.ar\/sitio\/?page_id=5580"},"modified":"2025-12-16T17:18:14","modified_gmt":"2025-12-16T20:18:14","slug":"disposiciones-tecnicaturas","status":"publish","type":"page","link":"https:\/\/ies6017-sal.infd.edu.ar\/sitio\/disposiciones-tecnicaturas\/","title":{"rendered":"Disposiciones &#8211; Tecnicaturas"},"content":{"rendered":"\n<div class=\"wp-block-cover alignfull\" style=\"min-height:120px\"><span aria-hidden=\"true\" class=\"wp-block-cover__background has-base-2-background-color has-background-dim-0 has-background-dim\"><\/span><div class=\"wp-block-cover__inner-container\">\n<h2 class=\"wp-block-heading has-text-align-center\"><img decoding=\"async\" loading=\"lazy\" width=\"674\" height=\"219\" class=\"wp-image-6637\" style=\"width: 350px;\" src=\"https:\/\/ies6017-sal.infd.edu.ar\/sitio\/wp-content\/uploads\/2023\/11\/Recurso-25.png\" alt=\"\"><\/h2>\n<\/div><\/div>\n\n\n\n<h3 class=\"wp-block-heading\"><strong>Disposiciones de Concursos para <\/strong>Tecnicaturas<\/h3>\n\n\n\n<p><strong>1\u00ba Cuatrimestre &#8211; Anual &#8211; 2025<\/strong><\/p>\n\n\n\n<figure class=\"wp-block-table is-style-stripes\"><table><thead><tr><th>Carrera Tecnicatura Superior en AN\u00c1LISIS DE SISTEMAS Y DESARROLLO DE SOFTWARE<\/th><th class=\"has-text-align-center\" data-align=\"center\">A\u00f1o<\/th><th class=\"has-text-align-center\" data-align=\"center\">Descarga<\/th><\/tr><\/thead><tbody><tr><td>Tecnicatura Superior en AN\u00c1LISIS DE SISTEMAS Y DESARROLLO DE SOFTWARE<\/td><td class=\"has-text-align-center\" data-align=\"center\">1\u00ba<\/td><td class=\"has-text-align-center\" data-align=\"center\"><a href=\"https:\/\/ies6017-sal.infd.edu.ar\/sitio\/wp-content\/uploads\/2025\/12\/DI-99-25-IES-6017-1ero.pdf\" target=\"_blank\" rel=\"noreferrer noopener\"><img decoding=\"async\" loading=\"lazy\" width=\"512\" height=\"512\" class=\"wp-image-6952\" style=\"width: 40px;\" src=\"https:\/\/ies6017-sal.infd.edu.ar\/sitio\/wp-content\/uploads\/2023\/12\/descargando-archivo.png\" alt=\"\" srcset=\"https:\/\/ies6017-sal.infd.edu.ar\/sitio\/wp-content\/uploads\/2023\/12\/descargando-archivo.png 512w, https:\/\/ies6017-sal.infd.edu.ar\/sitio\/wp-content\/uploads\/2023\/12\/descargando-archivo-500x500.png 500w\" sizes=\"(max-width: 512px) 100vw, 512px\" \/><\/a><\/td><\/tr><tr><td>Tecnicatura Superior en AN\u00c1LISIS DE SISTEMAS Y DESARROLLO DE SOFTWARE<\/td><td class=\"has-text-align-center\" data-align=\"center\">2\u00ba<\/td><td class=\"has-text-align-center\" data-align=\"center\"><a href=\"https:\/\/ies6017-sal.infd.edu.ar\/sitio\/wp-content\/uploads\/2025\/12\/DI-99-25-IES-6017-ANALISTA-2do.pdf\" target=\"_blank\" rel=\"noreferrer noopener\"><img decoding=\"async\" loading=\"lazy\" width=\"512\" height=\"512\" class=\"wp-image-6952\" style=\"width: 40px;\" src=\"https:\/\/ies6017-sal.infd.edu.ar\/sitio\/wp-content\/uploads\/2023\/12\/descargando-archivo.png\" alt=\"\" srcset=\"https:\/\/ies6017-sal.infd.edu.ar\/sitio\/wp-content\/uploads\/2023\/12\/descargando-archivo.png 512w, https:\/\/ies6017-sal.infd.edu.ar\/sitio\/wp-content\/uploads\/2023\/12\/descargando-archivo-500x500.png 500w\" sizes=\"(max-width: 512px) 100vw, 512px\" \/><\/a><\/td><\/tr><tr><td>Tecnicatura Superior en AN\u00c1LISIS DE SISTEMAS Y DESARROLLO DE SOFTWARE<\/td><td class=\"has-text-align-center\" data-align=\"center\">3\u00b0<\/td><td class=\"has-text-align-center\" data-align=\"center\"><a href=\"https:\/\/ies6017-sal.infd.edu.ar\/sitio\/wp-content\/uploads\/2025\/12\/DI-100-25-IES-6017-ANALISTA-3ero.pdf\" target=\"_blank\" rel=\"noreferrer noopener\"><img decoding=\"async\" loading=\"lazy\" width=\"512\" height=\"512\" class=\"wp-image-6952\" style=\"width: 40px;\" src=\"https:\/\/ies6017-sal.infd.edu.ar\/sitio\/wp-content\/uploads\/2023\/12\/descargando-archivo.png\" alt=\"\" srcset=\"https:\/\/ies6017-sal.infd.edu.ar\/sitio\/wp-content\/uploads\/2023\/12\/descargando-archivo.png 512w, https:\/\/ies6017-sal.infd.edu.ar\/sitio\/wp-content\/uploads\/2023\/12\/descargando-archivo-500x500.png 500w\" sizes=\"(max-width: 512px) 100vw, 512px\" \/><\/a><\/td><\/tr><\/tbody><\/table><\/figure>\n\n\n\n<figure class=\"wp-block-table is-style-stripes\"><table><thead><tr><th>                     Carrera Tecnicatura Superior en LABORATORIO<\/th><th class=\"has-text-align-center\" data-align=\"center\">A\u00f1o<\/th><th class=\"has-text-align-center\" data-align=\"center\">Descarga<\/th><\/tr><\/thead><tbody><tr><td>Tecnicatura Superior en LABORATORIO<\/td><td class=\"has-text-align-center\" data-align=\"center\">1\u00ba<\/td><td class=\"has-text-align-center\" data-align=\"center\"><a href=\"https:\/\/ies6017-sal.infd.edu.ar\/sitio\/wp-content\/uploads\/2025\/12\/DI-114-25-IES-6017-LABORATORIO-1ER-ANO.pdf\" target=\"_blank\" rel=\"noreferrer noopener\"><img decoding=\"async\" loading=\"lazy\" width=\"512\" height=\"512\" class=\"wp-image-6952\" style=\"width: 40px;\" src=\"https:\/\/ies6017-sal.infd.edu.ar\/sitio\/wp-content\/uploads\/2023\/12\/descargando-archivo.png\" alt=\"\" srcset=\"https:\/\/ies6017-sal.infd.edu.ar\/sitio\/wp-content\/uploads\/2023\/12\/descargando-archivo.png 512w, https:\/\/ies6017-sal.infd.edu.ar\/sitio\/wp-content\/uploads\/2023\/12\/descargando-archivo-500x500.png 500w\" sizes=\"(max-width: 512px) 100vw, 512px\" \/><\/a><\/td><\/tr><tr><td>Tecnicatura Superior en LABORATORIO<\/td><td class=\"has-text-align-center\" data-align=\"center\">2\u00ba<\/td><td class=\"has-text-align-center\" data-align=\"center\"><a href=\"https:\/\/ies6017-sal.infd.edu.ar\/sitio\/wp-content\/uploads\/2025\/12\/DI-115-25-IES-6017-LABORATORIO-2DO-ANO.pdf\" target=\"_blank\" rel=\"noreferrer noopener\"><img decoding=\"async\" loading=\"lazy\" width=\"512\" height=\"512\" class=\"wp-image-6952\" style=\"width: 40px;\" src=\"https:\/\/ies6017-sal.infd.edu.ar\/sitio\/wp-content\/uploads\/2023\/12\/descargando-archivo.png\" alt=\"\" srcset=\"https:\/\/ies6017-sal.infd.edu.ar\/sitio\/wp-content\/uploads\/2023\/12\/descargando-archivo.png 512w, https:\/\/ies6017-sal.infd.edu.ar\/sitio\/wp-content\/uploads\/2023\/12\/descargando-archivo-500x500.png 500w\" sizes=\"(max-width: 512px) 100vw, 512px\" \/><\/a><\/td><\/tr><tr><td>Tecnicatura Superior en LABORATORIO<\/td><td class=\"has-text-align-center\" data-align=\"center\">3\u00b0<\/td><td class=\"has-text-align-center\" data-align=\"center\"><a href=\"https:\/\/ies6017-sal.infd.edu.ar\/sitio\/wp-content\/uploads\/2025\/12\/DI-116-25-IES-6017-LABORATORIO-3ER-ANO.pdf\" target=\"_blank\" rel=\"noreferrer noopener\"><img decoding=\"async\" loading=\"lazy\" width=\"512\" height=\"512\" class=\"wp-image-6952\" style=\"width: 40px;\" src=\"https:\/\/ies6017-sal.infd.edu.ar\/sitio\/wp-content\/uploads\/2023\/12\/descargando-archivo.png\" alt=\"\" srcset=\"https:\/\/ies6017-sal.infd.edu.ar\/sitio\/wp-content\/uploads\/2023\/12\/descargando-archivo.png 512w, https:\/\/ies6017-sal.infd.edu.ar\/sitio\/wp-content\/uploads\/2023\/12\/descargando-archivo-500x500.png 500w\" sizes=\"(max-width: 512px) 100vw, 512px\" \/><\/a><\/td><\/tr><\/tbody><\/table><\/figure>\n\n\n\n<figure class=\"wp-block-table is-style-stripes\"><table><thead><tr><th>                     Carrera Tecnicatura Superior en MARKETING DIGITAL<\/th><th class=\"has-text-align-center\" data-align=\"center\">A\u00f1o<\/th><th class=\"has-text-align-center\" data-align=\"center\">Descarga<\/th><\/tr><\/thead><tbody><tr><td>Tecnicatura Superior en MARKETING DIGITAL<\/td><td class=\"has-text-align-center\" data-align=\"center\">1\u00ba<\/td><td class=\"has-text-align-center\" data-align=\"center\"><a href=\"https:\/\/ies6017-sal.infd.edu.ar\/sitio\/wp-content\/uploads\/2025\/12\/DI-104-25-IES-6017-MARKETING-1ER-ANO.pdf\" target=\"_blank\" rel=\"noreferrer noopener\"><img decoding=\"async\" loading=\"lazy\" width=\"512\" height=\"512\" class=\"wp-image-6952\" style=\"width: 40px;\" src=\"https:\/\/ies6017-sal.infd.edu.ar\/sitio\/wp-content\/uploads\/2023\/12\/descargando-archivo.png\" alt=\"\" srcset=\"https:\/\/ies6017-sal.infd.edu.ar\/sitio\/wp-content\/uploads\/2023\/12\/descargando-archivo.png 512w, https:\/\/ies6017-sal.infd.edu.ar\/sitio\/wp-content\/uploads\/2023\/12\/descargando-archivo-500x500.png 500w\" sizes=\"(max-width: 512px) 100vw, 512px\" \/><\/a><\/td><\/tr><tr><td>Tecnicatura Superior en MARKETING DIGITAL<\/td><td class=\"has-text-align-center\" data-align=\"center\">2\u00ba<\/td><td class=\"has-text-align-center\" data-align=\"center\"><a href=\"https:\/\/ies6017-sal.infd.edu.ar\/sitio\/wp-content\/uploads\/2025\/12\/DI-105-25-IES-6017-MARKETING-2DO-ANO.pdf\" target=\"_blank\" rel=\"noreferrer noopener\"><img decoding=\"async\" loading=\"lazy\" width=\"512\" height=\"512\" class=\"wp-image-6952\" style=\"width: 40px;\" src=\"https:\/\/ies6017-sal.infd.edu.ar\/sitio\/wp-content\/uploads\/2023\/12\/descargando-archivo.png\" alt=\"\" srcset=\"https:\/\/ies6017-sal.infd.edu.ar\/sitio\/wp-content\/uploads\/2023\/12\/descargando-archivo.png 512w, https:\/\/ies6017-sal.infd.edu.ar\/sitio\/wp-content\/uploads\/2023\/12\/descargando-archivo-500x500.png 500w\" sizes=\"(max-width: 512px) 100vw, 512px\" \/><\/a><\/td><\/tr><tr><td>Tecnicatura Superior en MARKETING DIGITAL<\/td><td class=\"has-text-align-center\" data-align=\"center\">3\u00b0<\/td><td class=\"has-text-align-center\" data-align=\"center\"><a href=\"https:\/\/ies6017-sal.infd.edu.ar\/sitio\/wp-content\/uploads\/2025\/12\/DI-106-25-IES-6017-MARKETING-3ER-ANO.pdf\" target=\"_blank\" rel=\"noreferrer noopener\"><img decoding=\"async\" loading=\"lazy\" width=\"512\" height=\"512\" class=\"wp-image-6952\" style=\"width: 40px;\" src=\"https:\/\/ies6017-sal.infd.edu.ar\/sitio\/wp-content\/uploads\/2023\/12\/descargando-archivo.png\" alt=\"\" srcset=\"https:\/\/ies6017-sal.infd.edu.ar\/sitio\/wp-content\/uploads\/2023\/12\/descargando-archivo.png 512w, https:\/\/ies6017-sal.infd.edu.ar\/sitio\/wp-content\/uploads\/2023\/12\/descargando-archivo-500x500.png 500w\" sizes=\"(max-width: 512px) 100vw, 512px\" \/><\/a><\/td><\/tr><\/tbody><\/table><\/figure>\n","protected":false},"excerpt":{"rendered":"<p>Disposiciones de Concursos para Tecnicaturas 1\u00ba Cuatrimestre &#8211; Anual &#8211; 2025 Carrera Tecnicatura Superior en AN\u00c1LISIS DE SISTEMAS Y DESARROLLO DE SOFTWARE A\u00f1o Descarga Tecnicatura Superior en AN\u00c1LISIS DE SISTEMAS Y DESARROLLO DE SOFTWARE 1\u00ba Tecnicatura Superior en AN\u00c1LISIS DE SISTEMAS Y DESARROLLO DE SOFTWARE 2\u00ba Tecnicatura Superior en AN\u00c1LISIS DE SISTEMAS Y DESARROLLO DE &#8230; <a title=\"Disposiciones &#8211; Tecnicaturas\" class=\"read-more\" href=\"https:\/\/ies6017-sal.infd.edu.ar\/sitio\/disposiciones-tecnicaturas\/\" aria-label=\"More on Disposiciones &#8211; Tecnicaturas\">[+]<\/a><\/p>\n","protected":false},"author":3120,"featured_media":0,"parent":0,"menu_order":0,"comment_status":"closed","ping_status":"closed","template":"","meta":[],"acf":[],"_links":{"self":[{"href":"https:\/\/ies6017-sal.infd.edu.ar\/sitio\/wp-json\/wp\/v2\/pages\/5580"}],"collection":[{"href":"https:\/\/ies6017-sal.infd.edu.ar\/sitio\/wp-json\/wp\/v2\/pages"}],"about":[{"href":"https:\/\/ies6017-sal.infd.edu.ar\/sitio\/wp-json\/wp\/v2\/types\/page"}],"author":[{"embeddable":true,"href":"https:\/\/ies6017-sal.infd.edu.ar\/sitio\/wp-json\/wp\/v2\/users\/3120"}],"replies":[{"embeddable":true,"href":"https:\/\/ies6017-sal.infd.edu.ar\/sitio\/wp-json\/wp\/v2\/comments?post=5580"}],"version-history":[{"count":33,"href":"https:\/\/ies6017-sal.infd.edu.ar\/sitio\/wp-json\/wp\/v2\/pages\/5580\/revisions"}],"predecessor-version":[{"id":8814,"href":"https:\/\/ies6017-sal.infd.edu.ar\/sitio\/wp-json\/wp\/v2\/pages\/5580\/revisions\/8814"}],"wp:attachment":[{"href":"https:\/\/ies6017-sal.infd.edu.ar\/sitio\/wp-json\/wp\/v2\/media?parent=5580"}],"curies":[{"name":"wp","href":"https:\/\/api.w.org\/{rel}","templated":true}]}}