{"id":4700,"date":"2022-06-23T21:56:23","date_gmt":"2022-06-24T00:56:23","guid":{"rendered":"https:\/\/ies6017-sal.infd.edu.ar\/sitio\/?page_id=4700"},"modified":"2023-11-27T19:35:21","modified_gmt":"2023-11-27T22:35:21","slug":"turnos-de-examenes-3","status":"publish","type":"page","link":"https:\/\/ies6017-sal.infd.edu.ar\/sitio\/turnos-de-examenes-3\/","title":{"rendered":"Turnos de Ex\u00e1menes"},"content":{"rendered":"<p><img decoding=\"async\" loading=\"lazy\" class=\"wp-image-6223 size-medium aligncenter\" src=\"https:\/\/ies6017-sal.infd.edu.ar\/sitio\/wp-content\/uploads\/2023\/11\/27-1000x333.jpg\" alt=\"\" width=\"1000\" height=\"333\" srcset=\"https:\/\/ies6017-sal.infd.edu.ar\/sitio\/wp-content\/uploads\/2023\/11\/27-1000x333.jpg 1000w, https:\/\/ies6017-sal.infd.edu.ar\/sitio\/wp-content\/uploads\/2023\/11\/27-768x256.jpg 768w, https:\/\/ies6017-sal.infd.edu.ar\/sitio\/wp-content\/uploads\/2023\/11\/27-1536x512.jpg 1536w, https:\/\/ies6017-sal.infd.edu.ar\/sitio\/wp-content\/uploads\/2023\/11\/27.jpg 1875w\" sizes=\"(max-width: 1000px) 100vw, 1000px\" \/><\/p>\n<h1><strong>PROFESORADOS<\/strong><\/h1>\n<table style=\"height: 96px;\" width=\"999\">\n<tbody>\n<tr>\n<td width=\"361\">\n<p><strong>PROFESORADO DE EDUCACI\u00d3N PRIMARIA<\/strong><\/p>\n<\/td>\n<td width=\"80\"><a href=\"https:\/\/ies6017-sal.infd.edu.ar\/sitio\/wp-content\/uploads\/2023\/11\/Prof.-de-Ed.-Primaria-Diciembre.pdf\"><img decoding=\"async\" loading=\"lazy\" class=\"alignnone wp-image-4334\" src=\"https:\/\/ies6017-sal.infd.edu.ar\/sitio\/wp-content\/uploads\/2022\/03\/Ingresar.jpg\" alt=\"\" width=\"200\" height=\"58\" srcset=\"https:\/\/ies6017-sal.infd.edu.ar\/sitio\/wp-content\/uploads\/2022\/03\/Ingresar.jpg 809w, https:\/\/ies6017-sal.infd.edu.ar\/sitio\/wp-content\/uploads\/2022\/03\/Ingresar-768x224.jpg 768w\" sizes=\"(max-width: 200px) 100vw, 200px\" \/><\/a><\/td>\n<\/tr>\n<tr>\n<td><strong>PROFESORADO DE EDUCACI\u00d3N SECUNDARIA EN MATEM\u00c1TICA<\/strong><\/td>\n<td><a href=\"https:\/\/ies6017-sal.infd.edu.ar\/sitio\/wp-content\/uploads\/2023\/11\/Prof.-En-Matematica-Diciembre.docx.pdf\"><span style=\"font-size: 14pt; font-family: 'andale mono', times;\"><img decoding=\"async\" loading=\"lazy\" class=\"alignnone wp-image-4334\" src=\"https:\/\/ies6017-sal.infd.edu.ar\/sitio\/wp-content\/uploads\/2022\/03\/Ingresar.jpg\" alt=\"\" width=\"200\" height=\"58\" srcset=\"https:\/\/ies6017-sal.infd.edu.ar\/sitio\/wp-content\/uploads\/2022\/03\/Ingresar.jpg 809w, https:\/\/ies6017-sal.infd.edu.ar\/sitio\/wp-content\/uploads\/2022\/03\/Ingresar-768x224.jpg 768w\" sizes=\"(max-width: 200px) 100vw, 200px\" \/><\/span><\/a><\/td>\n<\/tr>\n<tr>\n<td>\n<p><strong>PROFESORADO DE EDUCACI\u00d3N SECUNDARIA EN BIOLOG\u00cdA<\/strong><\/p>\n<\/td>\n<td><a href=\"https:\/\/ies6017-sal.infd.edu.ar\/sitio\/wp-content\/uploads\/2023\/11\/Prof.-En-Biologia-Diciembre.docx.pdf\"><span style=\"font-size: 14pt; font-family: 'andale mono', times;\"><img decoding=\"async\" loading=\"lazy\" class=\"alignnone wp-image-4334\" src=\"https:\/\/ies6017-sal.infd.edu.ar\/sitio\/wp-content\/uploads\/2022\/03\/Ingresar.jpg\" alt=\"\" width=\"200\" height=\"58\" srcset=\"https:\/\/ies6017-sal.infd.edu.ar\/sitio\/wp-content\/uploads\/2022\/03\/Ingresar.jpg 809w, https:\/\/ies6017-sal.infd.edu.ar\/sitio\/wp-content\/uploads\/2022\/03\/Ingresar-768x224.jpg 768w\" sizes=\"(max-width: 200px) 100vw, 200px\" \/><\/span><\/a><\/td>\n<\/tr>\n<tr>\n<td>\n<p><strong>PROFESORADO DE EDUCACI\u00d3N SECUNDARIA EN INFORM\u00c1TICA <\/strong><\/p>\n<\/td>\n<td><a href=\"https:\/\/ies6017-sal.infd.edu.ar\/sitio\/wp-content\/uploads\/2023\/11\/Prof.-En-Informatica-Diciembre.docx.pdf\"><span style=\"font-size: 14pt; font-family: 'andale mono', times;\"><img decoding=\"async\" loading=\"lazy\" class=\"alignnone wp-image-4334\" src=\"https:\/\/ies6017-sal.infd.edu.ar\/sitio\/wp-content\/uploads\/2022\/03\/Ingresar.jpg\" alt=\"\" width=\"200\" height=\"58\" srcset=\"https:\/\/ies6017-sal.infd.edu.ar\/sitio\/wp-content\/uploads\/2022\/03\/Ingresar.jpg 809w, https:\/\/ies6017-sal.infd.edu.ar\/sitio\/wp-content\/uploads\/2022\/03\/Ingresar-768x224.jpg 768w\" sizes=\"(max-width: 200px) 100vw, 200px\" \/><\/span><\/a><\/td>\n<\/tr>\n<tr>\n<td>\n<p><strong>PROFESORADO DE EDUCACI\u00d3N SECUNDARIA EN QU\u00cdMICA <\/strong><\/p>\n<\/td>\n<td><span style=\"font-size: 14pt; font-family: 'andale mono', times;\"><a href=\"https:\/\/ies6017-sal.infd.edu.ar\/sitio\/wp-content\/uploads\/2023\/11\/Prof.-En-Quimica-Diciembre.pdf\" target=\"_blank\" rel=\"noopener\"><img decoding=\"async\" loading=\"lazy\" class=\"alignnone wp-image-4334\" src=\"https:\/\/ies6017-sal.infd.edu.ar\/sitio\/wp-content\/uploads\/2022\/03\/Ingresar.jpg\" alt=\"\" width=\"200\" height=\"58\" srcset=\"https:\/\/ies6017-sal.infd.edu.ar\/sitio\/wp-content\/uploads\/2022\/03\/Ingresar.jpg 809w, https:\/\/ies6017-sal.infd.edu.ar\/sitio\/wp-content\/uploads\/2022\/03\/Ingresar-768x224.jpg 768w\" sizes=\"(max-width: 200px) 100vw, 200px\" \/><\/a><\/span><\/td>\n<\/tr>\n<tr>\n<td>\n<p><strong>PROFESORADO DE EDUCACI\u00d3N F\u00cdSICA (Anexo Campo Santo)<\/strong><\/p>\n<\/td>\n<td><a href=\"https:\/\/ies6017-sal.infd.edu.ar\/sitio\/wp-content\/uploads\/2023\/11\/Prof.-de-Ed-Fisica-Diciembre-1.pdf\"><img decoding=\"async\" loading=\"lazy\" class=\"alignnone wp-image-4334\" src=\"https:\/\/ies6017-sal.infd.edu.ar\/sitio\/wp-content\/uploads\/2022\/03\/Ingresar.jpg\" alt=\"\" width=\"200\" height=\"58\" srcset=\"https:\/\/ies6017-sal.infd.edu.ar\/sitio\/wp-content\/uploads\/2022\/03\/Ingresar.jpg 809w, https:\/\/ies6017-sal.infd.edu.ar\/sitio\/wp-content\/uploads\/2022\/03\/Ingresar-768x224.jpg 768w\" sizes=\"(max-width: 200px) 100vw, 200px\" \/><\/a><\/td>\n<\/tr>\n<\/tbody>\n<\/table>\n<h1>\u00a0<\/h1>\n<h1><strong>TECNICATURAS<\/strong><\/h1>\n<table style=\"height: 96px;\" width=\"999\">\n<tbody>\n<tr>\n<td width=\"361\">\n<p><strong>TECNICATURA SUPERIOR EN ELECTR\u00d3NICA <\/strong><\/p>\n<\/td>\n<td width=\"80\"><a href=\"https:\/\/ies6017-sal.infd.edu.ar\/sitio\/wp-content\/uploads\/2023\/11\/Tec.-en-Electronica-Diciembre.pdf\" target=\"_blank\" rel=\"noopener\"><img decoding=\"async\" loading=\"lazy\" class=\"alignnone wp-image-4334\" src=\"https:\/\/ies6017-sal.infd.edu.ar\/sitio\/wp-content\/uploads\/2022\/03\/Ingresar.jpg\" alt=\"\" width=\"200\" height=\"58\" srcset=\"https:\/\/ies6017-sal.infd.edu.ar\/sitio\/wp-content\/uploads\/2022\/03\/Ingresar.jpg 809w, https:\/\/ies6017-sal.infd.edu.ar\/sitio\/wp-content\/uploads\/2022\/03\/Ingresar-768x224.jpg 768w\" sizes=\"(max-width: 200px) 100vw, 200px\" \/><\/a><\/td>\n<\/tr>\n<tr>\n<td><strong>TECNICATURA SUPERIOR EN ADMINISTRACI\u00d3N CON ORIENTACI\u00d3N DE GESTI\u00d3N DE PROYECTOS <\/strong><\/td>\n<td><a href=\"https:\/\/ies6017-sal.infd.edu.ar\/sitio\/wp-content\/uploads\/2023\/11\/Tec.-en-Ad.-Gestion-de-Proyectos-Diciembre.pdf\" target=\"_blank\" rel=\"noopener\"><img decoding=\"async\" loading=\"lazy\" class=\"alignnone wp-image-4334\" src=\"https:\/\/ies6017-sal.infd.edu.ar\/sitio\/wp-content\/uploads\/2022\/03\/Ingresar.jpg\" alt=\"\" width=\"200\" height=\"58\" srcset=\"https:\/\/ies6017-sal.infd.edu.ar\/sitio\/wp-content\/uploads\/2022\/03\/Ingresar.jpg 809w, https:\/\/ies6017-sal.infd.edu.ar\/sitio\/wp-content\/uploads\/2022\/03\/Ingresar-768x224.jpg 768w\" sizes=\"(max-width: 200px) 100vw, 200px\" \/><\/a><\/td>\n<\/tr>\n<tr>\n<td>\u00a0<\/td>\n<td>\u00a0<\/td>\n<\/tr>\n<tr>\n<td><strong>TECNICATURA SUPERIOR EN AN\u00c1LISIS DE SISTEMA CON ORIENTACI\u00d3N EN REDES INFORM\u00c1TICAS<\/strong><\/td>\n<td><a href=\"https:\/\/ies6017-sal.infd.edu.ar\/sitio\/wp-content\/uploads\/2023\/11\/Tec.-Sup.en-Analisis-de-Sist.-c_o-en-Redes-Infor.-diciembre.docx.pdf\"><span style=\"font-size: 14pt; font-family: 'andale mono', times;\"><img decoding=\"async\" loading=\"lazy\" class=\"alignnone wp-image-4334\" src=\"https:\/\/ies6017-sal.infd.edu.ar\/sitio\/wp-content\/uploads\/2022\/03\/Ingresar.jpg\" alt=\"\" width=\"200\" height=\"58\" srcset=\"https:\/\/ies6017-sal.infd.edu.ar\/sitio\/wp-content\/uploads\/2022\/03\/Ingresar.jpg 809w, https:\/\/ies6017-sal.infd.edu.ar\/sitio\/wp-content\/uploads\/2022\/03\/Ingresar-768x224.jpg 768w\" sizes=\"(max-width: 200px) 100vw, 200px\" \/><\/span><\/a><\/td>\n<\/tr>\n<tr>\n<td>\n<p><strong>TECNICATURA SUPERIOR EN RELACIONES LABORALES CON ORIENTACI\u00d3N EN GESTI\u00d3N DE RECURSOS HUMANOS <\/strong><\/p>\n<\/td>\n<td><a href=\"https:\/\/ies6017-sal.infd.edu.ar\/sitio\/wp-content\/uploads\/2023\/11\/Tec.-Relaciones-Laborales-Diciembre.docx.pdf\"><span style=\"font-size: 14pt; font-family: 'andale mono', times;\"><img decoding=\"async\" loading=\"lazy\" class=\"alignnone wp-image-4334\" src=\"https:\/\/ies6017-sal.infd.edu.ar\/sitio\/wp-content\/uploads\/2022\/03\/Ingresar.jpg\" alt=\"\" width=\"200\" height=\"58\" srcset=\"https:\/\/ies6017-sal.infd.edu.ar\/sitio\/wp-content\/uploads\/2022\/03\/Ingresar.jpg 809w, https:\/\/ies6017-sal.infd.edu.ar\/sitio\/wp-content\/uploads\/2022\/03\/Ingresar-768x224.jpg 768w\" sizes=\"(max-width: 200px) 100vw, 200px\" \/><\/span><\/a><\/td>\n<\/tr>\n<tr>\n<td>\n<p><strong>TECNICATURA SUPERIOR EN GESTI\u00d3N DE RECURSOS HUMANOS (Anexo Campo Santo)<\/strong><\/p>\n<\/td>\n<td><a href=\"https:\/\/ies6017-sal.infd.edu.ar\/sitio\/wp-content\/uploads\/2023\/11\/Tec.-Gestion-Rec.-Humanos-Diciembre.docx.pdf\"><span style=\"font-size: 14pt; font-family: 'andale mono', times;\"><img decoding=\"async\" loading=\"lazy\" class=\"alignnone wp-image-4334\" src=\"https:\/\/ies6017-sal.infd.edu.ar\/sitio\/wp-content\/uploads\/2022\/03\/Ingresar.jpg\" alt=\"\" width=\"200\" height=\"58\" srcset=\"https:\/\/ies6017-sal.infd.edu.ar\/sitio\/wp-content\/uploads\/2022\/03\/Ingresar.jpg 809w, https:\/\/ies6017-sal.infd.edu.ar\/sitio\/wp-content\/uploads\/2022\/03\/Ingresar-768x224.jpg 768w\" sizes=\"(max-width: 200px) 100vw, 200px\" \/><\/span><\/a><\/td>\n<\/tr>\n<tr>\n<td>\n<p><strong>TECNICATURA SUPERIOR EN AN\u00c1LISIS DE SISTEMAS Y DESARROLLO DE SOFTWARE<\/strong><\/p>\n<\/td>\n<td><span style=\"font-size: 14pt; font-family: 'andale mono', times;\"><a href=\"https:\/\/ies6017-sal.infd.edu.ar\/sitio\/wp-content\/uploads\/2023\/11\/Tec.-Sup.-en-Analisis-de-Sist.c_o-en-Software.pdf\" target=\"_blank\" rel=\"noopener\"><img decoding=\"async\" loading=\"lazy\" class=\"alignnone wp-image-4334\" src=\"https:\/\/ies6017-sal.infd.edu.ar\/sitio\/wp-content\/uploads\/2022\/03\/Ingresar.jpg\" alt=\"\" width=\"200\" height=\"58\" srcset=\"https:\/\/ies6017-sal.infd.edu.ar\/sitio\/wp-content\/uploads\/2022\/03\/Ingresar.jpg 809w, https:\/\/ies6017-sal.infd.edu.ar\/sitio\/wp-content\/uploads\/2022\/03\/Ingresar-768x224.jpg 768w\" sizes=\"(max-width: 200px) 100vw, 200px\" \/><\/a><\/span><\/td>\n<\/tr>\n<\/tbody>\n<\/table>\n","protected":false},"excerpt":{"rendered":"<p>PROFESORADOS PROFESORADO DE EDUCACI\u00d3N PRIMARIA PROFESORADO DE EDUCACI\u00d3N SECUNDARIA EN MATEM\u00c1TICA PROFESORADO DE EDUCACI\u00d3N SECUNDARIA EN BIOLOG\u00cdA PROFESORADO DE EDUCACI\u00d3N SECUNDARIA EN INFORM\u00c1TICA PROFESORADO DE EDUCACI\u00d3N SECUNDARIA EN QU\u00cdMICA PROFESORADO DE EDUCACI\u00d3N F\u00cdSICA (Anexo Campo Santo) \u00a0 TECNICATURAS TECNICATURA SUPERIOR EN ELECTR\u00d3NICA TECNICATURA SUPERIOR EN ADMINISTRACI\u00d3N CON ORIENTACI\u00d3N DE GESTI\u00d3N DE PROYECTOS \u00a0 \u00a0 TECNICATURA &#8230; <a title=\"Turnos de Ex\u00e1menes\" class=\"read-more\" href=\"https:\/\/ies6017-sal.infd.edu.ar\/sitio\/turnos-de-examenes-3\/\" aria-label=\"More on Turnos de Ex\u00e1menes\">[+]<\/a><\/p>\n","protected":false},"author":3120,"featured_media":0,"parent":0,"menu_order":0,"comment_status":"closed","ping_status":"closed","template":"","meta":[],"acf":[],"_links":{"self":[{"href":"https:\/\/ies6017-sal.infd.edu.ar\/sitio\/wp-json\/wp\/v2\/pages\/4700"}],"collection":[{"href":"https:\/\/ies6017-sal.infd.edu.ar\/sitio\/wp-json\/wp\/v2\/pages"}],"about":[{"href":"https:\/\/ies6017-sal.infd.edu.ar\/sitio\/wp-json\/wp\/v2\/types\/page"}],"author":[{"embeddable":true,"href":"https:\/\/ies6017-sal.infd.edu.ar\/sitio\/wp-json\/wp\/v2\/users\/3120"}],"replies":[{"embeddable":true,"href":"https:\/\/ies6017-sal.infd.edu.ar\/sitio\/wp-json\/wp\/v2\/comments?post=4700"}],"version-history":[{"count":96,"href":"https:\/\/ies6017-sal.infd.edu.ar\/sitio\/wp-json\/wp\/v2\/pages\/4700\/revisions"}],"predecessor-version":[{"id":6631,"href":"https:\/\/ies6017-sal.infd.edu.ar\/sitio\/wp-json\/wp\/v2\/pages\/4700\/revisions\/6631"}],"wp:attachment":[{"href":"https:\/\/ies6017-sal.infd.edu.ar\/sitio\/wp-json\/wp\/v2\/media?parent=4700"}],"curies":[{"name":"wp","href":"https:\/\/api.w.org\/{rel}","templated":true}]}}