{"id":4488,"date":"2022-04-15T12:40:12","date_gmt":"2022-04-15T15:40:12","guid":{"rendered":"https:\/\/ies6017-sal.infd.edu.ar\/sitio\/?page_id=4488"},"modified":"2022-04-15T12:40:14","modified_gmt":"2022-04-15T15:40:14","slug":"acceso-al-campus-virtual","status":"publish","type":"page","link":"https:\/\/ies6017-sal.infd.edu.ar\/sitio\/acceso-al-campus-virtual\/","title":{"rendered":"Acceso al Campus Virtual"},"content":{"rendered":"<p><img decoding=\"async\" loading=\"lazy\" class=\"size-medium wp-image-4485 aligncenter\" src=\"https:\/\/ies6017-sal.infd.edu.ar\/sitio\/wp-content\/uploads\/2022\/04\/Acceso-al-Campus-Virtual-1000x333.jpg\" alt=\"\" width=\"1000\" height=\"333\" srcset=\"https:\/\/ies6017-sal.infd.edu.ar\/sitio\/wp-content\/uploads\/2022\/04\/Acceso-al-Campus-Virtual-1000x333.jpg 1000w, https:\/\/ies6017-sal.infd.edu.ar\/sitio\/wp-content\/uploads\/2022\/04\/Acceso-al-Campus-Virtual-768x256.jpg 768w, https:\/\/ies6017-sal.infd.edu.ar\/sitio\/wp-content\/uploads\/2022\/04\/Acceso-al-Campus-Virtual.jpg 1076w\" sizes=\"(max-width: 1000px) 100vw, 1000px\" \/><\/p>\n<h4 style=\"text-align: left;\">\u00bfC\u00f3mo ingresar al Campus Virtual?<\/h4>\n<p style=\"text-align: center;\"><iframe loading=\"lazy\" title=\"YouTube video player\" src=\"https:\/\/www.youtube.com\/embed\/oFg0wYmEMYM\" width=\"560\" height=\"315\" frameborder=\"0\" allowfullscreen=\"allowfullscreen\"><\/iframe><\/p>\n<p>Para ingresar al Campus Virtual hacer click aqui..<a href=\"https:\/\/ies6017-sal.infd.edu.ar\/aula\/escritorio.cgi\" target=\"_blank\" rel=\"noopener\"><img decoding=\"async\" loading=\"lazy\" class=\"aligncenter wp-image-4334\" src=\"https:\/\/ies6017-sal.infd.edu.ar\/sitio\/wp-content\/uploads\/2022\/03\/Ingresar.jpg\" alt=\"\" width=\"209\" height=\"61\" srcset=\"https:\/\/ies6017-sal.infd.edu.ar\/sitio\/wp-content\/uploads\/2022\/03\/Ingresar.jpg 809w, https:\/\/ies6017-sal.infd.edu.ar\/sitio\/wp-content\/uploads\/2022\/03\/Ingresar-768x224.jpg 768w\" sizes=\"(max-width: 209px) 100vw, 209px\" \/><\/a><\/p>\n<p><img decoding=\"async\" loading=\"lazy\" class=\"size-medium wp-image-4491 aligncenter\" src=\"https:\/\/ies6017-sal.infd.edu.ar\/sitio\/wp-content\/uploads\/2022\/04\/Dispositivos-Moviles-1000x333.jpg\" alt=\"\" width=\"1000\" height=\"333\" srcset=\"https:\/\/ies6017-sal.infd.edu.ar\/sitio\/wp-content\/uploads\/2022\/04\/Dispositivos-Moviles-1000x333.jpg 1000w, https:\/\/ies6017-sal.infd.edu.ar\/sitio\/wp-content\/uploads\/2022\/04\/Dispositivos-Moviles-768x256.jpg 768w, https:\/\/ies6017-sal.infd.edu.ar\/sitio\/wp-content\/uploads\/2022\/04\/Dispositivos-Moviles.jpg 1080w\" sizes=\"(max-width: 1000px) 100vw, 1000px\" \/><\/p>\n<p>Podemos conectarnos a nuestro campus en cualquier lugar utilizando nuestro dispositivo Personal<\/p>\n<p style=\"text-align: center;\"><div  class=\"lgc-column lgc-grid-parent lgc-grid-50 lgc-tablet-grid-50 lgc-mobile-grid-100 lgc-equal-heights \"><div  class=\"inside-grid-column\">\n<p>Descarga para Android<\/p>\n<p style=\"text-align: center;\"><a href=\"https:\/\/play.google.com\/store\/apps\/details?id=com.educativa.app\" target=\"_blank\" rel=\"noopener\"><img decoding=\"async\" loading=\"lazy\" class=\"alignnone wp-image-4492 size-full\" src=\"https:\/\/ies6017-sal.infd.edu.ar\/sitio\/wp-content\/uploads\/2022\/04\/Android-Descarga.jpg\" alt=\"\" width=\"225\" height=\"68\" \/><\/a><\/p>\n<p style=\"text-align: center;\"><img decoding=\"async\" loading=\"lazy\" class=\"alignnone size-full wp-image-4493\" src=\"https:\/\/ies6017-sal.infd.edu.ar\/sitio\/wp-content\/uploads\/2022\/04\/Android-Educativa.jpg\" alt=\"\" width=\"245\" height=\"290\" \/><\/p>\n<p style=\"text-align: center;\"><strong>\u00a0 \u00a0 \u00a0 \u00a0 \u00a0 \u00a0 \u00a0 \u00a0 \u00a0 \u00a0 \u00a0<\/strong>\u00a0<\/p><\/div><\/div><div  class=\"lgc-column lgc-grid-parent lgc-grid-50 lgc-tablet-grid-50 lgc-mobile-grid-100 lgc-equal-heights \"><div  class=\"inside-grid-column\">\n<p>Descarga para iOS<\/p>\n<p style=\"text-align: center;\"><a href=\"https:\/\/apps.apple.com\/ar\/app\/educativa-mobile\/id1346872575?mt=8\" target=\"_blank\" rel=\"noopener\"><img decoding=\"async\" loading=\"lazy\" class=\"alignnone wp-image-4494 size-full\" src=\"https:\/\/ies6017-sal.infd.edu.ar\/sitio\/wp-content\/uploads\/2022\/04\/IOS-Descarga.jpg\" alt=\"\" width=\"223\" height=\"68\" \/><\/a><\/p>\n<p style=\"text-align: center;\"><img decoding=\"async\" loading=\"lazy\" class=\"alignnone size-full wp-image-4495\" src=\"https:\/\/ies6017-sal.infd.edu.ar\/sitio\/wp-content\/uploads\/2022\/04\/IOS.jpg\" alt=\"\" width=\"245\" height=\"290\" \/><\/p>\n<p style=\"text-align: center;\"><\/p><\/div><\/div>\n<p>Para ingresar completa el primer espacio en blanco\u00a0 con la informaci\u00f3n que figura en la imagen y luego incorpora el usuario y contrase\u00f1a que te lleg\u00f3 por correo electr\u00f3nico.<\/p>\n<p><img decoding=\"async\" loading=\"lazy\" class=\"aligncenter wp-image-2234\" src=\"https:\/\/ies6017-sal.infd.edu.ar\/sitio\/wp-content\/uploads\/2020\/05\/WhatsApp-Image-2020-05-04-at-17.29.41-462x1000.jpeg\" alt=\"\" width=\"218\" height=\"472\" srcset=\"https:\/\/ies6017-sal.infd.edu.ar\/sitio\/wp-content\/uploads\/2020\/05\/WhatsApp-Image-2020-05-04-at-17.29.41-462x1000.jpeg 462w, https:\/\/ies6017-sal.infd.edu.ar\/sitio\/wp-content\/uploads\/2020\/05\/WhatsApp-Image-2020-05-04-at-17.29.41.jpeg 720w\" sizes=\"(max-width: 218px) 100vw, 218px\" \/><\/p>\n","protected":false},"excerpt":{"rendered":"<p>\u00bfC\u00f3mo ingresar al Campus Virtual? Para ingresar al Campus Virtual hacer click aqui.. Podemos conectarnos a nuestro campus en cualquier lugar utilizando nuestro dispositivo Personal Para ingresar completa el primer espacio en blanco\u00a0 con la informaci\u00f3n que figura en la imagen y luego incorpora el usuario y contrase\u00f1a que te lleg\u00f3 por correo electr\u00f3nico.<\/p>\n","protected":false},"author":3120,"featured_media":0,"parent":0,"menu_order":0,"comment_status":"closed","ping_status":"closed","template":"","meta":[],"acf":[],"_links":{"self":[{"href":"https:\/\/ies6017-sal.infd.edu.ar\/sitio\/wp-json\/wp\/v2\/pages\/4488"}],"collection":[{"href":"https:\/\/ies6017-sal.infd.edu.ar\/sitio\/wp-json\/wp\/v2\/pages"}],"about":[{"href":"https:\/\/ies6017-sal.infd.edu.ar\/sitio\/wp-json\/wp\/v2\/types\/page"}],"author":[{"embeddable":true,"href":"https:\/\/ies6017-sal.infd.edu.ar\/sitio\/wp-json\/wp\/v2\/users\/3120"}],"replies":[{"embeddable":true,"href":"https:\/\/ies6017-sal.infd.edu.ar\/sitio\/wp-json\/wp\/v2\/comments?post=4488"}],"version-history":[{"count":6,"href":"https:\/\/ies6017-sal.infd.edu.ar\/sitio\/wp-json\/wp\/v2\/pages\/4488\/revisions"}],"predecessor-version":[{"id":4501,"href":"https:\/\/ies6017-sal.infd.edu.ar\/sitio\/wp-json\/wp\/v2\/pages\/4488\/revisions\/4501"}],"wp:attachment":[{"href":"https:\/\/ies6017-sal.infd.edu.ar\/sitio\/wp-json\/wp\/v2\/media?parent=4488"}],"curies":[{"name":"wp","href":"https:\/\/api.w.org\/{rel}","templated":true}]}}