{"id":4449,"date":"2022-04-04T11:47:03","date_gmt":"2022-04-04T14:47:03","guid":{"rendered":"https:\/\/ies6017-sal.infd.edu.ar\/sitio\/?page_id=4449"},"modified":"2023-12-20T15:50:32","modified_gmt":"2023-12-20T18:50:32","slug":"correlatividades-general","status":"publish","type":"page","link":"https:\/\/ies6017-sal.infd.edu.ar\/sitio\/correlatividades-general\/","title":{"rendered":"Correlatividades General"},"content":{"rendered":"\n<div class=\"wp-block-cover alignfull\" style=\"min-height:120px\"><span aria-hidden=\"true\" class=\"wp-block-cover__background has-base-2-background-color has-background-dim-0 has-background-dim\"><\/span><div class=\"wp-block-cover__inner-container\">\n<h2 class=\"has-text-align-center wp-block-heading\"><img decoding=\"async\" loading=\"lazy\" width=\"674\" height=\"219\" class=\"wp-image-6637\" style=\"width: 350px;\" src=\"https:\/\/ies6017-sal.infd.edu.ar\/sitio\/wp-content\/uploads\/2023\/11\/Recurso-25.png\" alt=\"\"><\/h2>\n<\/div><\/div>\n\n\n\n<h3 class=\"alignwide has-text-align-center wp-block-heading\" style=\"letter-spacing:10px;text-transform:uppercase\">correlatividades<\/h3>\n\n\n\n<figure class=\"wp-block-table is-style-stripes\"><table><thead><tr><th><\/th><th class=\"has-text-align-center\" data-align=\"center\"><mark style=\"background-color:rgba(0, 0, 0, 0)\" class=\"has-inline-color has-base-3-color\">Descarga<\/mark><\/th><\/tr><\/thead><tbody><tr><td>Profesorado de Educaci\u00f3n Primaria<\/td><td class=\"has-text-align-center\" data-align=\"center\"><a href=\"https:\/\/ies6017-sal.infd.edu.ar\/sitio\/wp-content\/uploads\/2022\/10\/PDF-Correlatividades-Primaria.pdf\" target=\"_blank\" rel=\"noreferrer noopener\"><img decoding=\"async\" loading=\"lazy\" width=\"512\" height=\"512\" class=\"wp-image-6952\" style=\"width: 40px;\" src=\"https:\/\/ies6017-sal.infd.edu.ar\/sitio\/wp-content\/uploads\/2023\/12\/descargando-archivo.png\" alt=\"\" srcset=\"https:\/\/ies6017-sal.infd.edu.ar\/sitio\/wp-content\/uploads\/2023\/12\/descargando-archivo.png 512w, https:\/\/ies6017-sal.infd.edu.ar\/sitio\/wp-content\/uploads\/2023\/12\/descargando-archivo-500x500.png 500w\" sizes=\"(max-width: 512px) 100vw, 512px\" \/><\/a><\/td><\/tr><tr><td>Profesorado de Educaci\u00f3n Secundaria en Biolog\u00eda<\/td><td class=\"has-text-align-center\" data-align=\"center\"><img decoding=\"async\" loading=\"lazy\" width=\"512\" height=\"512\" class=\"wp-image-6952\" style=\"width: 40px;\" src=\"https:\/\/ies6017-sal.infd.edu.ar\/sitio\/wp-content\/uploads\/2023\/12\/descargando-archivo.png\" alt=\"\" srcset=\"https:\/\/ies6017-sal.infd.edu.ar\/sitio\/wp-content\/uploads\/2023\/12\/descargando-archivo.png 512w, https:\/\/ies6017-sal.infd.edu.ar\/sitio\/wp-content\/uploads\/2023\/12\/descargando-archivo-500x500.png 500w\" sizes=\"(max-width: 512px) 100vw, 512px\" \/><\/td><\/tr><tr><td>Profesorado de Educaci\u00f3n Secundaria en Inform\u00e1tica<\/td><td class=\"has-text-align-center\" data-align=\"center\"><a href=\"https:\/\/ies6017-sal.infd.edu.ar\/sitio\/wp-content\/uploads\/2022\/09\/PDF-Correlatividades-Informatica.pdf\" target=\"_blank\" rel=\"noreferrer noopener\"><img decoding=\"async\" loading=\"lazy\" width=\"512\" height=\"512\" class=\"wp-image-6952\" style=\"width: 40px;\" src=\"https:\/\/ies6017-sal.infd.edu.ar\/sitio\/wp-content\/uploads\/2023\/12\/descargando-archivo.png\" alt=\"\" srcset=\"https:\/\/ies6017-sal.infd.edu.ar\/sitio\/wp-content\/uploads\/2023\/12\/descargando-archivo.png 512w, https:\/\/ies6017-sal.infd.edu.ar\/sitio\/wp-content\/uploads\/2023\/12\/descargando-archivo-500x500.png 500w\" sizes=\"(max-width: 512px) 100vw, 512px\" \/><\/a><\/td><\/tr><tr><td>Profesorado de Educaci\u00f3n Secundaria en Qu\u00edmica<\/td><td class=\"has-text-align-center\" data-align=\"center\"><a href=\"https:\/\/ies6017-sal.infd.edu.ar\/sitio\/correlatividad-quimica\/\" target=\"_blank\" rel=\"noreferrer noopener\"><img decoding=\"async\" loading=\"lazy\" width=\"512\" height=\"512\" class=\"wp-image-6952\" style=\"width: 40px;\" src=\"https:\/\/ies6017-sal.infd.edu.ar\/sitio\/wp-content\/uploads\/2023\/12\/descargando-archivo.png\" alt=\"\" srcset=\"https:\/\/ies6017-sal.infd.edu.ar\/sitio\/wp-content\/uploads\/2023\/12\/descargando-archivo.png 512w, https:\/\/ies6017-sal.infd.edu.ar\/sitio\/wp-content\/uploads\/2023\/12\/descargando-archivo-500x500.png 500w\" sizes=\"(max-width: 512px) 100vw, 512px\" \/><\/a><\/td><\/tr><tr><td>Tecnicatura Superior en Electr\u00f3nica<\/td><td class=\"has-text-align-center\" data-align=\"center\"><img decoding=\"async\" loading=\"lazy\" width=\"512\" height=\"512\" class=\"wp-image-6952\" style=\"width: 40px;\" src=\"https:\/\/ies6017-sal.infd.edu.ar\/sitio\/wp-content\/uploads\/2023\/12\/descargando-archivo.png\" alt=\"\" srcset=\"https:\/\/ies6017-sal.infd.edu.ar\/sitio\/wp-content\/uploads\/2023\/12\/descargando-archivo.png 512w, https:\/\/ies6017-sal.infd.edu.ar\/sitio\/wp-content\/uploads\/2023\/12\/descargando-archivo-500x500.png 500w\" sizes=\"(max-width: 512px) 100vw, 512px\" \/><\/td><\/tr><tr><td>Tecnicatura Superior Analista en Sistemas con orientaci\u00f3n en Redes Inform\u00e1ticas<\/td><td class=\"has-text-align-center\" data-align=\"center\"><a href=\"https:\/\/ies6017-sal.infd.edu.ar\/sitio\/correlatividad-tec-analisis\/\" target=\"_blank\" rel=\"noreferrer noopener\"><img decoding=\"async\" loading=\"lazy\" width=\"512\" height=\"512\" class=\"wp-image-6952\" style=\"width: 40px;\" src=\"https:\/\/ies6017-sal.infd.edu.ar\/sitio\/wp-content\/uploads\/2023\/12\/descargando-archivo.png\" alt=\"\" srcset=\"https:\/\/ies6017-sal.infd.edu.ar\/sitio\/wp-content\/uploads\/2023\/12\/descargando-archivo.png 512w, https:\/\/ies6017-sal.infd.edu.ar\/sitio\/wp-content\/uploads\/2023\/12\/descargando-archivo-500x500.png 500w\" sizes=\"(max-width: 512px) 100vw, 512px\" \/><\/a><\/td><\/tr><tr><td>Tecnicatura en Gesti\u00f3n de los Recursos Humanos (Anexo Cpo. Santo)<\/td><td class=\"has-text-align-center\" data-align=\"center\"><img decoding=\"async\" loading=\"lazy\" width=\"512\" height=\"512\" class=\"wp-image-6952\" style=\"width: 40px;\" src=\"https:\/\/ies6017-sal.infd.edu.ar\/sitio\/wp-content\/uploads\/2023\/12\/descargando-archivo.png\" alt=\"\" srcset=\"https:\/\/ies6017-sal.infd.edu.ar\/sitio\/wp-content\/uploads\/2023\/12\/descargando-archivo.png 512w, https:\/\/ies6017-sal.infd.edu.ar\/sitio\/wp-content\/uploads\/2023\/12\/descargando-archivo-500x500.png 500w\" sizes=\"(max-width: 512px) 100vw, 512px\" \/><\/td><\/tr><\/tbody><\/table><\/figure>\n","protected":false},"excerpt":{"rendered":"<p>correlatividades Descarga Profesorado de Educaci\u00f3n Primaria Profesorado de Educaci\u00f3n Secundaria en Biolog\u00eda Profesorado de Educaci\u00f3n Secundaria en Inform\u00e1tica Profesorado de Educaci\u00f3n Secundaria en Qu\u00edmica Tecnicatura Superior en Electr\u00f3nica Tecnicatura Superior Analista en Sistemas con orientaci\u00f3n en Redes Inform\u00e1ticas Tecnicatura en Gesti\u00f3n de los Recursos Humanos (Anexo Cpo. Santo)<\/p>\n","protected":false},"author":3120,"featured_media":0,"parent":0,"menu_order":0,"comment_status":"closed","ping_status":"closed","template":"","meta":[],"acf":[],"_links":{"self":[{"href":"https:\/\/ies6017-sal.infd.edu.ar\/sitio\/wp-json\/wp\/v2\/pages\/4449"}],"collection":[{"href":"https:\/\/ies6017-sal.infd.edu.ar\/sitio\/wp-json\/wp\/v2\/pages"}],"about":[{"href":"https:\/\/ies6017-sal.infd.edu.ar\/sitio\/wp-json\/wp\/v2\/types\/page"}],"author":[{"embeddable":true,"href":"https:\/\/ies6017-sal.infd.edu.ar\/sitio\/wp-json\/wp\/v2\/users\/3120"}],"replies":[{"embeddable":true,"href":"https:\/\/ies6017-sal.infd.edu.ar\/sitio\/wp-json\/wp\/v2\/comments?post=4449"}],"version-history":[{"count":11,"href":"https:\/\/ies6017-sal.infd.edu.ar\/sitio\/wp-json\/wp\/v2\/pages\/4449\/revisions"}],"predecessor-version":[{"id":6985,"href":"https:\/\/ies6017-sal.infd.edu.ar\/sitio\/wp-json\/wp\/v2\/pages\/4449\/revisions\/6985"}],"wp:attachment":[{"href":"https:\/\/ies6017-sal.infd.edu.ar\/sitio\/wp-json\/wp\/v2\/media?parent=4449"}],"curies":[{"name":"wp","href":"https:\/\/api.w.org\/{rel}","templated":true}]}}