{"id":4372,"date":"2022-03-29T11:57:22","date_gmt":"2022-03-29T14:57:22","guid":{"rendered":"https:\/\/ies6017-sal.infd.edu.ar\/sitio\/?page_id=4372"},"modified":"2024-01-24T19:49:27","modified_gmt":"2024-01-24T22:49:27","slug":"plan-de-estudio-analisis-sist","status":"publish","type":"page","link":"https:\/\/ies6017-sal.infd.edu.ar\/sitio\/plan-de-estudio-analisis-sist\/","title":{"rendered":"Plan de Estudio Analisis Sist"},"content":{"rendered":"\n<div class=\"wp-block-cover alignfull\" style=\"min-height:120px\"><span aria-hidden=\"true\" class=\"wp-block-cover__background has-base-2-background-color has-background-dim-0 has-background-dim\"><\/span><div class=\"wp-block-cover__inner-container\">\n<h2 class=\"wp-block-heading has-text-align-center\"><img decoding=\"async\" loading=\"lazy\" width=\"674\" height=\"219\" class=\"wp-image-6637\" style=\"width: 350px;\" src=\"https:\/\/ies6017-sal.infd.edu.ar\/sitio\/wp-content\/uploads\/2023\/11\/Recurso-25.png\" alt=\"\"><\/h2>\n<\/div><\/div>\n\n\n\n<h2 class=\"wp-block-heading has-text-align-center has-contrast-2-color has-text-color\" style=\"letter-spacing:10px;text-transform:uppercase\">PLAN DE ESTUDIOS &#8211; TECNICATURA SUPERIOR EN ANALISIS EN SISTEMA CON ORIENTACI\u00d3N EN REDES INFORM\u00c1TICAS<\/h2>\n\n\n<p style=\"text-align: center;\"><iframe loading=\"lazy\" src=\"https:\/\/docs.google.com\/presentation\/d\/e\/2PACX-1vRYz8WRcWNJ2Cm8ManfrdqKux3LG9l3D6aiqpAtUHueMkxodjxmr4eTxxwNHHis7Q\/embed?start=false&amp;loop=false&amp;delayms=3000\" width=\"660\" height=\"400\" frameborder=\"0\" allowfullscreen=\"allowfullscreen\"><\/iframe><\/p>\n<p style=\"text-align: center;\"><strong>Plan de estudios y R\u00e9gimen de correlativas&#8212;&#8212;&gt; <a href=\"https:\/\/ies6017-sal.infd.edu.ar\/sitio\/wp-content\/uploads\/2022\/03\/PLAN-DE-ESTUDIO-TECNICATURA-EN-ANALISIS-DE-SISTEMATecnicatura-en-Analisis-de-Sistemas-1.pdf\">Descargar<\/a><\/strong><\/p>","protected":false},"excerpt":{"rendered":"<p>PLAN DE ESTUDIOS &#8211; TECNICATURA SUPERIOR EN ANALISIS EN SISTEMA CON ORIENTACI\u00d3N EN REDES INFORM\u00c1TICAS Plan de estudios y R\u00e9gimen de correlativas&#8212;&#8212;&gt; Descargar<\/p>\n","protected":false},"author":3120,"featured_media":0,"parent":0,"menu_order":0,"comment_status":"closed","ping_status":"closed","template":"","meta":[],"acf":[],"_links":{"self":[{"href":"https:\/\/ies6017-sal.infd.edu.ar\/sitio\/wp-json\/wp\/v2\/pages\/4372"}],"collection":[{"href":"https:\/\/ies6017-sal.infd.edu.ar\/sitio\/wp-json\/wp\/v2\/pages"}],"about":[{"href":"https:\/\/ies6017-sal.infd.edu.ar\/sitio\/wp-json\/wp\/v2\/types\/page"}],"author":[{"embeddable":true,"href":"https:\/\/ies6017-sal.infd.edu.ar\/sitio\/wp-json\/wp\/v2\/users\/3120"}],"replies":[{"embeddable":true,"href":"https:\/\/ies6017-sal.infd.edu.ar\/sitio\/wp-json\/wp\/v2\/comments?post=4372"}],"version-history":[{"count":3,"href":"https:\/\/ies6017-sal.infd.edu.ar\/sitio\/wp-json\/wp\/v2\/pages\/4372\/revisions"}],"predecessor-version":[{"id":7451,"href":"https:\/\/ies6017-sal.infd.edu.ar\/sitio\/wp-json\/wp\/v2\/pages\/4372\/revisions\/7451"}],"wp:attachment":[{"href":"https:\/\/ies6017-sal.infd.edu.ar\/sitio\/wp-json\/wp\/v2\/media?parent=4372"}],"curies":[{"name":"wp","href":"https:\/\/api.w.org\/{rel}","templated":true}]}}