{"id":4130,"date":"2022-02-14T11:00:14","date_gmt":"2022-02-14T14:00:14","guid":{"rendered":"https:\/\/ies6017-sal.infd.edu.ar\/sitio\/?page_id=4130"},"modified":"2023-02-20T12:08:36","modified_gmt":"2023-02-20T15:08:36","slug":"prof-de-ed-en-informatica","status":"publish","type":"page","link":"https:\/\/ies6017-sal.infd.edu.ar\/sitio\/prof-de-ed-en-informatica\/","title":{"rendered":"Prof. de Ed. en Inform\u00e1tica"},"content":{"rendered":"<p><img decoding=\"async\" loading=\"lazy\" class=\"size-medium wp-image-4139 aligncenter\" src=\"https:\/\/ies6017-sal.infd.edu.ar\/sitio\/wp-content\/uploads\/2022\/02\/11-1-1000x333.png\" alt=\"\" width=\"1000\" height=\"333\" srcset=\"https:\/\/ies6017-sal.infd.edu.ar\/sitio\/wp-content\/uploads\/2022\/02\/11-1-1000x333.png 1000w, https:\/\/ies6017-sal.infd.edu.ar\/sitio\/wp-content\/uploads\/2022\/02\/11-1-768x256.png 768w, https:\/\/ies6017-sal.infd.edu.ar\/sitio\/wp-content\/uploads\/2022\/02\/11-1-1536x512.png 1536w, https:\/\/ies6017-sal.infd.edu.ar\/sitio\/wp-content\/uploads\/2022\/02\/11-1.png 1800w\" sizes=\"(max-width: 1000px) 100vw, 1000px\" \/><\/p>\n<table style=\"height: 411px;\" width=\"939\">\n<tbody>\n<tr>\n<td width=\"196\"><strong>Duraci\u00f3n de la carrera<\/strong><\/td>\n<td width=\"577\">4 A\u00f1os<\/td>\n<\/tr>\n<tr>\n<td><strong>Introducci\u00f3n<\/strong><\/td>\n<td style=\"text-align: justify;\" width=\"577\">En la actualidad, la mayor\u00eda de los maestros y profesores de inform\u00e1tica en nuestras Escuelas son T\u00e9cnicos o Profesionales de probada idoneidad en el \u00e1rea, pero carentes del sustrato pedag\u00f3gico-did\u00e1ctico para establecer la interacci\u00f3n \u00e1ulica en el proceso ense\u00f1anza-aprendizaje. La formaci\u00f3n de Profesores en este perfil, indudablemente, actualizar\u00e1 las herramientas que proporciona la Internet en nuestras escuelas, incluyendo espacios espec\u00edficamente dise\u00f1ados para trabajar, comprender y adaptarse a la rapidez de sus cambios con eficiencia e idoneidad.<\/td>\n<\/tr>\n<tr>\n<td><strong>Objetivos de Formaci\u00f3n<\/strong><\/td>\n<td style=\"text-align: justify;\" width=\"577\">\n<p>Se aspira a formar un\/a profesor\/a para la Educaci\u00f3n Secundaria que sea un profesional comprometido con la disciplina y su ense\u00f1anza, mediador intercultural, animador de una comunidad educativa, promotor del respeto a la vida y a la ley en una sociedad democr\u00e1tica y que, desde una comprensi\u00f3n real de la disciplina, logre contribuir a formar ciudadanos cient\u00edficamente alfabetizados.<\/p>\n<p>Formar un docente con la capacidad de:<\/p>\n<p>\u2022Elaborar y ejecutar pr\u00e1cticas educativas en inform\u00e1tica que sean pertinentes y acordes con la heterogeneidad de los sujetos y sus contextos, siendo capaz de desempe\u00f1ar sus tareas en realidades diversas (espacios urbanos, suburbanos o rurales), demostrando atenci\u00f3n y respeto por la diversidad de caracter\u00edsticas y condiciones relacionadas con el idioma, las formas de vida de la familia, los patrones de crianza y el entorno comunitario.<br \/>\u2022Reflexionar acerca de las estrategias de ense\u00f1anza y los proceses de aprendizaje de la Inform\u00e1tica.<br \/>\u2022Valorar la investigaci\u00f3n sobre la pr\u00e1ctica docente, como fuente de conocimiento y aprendizaje que permite renovar la mirada sobre el saber escolar y el v\u00ednculo con las necesidades e intereses de los j\u00f3venes en el \u00e1mbito de la Inform\u00e1tica.<br \/>\u2022Garantizar el conocimiento disciplinar y did\u00e1ctico necesarios para incidir en el mundo inform\u00e1tico, donde nada est\u00e1 ausente, acorde a las posibilidades de los sujetos de aprendizaje del Nivel Secundario en sus distintas modalidades. Tambi\u00e9n posibilitar la aplicaci\u00f3n de sus conocimientos a otros \u00e1mbitos institucionales estatales y\/o privados.<\/p>\n<\/td>\n<\/tr>\n<\/tbody>\n<\/table>\n<h2><a href=\"https:\/\/ies6017-sal.infd.edu.ar\/sitio\/plan-de-estudio\/\" target=\"_blank\" rel=\"noopener\"><img decoding=\"async\" loading=\"lazy\" class=\"aligncenter wp-image-3766\" src=\"https:\/\/ies6017-sal.infd.edu.ar\/sitio\/wp-content\/uploads\/2021\/12\/Plan-de-Estudio.jpg\" alt=\"\" width=\"202\" height=\"59\" \/><\/a><\/h2>\n<h2 style=\"text-align: center;\"><iframe loading=\"lazy\" width=\"560\" height=\"315\" src=\"https:\/\/www.youtube.com\/embed\/b-cBHCIOoXo\" title=\"YouTube video player\" frameborder=\"0\" allow=\"accelerometer; autoplay; clipboard-write; encrypted-media; gyroscope; picture-in-picture\" allowfullscreen><\/iframe><\/h2>\n","protected":false},"excerpt":{"rendered":"<p>Duraci\u00f3n de la carrera 4 A\u00f1os Introducci\u00f3n En la actualidad, la mayor\u00eda de los maestros y profesores de inform\u00e1tica en nuestras Escuelas son T\u00e9cnicos o Profesionales de probada idoneidad en el \u00e1rea, pero carentes del sustrato pedag\u00f3gico-did\u00e1ctico para establecer la interacci\u00f3n \u00e1ulica en el proceso ense\u00f1anza-aprendizaje. La formaci\u00f3n de Profesores en este perfil, indudablemente, actualizar\u00e1 &#8230; <a title=\"Prof. de Ed. en Inform\u00e1tica\" class=\"read-more\" href=\"https:\/\/ies6017-sal.infd.edu.ar\/sitio\/prof-de-ed-en-informatica\/\" aria-label=\"More on Prof. de Ed. en Inform\u00e1tica\">[+]<\/a><\/p>\n","protected":false},"author":3120,"featured_media":0,"parent":0,"menu_order":0,"comment_status":"closed","ping_status":"closed","template":"","meta":[],"acf":[],"_links":{"self":[{"href":"https:\/\/ies6017-sal.infd.edu.ar\/sitio\/wp-json\/wp\/v2\/pages\/4130"}],"collection":[{"href":"https:\/\/ies6017-sal.infd.edu.ar\/sitio\/wp-json\/wp\/v2\/pages"}],"about":[{"href":"https:\/\/ies6017-sal.infd.edu.ar\/sitio\/wp-json\/wp\/v2\/types\/page"}],"author":[{"embeddable":true,"href":"https:\/\/ies6017-sal.infd.edu.ar\/sitio\/wp-json\/wp\/v2\/users\/3120"}],"replies":[{"embeddable":true,"href":"https:\/\/ies6017-sal.infd.edu.ar\/sitio\/wp-json\/wp\/v2\/comments?post=4130"}],"version-history":[{"count":32,"href":"https:\/\/ies6017-sal.infd.edu.ar\/sitio\/wp-json\/wp\/v2\/pages\/4130\/revisions"}],"predecessor-version":[{"id":5664,"href":"https:\/\/ies6017-sal.infd.edu.ar\/sitio\/wp-json\/wp\/v2\/pages\/4130\/revisions\/5664"}],"wp:attachment":[{"href":"https:\/\/ies6017-sal.infd.edu.ar\/sitio\/wp-json\/wp\/v2\/media?parent=4130"}],"curies":[{"name":"wp","href":"https:\/\/api.w.org\/{rel}","templated":true}]}}