{"id":3525,"date":"2021-12-05T09:48:01","date_gmt":"2021-12-05T12:48:01","guid":{"rendered":"https:\/\/ies6017-sal.infd.edu.ar\/sitio\/?page_id=3525"},"modified":"2022-01-27T20:56:16","modified_gmt":"2022-01-27T23:56:16","slug":"inscribite-profesorado-en-quimica","status":"publish","type":"page","link":"https:\/\/ies6017-sal.infd.edu.ar\/sitio\/inscribite-profesorado-en-quimica\/","title":{"rendered":"Inscribite Profesorado de Qu\u00edmica"},"content":{"rendered":"\n<div class=\"wp-block-image\"><figure class=\"aligncenter size-large is-resized\"><img decoding=\"async\" loading=\"lazy\" src=\"https:\/\/ies6017-sal.infd.edu.ar\/sitio\/wp-content\/uploads\/2021\/12\/1.jpg\" alt=\"\" class=\"wp-image-3526\" width=\"748\" height=\"330\" srcset=\"https:\/\/ies6017-sal.infd.edu.ar\/sitio\/wp-content\/uploads\/2021\/12\/1.jpg 1303w, https:\/\/ies6017-sal.infd.edu.ar\/sitio\/wp-content\/uploads\/2021\/12\/1-1000x441.jpg 1000w, https:\/\/ies6017-sal.infd.edu.ar\/sitio\/wp-content\/uploads\/2021\/12\/1-768x339.jpg 768w\" sizes=\"(max-width: 748px) 100vw, 748px\" \/><\/figure><\/div>\n\n\n\n<h4 class=\"has-text-align-center wp-block-heading\"><strong>TR\u00c1MITE DE PRE-INSCRIPCI\u00d3N<\/strong><\/h4>\n\n\n\n<h4 class=\"has-text-align-center wp-block-heading\"><strong>Profesorado de Educaci\u00f3n Secundaria en <\/strong>Qu\u00edmica<\/h4>\n\n\n\n<p>&nbsp; &nbsp; &nbsp; &nbsp; &nbsp; &nbsp; &nbsp; &nbsp; &nbsp; &nbsp; &nbsp; &nbsp; &nbsp; &nbsp; &nbsp; &nbsp; &nbsp; &nbsp; &nbsp; &nbsp; &nbsp; &nbsp; &nbsp; &nbsp; &nbsp; &nbsp; &nbsp; &nbsp; &nbsp; &nbsp; &nbsp; &nbsp; &nbsp; &nbsp; &nbsp; &nbsp; &nbsp; &nbsp; &nbsp; &nbsp; &nbsp; &nbsp; &nbsp; &nbsp;<\/p>\n\n\n\n<h3 class=\"wp-block-heading\"><strong>Pautas preliminares<\/strong><\/h3>\n\n\n\n<div class=\"wp-block-image\"><figure class=\"alignleft is-resized\"><a href=\"https:\/\/ies6017-sal.infd.edu.ar\/sitio\/wp-content\/uploads\/2020\/12\/sobre-email-abierto_1020-530.jpg\"><img decoding=\"async\" loading=\"lazy\" src=\"https:\/\/ies6017-sal.infd.edu.ar\/sitio\/wp-content\/uploads\/2020\/12\/sobre-email-abierto_1020-530.jpg\" alt=\"\" class=\"wp-image-2460\" width=\"100\" height=\"100\" srcset=\"https:\/\/ies6017-sal.infd.edu.ar\/sitio\/wp-content\/uploads\/2020\/12\/sobre-email-abierto_1020-530.jpg 626w, https:\/\/ies6017-sal.infd.edu.ar\/sitio\/wp-content\/uploads\/2020\/12\/sobre-email-abierto_1020-530-500x500.jpg 500w\" sizes=\"(max-width: 100px) 100vw, 100px\" \/><\/a><\/figure><\/div>\n\n\n\n<p>Es de suma importancia contar con un correo electr\u00f3nico en cuenta GMAIL, ya que este ser\u00e1 el medio de comunicaci\u00f3n con nuestro Instituto. Esa cuenta debe ser personal, no se aceptan cuentas de terceros, porque la documentaci\u00f3n anexada y los formularios completados revisten car\u00e1cter de DECLARACI\u00d3N JURADA. Si por alg\u00fan motivo decide cambiar de correo electr\u00f3nico debe comunicarlo al correo de la instituci\u00f3n inscripcionesprofesorados6017@gmail.com<\/p>\n\n\n\n<h3 class=\"wp-block-heading\"><strong>Pasos de la Pre-Inscripci\u00f3n<\/strong><\/h3>\n\n\n\n<p><strong>Paso 1: Antes de la PRE-INSCRIPCI\u00d3N ON LINE:<\/strong>&nbsp;Antes de completar el formulario para la carrera elegida deber\u00e1s tener escaneado en formato PDF&nbsp; y en un archivo \u00fanico la siguiente&nbsp;<strong><em>documentaci\u00f3n imprescindible<\/em><\/strong>:<\/p>\n\n\n\n<ul><li>Copia de DNI (anverso y reverso).<\/li><li>Copia de partida de nacimiento (2.020 o 2.021-anverso y reverso). Puede presentar de otro a\u00f1o, pero en febrero de 2.022 deber\u00e1 actualizarla.<\/li><li>Copia de t\u00edtulo de secundario o constancia de estudios completos otorgado por el colegio secundario. ATENCI\u00d3N: quien se inscriba con constancia de alumno regular (adeudando materia\/s del secundario) quedar\u00e1 inscripto con matr\u00edcula provisoria.<\/li><\/ul>\n\n\n\n<p>Para subir los archivos tener en cuenta que deben ser escaneados en forma completa y legible, no ser\u00e1n v\u00e1lidos si se sube solo una parte del documento.<\/p>\n\n\n\n<p class=\"has-text-align-center has-vivid-red-color has-text-color\"><strong>Si no present\u00e1s la documentaci\u00f3n solicitada en forma completa y correcta no se tomar\u00e1<\/strong><\/p>\n\n\n\n<p class=\"has-text-align-center has-vivid-red-color has-text-color\"><strong>la pre-inscripci\u00f3n a la carrera.&nbsp;<\/strong><\/p>\n\n\n\n<p><strong>Paso 2: PRE-INSCRIPCI\u00d3N&nbsp; ONLINE<\/strong>&nbsp;Si ya ten\u00e9s toda la documentaci\u00f3n escaneada en PDF,&nbsp; ten\u00e9s que completar el siguiente formulario haciendo click en la frase en azul.&nbsp;<strong>Ten\u00e9s tiempo hasta el 2\/2\/2022<\/strong><\/p>\n\n\n\n<ul><li><a href=\"https:\/\/forms.gle\/cof7ytCaYQCLthcq5\" data-type=\"URL\" data-id=\"https:\/\/forms.gle\/cof7ytCaYQCLthcq5\" target=\"_blank\" rel=\"noreferrer noopener\"><strong>Formulario de Pre-inscripci\u00f3n Carrera<\/strong>:<\/a> aqu\u00ed vas a adjuntar la documentaci\u00f3n escaneada. Es necesario ingresar con tu correo electr\u00f3nico para completar la encuesta.<\/li><\/ul>\n\n\n\n<p>Si completaste el formulario pod\u00e9s realizar al Paso 3.&nbsp;<\/p>\n\n\n\n<p><strong>Paso 3: ENTREGA DE DOCUMENTACI\u00d3N<\/strong>: Una vez que has completado el Formulario de Pre-inscripci\u00f3n Carrera, deber\u00e1s acercarte a la instituci\u00f3n a dejar la&nbsp;<em><strong>documentaci\u00f3n imprescindible<\/strong>&nbsp;<\/em>en formato papel en un folio A4:<\/p>\n\n\n\n<ul><li>Copia de DNI (anverso y reverso). Presentar original para su verificaci\u00f3n.&nbsp;<\/li><li>Copia de partida de nacimiento (2.020 o 2.021-anverso y reverso). Puede presentar de otro a\u00f1o, pero en febrero de 2.022 deber\u00e1 actualizarla. Presentar original para su verificaci\u00f3n.&nbsp;<\/li><li>Copia de t\u00edtulo de secundario (copia y presentar original para su verificaci\u00f3n) o constancia de estudios completos-incompletos otorgado por el colegio secundario (original). ATENCI\u00d3N: quien se inscriba con constancia de alumno regular (adeudando materia\/s del secundario) quedar\u00e1 inscripto con matr\u00edcula provisoria.&nbsp;<\/li><\/ul>\n\n\n\n<p><strong>Se recibir\u00e1 la documentaci\u00f3n hasta el 2\/02\/2022<\/strong><\/p>\n\n\n\n<p class=\"has-large-font-size\"><strong>Pasos de la Inscripci\u00f3n-Legajo Completo<\/strong><\/p>\n\n\n\n<p><strong>a)CONFIRMACI\u00d3N DE LA INSCRIPCI\u00d3N A LA CARRERA:&nbsp;&nbsp;<\/strong>desde el 7 al 11 de febrero  de 2022 se habilitar\u00e1 un formulario on line para realizar la confirmaci\u00f3n a la carrera elegida.&nbsp;<\/p>\n\n\n\n<p><strong>b) PRESENTACI\u00d3N DE DOCUMENTACI\u00d3N DE LEGAJO :&nbsp;<\/strong>los preinscriptos deber\u00e1n completar el legajo con los siguientes requisitos hasta el&nbsp; 21\/02\/2022 :<\/p>\n\n\n\n<ul><li>3 (Tres) Foto 4 x 4<\/li><li>Apto F\u00edsico 2022. Se puede adquirir la versi\u00f3n impresa en el Instituto, en el horario de 19 a 20:30 horas.&nbsp;<\/li><li>Seguro Escolar.<\/li><li>Libreta de estudios.<\/li><li>Abono de Matr\u00edcula.<\/li><\/ul>\n\n\n\n<p class=\"has-large-font-size\"><strong>Curso de Ingreso Introductorio Obligatorio<\/strong><\/p>\n\n\n\n<p>Para iniciar el curso de ingreso introductorio deber\u00e1 haber completado los pasos de 1 a 3.&nbsp; A partir del 28\/01 se le enviar\u00e1 a su correo personal el usuario y contrase\u00f1a para iniciar el curso de ingreso en el Aula Virtual que corresponda a su carrera.&nbsp;El cursado es obligatorio.<\/p>\n\n\n\n<p>&nbsp; <strong>&nbsp;<\/strong><\/p>\n\n\n\n<h5 class=\"has-text-align-center has-vivid-red-color has-text-color wp-block-heading\"><strong>Les recomendamos ingresar siempre a este sitio web del instituto.&nbsp;<\/strong><\/h5>\n\n\n\n<p><\/p>\n","protected":false},"excerpt":{"rendered":"<p>TR\u00c1MITE DE PRE-INSCRIPCI\u00d3N Profesorado de Educaci\u00f3n Secundaria en Qu\u00edmica &nbsp; &nbsp; &nbsp; &nbsp; &nbsp; &nbsp; &nbsp; &nbsp; &nbsp; &nbsp; &nbsp; &nbsp; &nbsp; &nbsp; &nbsp; &nbsp; &nbsp; &nbsp; &nbsp; &nbsp; &nbsp; &nbsp; &nbsp; &nbsp; &nbsp; &nbsp; &nbsp; &nbsp; &nbsp; &nbsp; &nbsp; &nbsp; &nbsp; &nbsp; &nbsp; &nbsp; &nbsp; &nbsp; &nbsp; &nbsp; &nbsp; &nbsp; &nbsp; &nbsp; Pautas preliminares &#8230; <a title=\"Inscribite Profesorado de Qu\u00edmica\" class=\"read-more\" href=\"https:\/\/ies6017-sal.infd.edu.ar\/sitio\/inscribite-profesorado-en-quimica\/\" aria-label=\"More on Inscribite Profesorado de Qu\u00edmica\">[+]<\/a><\/p>\n","protected":false},"author":236,"featured_media":0,"parent":0,"menu_order":0,"comment_status":"closed","ping_status":"closed","template":"","meta":[],"acf":[],"_links":{"self":[{"href":"https:\/\/ies6017-sal.infd.edu.ar\/sitio\/wp-json\/wp\/v2\/pages\/3525"}],"collection":[{"href":"https:\/\/ies6017-sal.infd.edu.ar\/sitio\/wp-json\/wp\/v2\/pages"}],"about":[{"href":"https:\/\/ies6017-sal.infd.edu.ar\/sitio\/wp-json\/wp\/v2\/types\/page"}],"author":[{"embeddable":true,"href":"https:\/\/ies6017-sal.infd.edu.ar\/sitio\/wp-json\/wp\/v2\/users\/236"}],"replies":[{"embeddable":true,"href":"https:\/\/ies6017-sal.infd.edu.ar\/sitio\/wp-json\/wp\/v2\/comments?post=3525"}],"version-history":[{"count":20,"href":"https:\/\/ies6017-sal.infd.edu.ar\/sitio\/wp-json\/wp\/v2\/pages\/3525\/revisions"}],"predecessor-version":[{"id":4063,"href":"https:\/\/ies6017-sal.infd.edu.ar\/sitio\/wp-json\/wp\/v2\/pages\/3525\/revisions\/4063"}],"wp:attachment":[{"href":"https:\/\/ies6017-sal.infd.edu.ar\/sitio\/wp-json\/wp\/v2\/media?parent=3525"}],"curies":[{"name":"wp","href":"https:\/\/api.w.org\/{rel}","templated":true}]}}