{"id":3409,"date":"2021-11-24T08:58:44","date_gmt":"2021-11-24T11:58:44","guid":{"rendered":"https:\/\/ies6017-sal.infd.edu.ar\/sitio\/?page_id=3409"},"modified":"2021-11-29T21:03:42","modified_gmt":"2021-11-30T00:03:42","slug":"inscripcion-a-talleres","status":"publish","type":"page","link":"https:\/\/ies6017-sal.infd.edu.ar\/sitio\/inscripcion-a-talleres\/","title":{"rendered":"INSCRIPCION A TALLERES"},"content":{"rendered":"<p><img decoding=\"async\" loading=\"lazy\" class=\"alignnone size-medium wp-image-3457\" src=\"https:\/\/ies6017-sal.infd.edu.ar\/sitio\/wp-content\/uploads\/2021\/11\/DGES-Encabezados-1000x333.png\" alt=\"\" width=\"1000\" height=\"333\" srcset=\"https:\/\/ies6017-sal.infd.edu.ar\/sitio\/wp-content\/uploads\/2021\/11\/DGES-Encabezados-1000x333.png 1000w, https:\/\/ies6017-sal.infd.edu.ar\/sitio\/wp-content\/uploads\/2021\/11\/DGES-Encabezados-768x256.png 768w, https:\/\/ies6017-sal.infd.edu.ar\/sitio\/wp-content\/uploads\/2021\/11\/DGES-Encabezados.png 1500w\" sizes=\"(max-width: 1000px) 100vw, 1000px\" \/><\/p>\n<div  class=\"lgc-column lgc-grid-parent lgc-grid-50 lgc-tablet-grid-50 lgc-mobile-grid-100 lgc-equal-heights \"><div  class=\"inside-grid-column\">\n<p><img decoding=\"async\" loading=\"lazy\" class=\"alignnone size-full wp-image-3410 aligncenter\" src=\"https:\/\/ies6017-sal.infd.edu.ar\/sitio\/wp-content\/uploads\/2021\/11\/Feria-de-Gamificacion.jpg\" alt=\"\" width=\"245\" height=\"346\" \/><\/p>\n<p><\/p><\/div><\/div>\n<div  class=\"lgc-column lgc-grid-parent lgc-grid-50 lgc-tablet-grid-50 lgc-mobile-grid-100 lgc-equal-heights \"><div  class=\"inside-grid-column\">\n<h3><strong>Equipo Capacitador<\/strong><\/h3>\n<ul>\n<li>Prof. Gabriela Chill\u00e1n<\/li>\n<li>Prof. Miguel Papadopulos<\/li>\n<li>Prof. Gustavo Vazquez<\/li>\n<li>Prof. Lucia Ravaza<\/li>\n<li>Prof. Gerardo Sandoval<\/li>\n<li>Prof. Alejandro Olarte Medina<\/li>\n<li>Prof. Iris Olarte<\/li>\n<\/ul>\n<h3><strong>Descripci\u00f3n General<\/strong><\/h3>\n<p><strong>D\u00eda:<\/strong> 30\/11\/2021<br \/><strong>Horario:<\/strong> 19:00 hs<br \/><strong>Modalidad:<\/strong> Virtual<\/p>\n<p><\/p><\/div><\/div>\n<h3 style=\"text-align: justify;\"><strong>Destinatarios<\/strong><\/h3>\n<ul style=\"text-align: justify;\">\n<li>Docentes<\/li>\n<li>Estudiantes<\/li>\n<\/ul>\n<h3 style=\"text-align: justify;\">Eje 6: Alfabetizaci\u00f3n digital<\/h3>\n<p style=\"text-align: justify;\">El taller tiene como objetivo crear un espacio de trabajo sincr\u00f3nico con modalidad de laboratorio, donde los asistentes puedan crear experiencias de ense\u00f1anza y de aprendizaje a partir del juego con diversas herramientas TIC.<\/p>\n<h3 style=\"text-align: justify;\"><strong>Objetivos<\/strong><\/h3>\n<ul style=\"text-align: justify;\">\n<li>Reconocer los componentes fundamentales de la Gamificaci\u00f3n en contextos educativos.<\/li>\n<li>Identificar juegos y apps educativos disponibles para dise\u00f1ar propuestas originales y creativas.<\/li>\n<li>Generar un espacio colectivo para gamificar experiencias de aprendizaje.<\/li>\n<\/ul>\n<p style=\"text-align: justify;\">Herramientas TIC Genially (storytelling) &#8211; Wordwall (juegos de concurso) &#8211; Gartic Phone (im\u00e1genes y desarrollo del lenguaje) -Assemblr edu (realidad aumentada).<\/p>\n<h3>Cupo: 60<a href=\"https:\/\/forms.gle\/rMSZo7bjeGmfe15KA\" target=\"_blank\" rel=\"noopener\"><img decoding=\"async\" loading=\"lazy\" class=\"aligncenter wp-image-3432\" src=\"https:\/\/ies6017-sal.infd.edu.ar\/sitio\/wp-content\/uploads\/2021\/11\/Boton-Inscripcion-1000x295.jpg\" alt=\"Inscribirse\" width=\"200\" height=\"59\" srcset=\"https:\/\/ies6017-sal.infd.edu.ar\/sitio\/wp-content\/uploads\/2021\/11\/Boton-Inscripcion-1000x295.jpg 1000w, https:\/\/ies6017-sal.infd.edu.ar\/sitio\/wp-content\/uploads\/2021\/11\/Boton-Inscripcion-768x227.jpg 768w, https:\/\/ies6017-sal.infd.edu.ar\/sitio\/wp-content\/uploads\/2021\/11\/Boton-Inscripcion.jpg 1281w\" sizes=\"(max-width: 200px) 100vw, 200px\" \/><\/a><\/h3>\n<div  class=\"lgc-column lgc-grid-parent lgc-grid-50 lgc-tablet-grid-50 lgc-mobile-grid-100 lgc-equal-heights \"><div  class=\"inside-grid-column\">\n<p><img decoding=\"async\" loading=\"lazy\" class=\"wp-image-3421 size-full aligncenter\" src=\"https:\/\/ies6017-sal.infd.edu.ar\/sitio\/wp-content\/uploads\/2021\/11\/Laboratorio-de-Consignas-para-el-Entorno-Virtual.jpg\" alt=\"\" width=\"283\" height=\"400\" \/><\/p>\n<p><\/p><\/div><\/div>\n<div  class=\"lgc-column lgc-grid-parent lgc-grid-50 lgc-tablet-grid-50 lgc-mobile-grid-100 lgc-equal-heights \"><div  class=\"inside-grid-column\">\n<h3><strong>Equipo Capacitador<\/strong><\/h3>\n<ul>\n<li>Prof. Iris Olarte<\/li>\n<li>Prof. Carolina Velarde<\/li>\n<li>Prof. Gustavo Vazquez<\/li>\n<li>Prof. Alejandro Olarte Medina<\/li>\n<\/ul>\n<h3><strong>Descripci\u00f3n General<\/strong><\/h3>\n<p><strong>D\u00eda:<\/strong> 30\/11\/2021<br \/><strong>Horario:<\/strong> 19:00 hs<br \/><strong>Modalidad:<\/strong> Virtual<\/p>\n<p><\/p><\/div><\/div>\n<h3 style=\"text-align: justify;\"><strong>Destinatarios<\/strong><\/h3>\n<ul style=\"text-align: justify;\">\n<li>Docentes<\/li>\n<\/ul>\n<h3 style=\"text-align: justify;\">Eje 3: Ense\u00f1ar y Aprender en Bimodalidad<\/h3>\n<p style=\"text-align: justify;\">La propuesta consiste en la realizaci\u00f3n de un taller destinado a docentes de los profesorados de la provincia de Salta que participan de las jornadas preparatorias del X Encuentro de Pr\u00e1cticas y Residencias.<br \/>El prop\u00f3sito de la propuesta es generar un espacio de reflexi\u00f3n y trabajo colaborativo en relaci\u00f3n a las consignas, su centralidad y relevancia en el marco de propuestas de ense\u00f1anza para la comprensi\u00f3n. <br \/>El dispositivo incluir\u00e1 el desarrollo de desaf\u00edos, tanto individuales como colaborativos, que buscar\u00e1n sensibilizar sobre la tem\u00e1tica, promover el an\u00e1lisis y la reflexi\u00f3n sobre la formulaci\u00f3n de consignas y la reformulaci\u00f3n de las mismas atendiendo a los aspectos conceptuales b\u00e1sicos que se pondr\u00e1n a consideraci\u00f3n. <br \/>La propuesta integrar\u00e1 diversas aplicaciones y recursos tecnol\u00f3gicos con la intenci\u00f3n de presentar una posible manera de incorporaci\u00f3n pedag\u00f3gica de las TIC en pr\u00e1cticas formativas.<\/p>\n<h3 style=\"text-align: justify;\"><strong>Objetivos<\/strong><\/h3>\n<ul style=\"text-align: justify;\">\n<li>Reconocer la centralidad de las actividades y consignas desde el enfoque de la Ense\u00f1anza para la Comprensi\u00f3n.<\/li>\n<li>Identificar y analizar los componentes espec\u00edficos de las consignas pensadas para entornos virtuales.<\/li>\n<li>Proponer de manera colaborativa consignas aut\u00e9nticas y significativas en escenarios educativos bimodales.<\/li>\n<\/ul>\n<h3>Cupo: 80<\/h3>\n<p><a href=\"https:\/\/forms.gle\/heWgAG7qJcjF6qVBA\"><img decoding=\"async\" loading=\"lazy\" class=\"wp-image-3432 aligncenter\" src=\"https:\/\/ies6017-sal.infd.edu.ar\/sitio\/wp-content\/uploads\/2021\/11\/Boton-Inscripcion-1000x295.jpg\" alt=\"Inscribirse\" width=\"200\" height=\"59\" srcset=\"https:\/\/ies6017-sal.infd.edu.ar\/sitio\/wp-content\/uploads\/2021\/11\/Boton-Inscripcion-1000x295.jpg 1000w, https:\/\/ies6017-sal.infd.edu.ar\/sitio\/wp-content\/uploads\/2021\/11\/Boton-Inscripcion-768x227.jpg 768w, https:\/\/ies6017-sal.infd.edu.ar\/sitio\/wp-content\/uploads\/2021\/11\/Boton-Inscripcion.jpg 1281w\" sizes=\"(max-width: 200px) 100vw, 200px\" \/><\/a><\/p>\n<div  class=\"lgc-column lgc-grid-parent lgc-grid-50 lgc-tablet-grid-50 lgc-mobile-grid-100 lgc-equal-heights \"><div  class=\"inside-grid-column\">\n<p><img decoding=\"async\" loading=\"lazy\" class=\"wp-image-3426 size-full aligncenter\" src=\"https:\/\/ies6017-sal.infd.edu.ar\/sitio\/wp-content\/uploads\/2021\/11\/Ateneo.jpg\" alt=\"\" width=\"278\" height=\"393\" \/><\/p>\n<p><\/p><\/div><\/div>\n<div  class=\"lgc-column lgc-grid-parent lgc-grid-50 lgc-tablet-grid-50 lgc-mobile-grid-100 lgc-equal-heights \"><div  class=\"inside-grid-column\">\n<h3><strong>Equipo Capacitador<\/strong><\/h3>\n<ul>\n<li style=\"text-align: justify;\"><strong>Estudiantes de Matem\u00e1tica &#8211; Biolog\u00eda y Primaria (Practicantes y residentes):<\/strong> Copa, Patricia Silvina &#8211; Fern\u00e1ndez, Alicia Raquel -Herrera, Erika Milagro &#8211; Rodr\u00edguez, Abel Pablo &#8211; Tazca, Braian Maximiliano &#8211; Zenteno, \u00c1ngel David &#8211; Delgado, Jonathan Rodrigo &#8211; Miranda, Valeria Milagro &#8211; Aparicio, Luc\u00eda Jacqueline -D\u00edaz, Carmen Elisa<\/li>\n<li style=\"text-align: justify;\"><strong>Profesores Tutores (Docentes Noveles)<\/strong><br \/>\u2022 Prof. Javier Rodr\u00edguez<br \/>\u2022 Prof. Lourdes Del Cont<\/li>\n<\/ul>\n<h3><strong>Descripci\u00f3n General<\/strong><\/h3>\n<p><strong>D\u00eda:<\/strong> 30\/11\/2021<br \/><strong>Horario:<\/strong> 19:00 hs<br \/><strong>Modalidad:<\/strong> Virtual<\/p>\n<p><\/p><\/div><\/div>\n<h3 style=\"text-align: justify;\"><strong>Destinatarios<\/strong><\/h3>\n<ul style=\"text-align: justify;\">\n<li>Estudiantes<\/li>\n<\/ul>\n<h3 style=\"text-align: justify;\">Eje 4: <strong>Sostenimiento y revinculaci\u00f3n de las trayectorias educativas<\/strong><\/h3>\n<p style=\"text-align: justify;\">El Ateneo consiste en un espacio de reflexi\u00f3n y escucha activa entre estudiantes de los distintos profesorados, con el objetivo principal de contener y actuar ante las demandas de los contextos actuales, caracterizados por cambios en los formatos educativos. <br \/>Se sabe que las aulas son contextos donde las emociones forman parte del proceso de aprendizaje. Las habilidades emocionales de los docentes, as\u00ed como tambi\u00e9n del alumno, son clave para fomentar ambientes de aprendizaje positivos. <br \/>Pero; \u00bfQu\u00e9 sucede cuando el espacio f\u00edsico de las Instituciones se pierde? \u00bfQu\u00e9 sucede cuando no contamos con el aula como recurso para establecer buenas pr\u00e1cticas educativas en torno al conocimiento y las maneras de gestionarlo? \u00bfC\u00f3mo contener a los estudiantes en sus trayectorias educativas? <br \/>A partir del surgimiento de los nuevos escenarios educativos, y a la demanda de los estudiantes de ser escuchados, se pretende trabajar emociones como la Autoestima, la Motivaci\u00f3n y la Empat\u00eda en el aula, necesarias para transitar las pr\u00e1cticas formativas. <br \/>Por primera vez estudiantes de los profesorados trabajan en el sostenimiento de las trayectorias de otros estudiantes con un objetivo com\u00fan: Trabajar las emociones en la formaci\u00f3n docente del Nivel Superior.<br \/>El Ateneo incluir\u00e1 mensajes motivacionales, debates entre estudiantes en base a la tem\u00e1tica, charlas con invitados id\u00f3neos en el tema y por \u00faltimo juegos para implementar lo aprendido durante la jornada.<\/p>\n<h3 style=\"text-align: justify;\"><strong>Objetivos<\/strong><\/h3>\n<ul style=\"text-align: justify;\">\n<li>Fortalecer las capacidades emocionales dentro de las pr\u00e1cticas educativas bimodales a trav\u00e9s de la implementaci\u00f3n de debates e intercambio de opiniones entre estudiantes de diferentes profesorados.<\/li>\n<li>Reflexionar y trabajar la importancia del componente emocional como proceso que configura las pr\u00e1cticas de ense\u00f1anzas y de aprendizajes.<\/li>\n<li>Fortalecer la escucha activa y el di\u00e1logo a partir de considerar a los compa\u00f1eros y participantes del encuentro como sujetos integrales que piensan, sienten y act\u00faan en base a sus experiencias.<\/li>\n<\/ul>\n<h3>Cupo: 50<\/h3>\n<p><a href=\"https:\/\/forms.gle\/qQTyKejscRpLhorQA\"><img decoding=\"async\" loading=\"lazy\" class=\"aligncenter wp-image-3432\" src=\"https:\/\/ies6017-sal.infd.edu.ar\/sitio\/wp-content\/uploads\/2021\/11\/Boton-Inscripcion-1000x295.jpg\" alt=\"\" width=\"200\" height=\"59\" srcset=\"https:\/\/ies6017-sal.infd.edu.ar\/sitio\/wp-content\/uploads\/2021\/11\/Boton-Inscripcion-1000x295.jpg 1000w, https:\/\/ies6017-sal.infd.edu.ar\/sitio\/wp-content\/uploads\/2021\/11\/Boton-Inscripcion-768x227.jpg 768w, https:\/\/ies6017-sal.infd.edu.ar\/sitio\/wp-content\/uploads\/2021\/11\/Boton-Inscripcion.jpg 1281w\" sizes=\"(max-width: 200px) 100vw, 200px\" \/><\/a><\/p>\n<div  class=\"lgc-column lgc-grid-parent lgc-grid-50 lgc-tablet-grid-50 lgc-mobile-grid-100 lgc-equal-heights \"><div  class=\"inside-grid-column\">\n<p><img decoding=\"async\" loading=\"lazy\" class=\"wp-image-3429 size-full aligncenter\" src=\"https:\/\/ies6017-sal.infd.edu.ar\/sitio\/wp-content\/uploads\/2021\/11\/Prevencion-de-la-Violencia.jpg\" alt=\"\" width=\"247\" height=\"364\" \/><\/p>\n<p><\/p><\/div><\/div>\n<div  class=\"lgc-column lgc-grid-parent lgc-grid-50 lgc-tablet-grid-50 lgc-mobile-grid-100 lgc-equal-heights \"><div  class=\"inside-grid-column\">\n<h3><strong>Equipo Capacitador<\/strong><\/h3>\n<ul>\n<li style=\"text-align: justify;\">Prof. Mariel Vera<\/li>\n<li style=\"text-align: justify;\">Prof. Luz Franqui<\/li>\n<li style=\"text-align: justify;\">Prof. Nancy Natalia Mendoza<\/li>\n<li style=\"text-align: justify;\">Prof. Natalia Barrozo<\/li>\n<\/ul>\n<h3><strong>Descripci\u00f3n General<\/strong><\/h3>\n<p><strong>D\u00eda:<\/strong> 30\/11\/2021<br \/><strong>Horario:<\/strong> 19:00 hs<br \/><strong>Modalidad:<\/strong> Virtual<\/p>\n<p><\/p><\/div><\/div>\n<h3 style=\"text-align: justify;\"><strong>Destinatarios<\/strong><\/h3>\n<ul style=\"text-align: justify;\">\n<li>Estudiantes<\/li>\n<li>Docentes<\/li>\n<\/ul>\n<h3 style=\"text-align: justify;\">Eje 2: <strong>La Perspectiva de G\u00e9nero en las pr\u00e1cticas docentes<\/strong><\/h3>\n<p style=\"text-align: justify;\">A partir de los avances sociales, pol\u00edticos y culturales en el reconocimiento y la promoci\u00f3n de los derechos de las mujeres y las disidencias, as\u00ed como en raz\u00f3n de los casos de violencia sexual en entornos escolares que han tomado p\u00fablico conocimiento durante este periodo, es indispensable disponer un espacio dentro del \u00e1mbito educativo y, en espec\u00edfico, en relaci\u00f3n a la formaci\u00f3n docente, donde se visibilice y brinden herramientas para la prevenci\u00f3n y la intervenci\u00f3n en torno a situaciones de la violencia contra las mujeres, ni\u00f1as y adolescentes. <br \/>Por ello, siendo consecuentes con esta inquietud, se propone el Taller para introducir a los y las participantes en esta tem\u00e1tica, desde una perspectiva de Derechos Humanos y de G\u00e9nero, enfatizando en las pr\u00e1cticas educativas.<\/p>\n<h3 style=\"text-align: justify;\"><strong>Objetivos<\/strong><\/h3>\n<ul style=\"text-align: justify;\">\n<li>Comprender violencia contra las mujeres desde una perspectiva de Derechos Humanos y G\u00e9nero.<\/li>\n<li>Identificar y visibilizar los distintos tipos de violencia contra las mujeres.<\/li>\n<li>Aportar y generar herramientas para la intervenci\u00f3n ante situaciones de la violencia contra las mujeres en los entornos escolares.<\/li>\n<\/ul>\n<h3>Cupo: 60<\/h3>\n<p><a href=\"https:\/\/forms.gle\/ziYRkGw9HP77o48H9\"><img decoding=\"async\" loading=\"lazy\" class=\"wp-image-3432 aligncenter\" src=\"https:\/\/ies6017-sal.infd.edu.ar\/sitio\/wp-content\/uploads\/2021\/11\/Boton-Inscripcion-1000x295.jpg\" alt=\"\" width=\"200\" height=\"59\" srcset=\"https:\/\/ies6017-sal.infd.edu.ar\/sitio\/wp-content\/uploads\/2021\/11\/Boton-Inscripcion-1000x295.jpg 1000w, https:\/\/ies6017-sal.infd.edu.ar\/sitio\/wp-content\/uploads\/2021\/11\/Boton-Inscripcion-768x227.jpg 768w, https:\/\/ies6017-sal.infd.edu.ar\/sitio\/wp-content\/uploads\/2021\/11\/Boton-Inscripcion.jpg 1281w\" sizes=\"(max-width: 200px) 100vw, 200px\" \/><\/a><\/p>\n","protected":false},"excerpt":{"rendered":"<p>Destinatarios Docentes Estudiantes Eje 6: Alfabetizaci\u00f3n digital El taller tiene como objetivo crear un espacio de trabajo sincr\u00f3nico con modalidad de laboratorio, donde los asistentes puedan crear experiencias de ense\u00f1anza y de aprendizaje a partir del juego con diversas herramientas TIC. Objetivos Reconocer los componentes fundamentales de la Gamificaci\u00f3n en contextos educativos. Identificar juegos y &#8230; <a title=\"INSCRIPCION A TALLERES\" class=\"read-more\" href=\"https:\/\/ies6017-sal.infd.edu.ar\/sitio\/inscripcion-a-talleres\/\" aria-label=\"More on INSCRIPCION A TALLERES\">[+]<\/a><\/p>\n","protected":false},"author":3120,"featured_media":0,"parent":0,"menu_order":0,"comment_status":"closed","ping_status":"closed","template":"","meta":[],"acf":[],"_links":{"self":[{"href":"https:\/\/ies6017-sal.infd.edu.ar\/sitio\/wp-json\/wp\/v2\/pages\/3409"}],"collection":[{"href":"https:\/\/ies6017-sal.infd.edu.ar\/sitio\/wp-json\/wp\/v2\/pages"}],"about":[{"href":"https:\/\/ies6017-sal.infd.edu.ar\/sitio\/wp-json\/wp\/v2\/types\/page"}],"author":[{"embeddable":true,"href":"https:\/\/ies6017-sal.infd.edu.ar\/sitio\/wp-json\/wp\/v2\/users\/3120"}],"replies":[{"embeddable":true,"href":"https:\/\/ies6017-sal.infd.edu.ar\/sitio\/wp-json\/wp\/v2\/comments?post=3409"}],"version-history":[{"count":47,"href":"https:\/\/ies6017-sal.infd.edu.ar\/sitio\/wp-json\/wp\/v2\/pages\/3409\/revisions"}],"predecessor-version":[{"id":4474,"href":"https:\/\/ies6017-sal.infd.edu.ar\/sitio\/wp-json\/wp\/v2\/pages\/3409\/revisions\/4474"}],"wp:attachment":[{"href":"https:\/\/ies6017-sal.infd.edu.ar\/sitio\/wp-json\/wp\/v2\/media?parent=3409"}],"curies":[{"name":"wp","href":"https:\/\/api.w.org\/{rel}","templated":true}]}}