{"id":2767,"date":"2021-02-27T11:02:21","date_gmt":"2021-02-27T14:02:21","guid":{"rendered":"https:\/\/ies6017-sal.infd.edu.ar\/sitio\/?page_id=2767"},"modified":"2026-02-27T22:12:54","modified_gmt":"2026-02-28T01:12:54","slug":"reinscripcion-a-la-carrera","status":"publish","type":"page","link":"https:\/\/ies6017-sal.infd.edu.ar\/sitio\/reinscripcion-a-la-carrera\/","title":{"rendered":"Reinscripci\u00f3n a la carrera"},"content":{"rendered":"\n<div class=\"wp-block-cover alignfull\" style=\"min-height:120px\"><span aria-hidden=\"true\" class=\"wp-block-cover__background has-base-2-background-color has-background-dim-0 has-background-dim\"><\/span><div class=\"wp-block-cover__inner-container\">\n<h2 class=\"wp-block-heading has-text-align-center\"><img decoding=\"async\" loading=\"lazy\" width=\"674\" height=\"219\" class=\"wp-image-6637\" style=\"width: 350px;\" src=\"https:\/\/ies6017-sal.infd.edu.ar\/sitio\/wp-content\/uploads\/2023\/11\/Recurso-25.png\" alt=\"\"><\/h2>\n<\/div><\/div>\n\n\n<h3>Reinscripci\u00f3n a\u00a0 carreras 2026<\/h3>\n<p>Para reinscribirse a la carrera es necesario que siga los procedimientos en los pasos y plazos establecidos:<\/p>\n<p><strong>INSTANCIA VIRTUAL<\/strong><\/p>\n<p>1) Completar la siguiente encuesta\u00a0 on line\u00a0 obligatoria: <a href=\"https:\/\/docs.google.com\/forms\/d\/e\/1FAIpQLScf64v7suQgFj9RCc7rPvFObNA3St4MsJyLB0J_z0aEiVTpVw\/viewform?usp=header\">ENCUESTA SOCIOEDUCATIVA\u00a02026<\/a>. Si usted ya la complet\u00f3, pase al punto 2). Es requisito indispensable completar la encuesta.<\/p>\n<p>2)\u00a0 Completar el <a href=\"https:\/\/docs.google.com\/forms\/d\/e\/1FAIpQLSfVjprJGE8PumWNDA_0C6OXFI9KdVvHuYZgZG-jF9W0DqEzjw\/viewform?usp=header\">Formulario de Reinscripci\u00f3n a la carrera para el Periodo Lectivo 2026\u00a0 SEDE<\/a> \u00a0o el <a href=\"https:\/\/docs.google.com\/forms\/d\/e\/1FAIpQLSe7TnzfAjZRiA8GaUta56Kv3J7goGi66-rFmydgqxUtPqaeKA\/viewform?usp=header\">Formulario de Reinscripci\u00f3n a la carrera para el Periodo Lectivo 2026 ANEXO Cpo. Santo.<\/a> <strong>Plazo para completar el formulario on line:\u00a0 desde el 27 de febrero hasta el 04 de marzo del 2026 a horas 18:00.<\/strong><\/p>\n<p><strong>INSTANCIA PRESENCIAL<\/strong><\/p>\n<p>3) Una vez que haya completado la Encuesta socioeducativa y\u00a0 el Formulario de Reinscripci\u00f3n a la carrera, podr\u00e1 presentar en el instituto la <strong>Ficha de Inscripci\u00f3n por materia<\/strong> (que se adquiere en la instituci\u00f3n) y la documentaci\u00f3n abajo se\u00f1alada:<\/p>\n<table width=\"1031\">\n<tbody>\n<tr>\n<td>\n<p>a. Presentar Libreta de estudios para realizar el tr\u00e1mite.<\/p>\n<\/td>\n<\/tr>\n<tr>\n<td>\n<p>b. Apto f\u00edsico 2026 con firmas y sellos correspondientes (original).\u00a0 Solamente se aceptar\u00e1n <strong>aptos completos.<\/strong><\/p>\n<\/td>\n<\/tr>\n<tr>\n<td>\n<p>c. Pago de Seguro Escolar 2026. Para asistir a las clases presenciales es necesario contar con el seguro pagado.<\/p>\n<p>Profesorados: $5.400 pesos<\/p>\n<p>Tecnicaturas: $6.000 pesos<\/p>\n<\/td>\n<\/tr>\n<tr>\n<td>\n<p>d. Aporte Escolar.<\/p>\n<\/td>\n<\/tr>\n<\/tbody>\n<\/table>\n<p><img decoding=\"async\" loading=\"lazy\" class=\"alignleft\" src=\"https:\/\/ies6017-sal.infd.edu.ar\/sitio\/wp-content\/uploads\/2021\/02\/icono-atencion-personalizada-1.png\" width=\"91\" height=\"85\" \/><\/p>\n<p><strong><br \/>Antes de inscribirse en las materias, revisar el Sistema de correlatividades establecidos en el Plan de estudios de su carrera.\u00a0<\/strong><\/p>\n<p>Para la\u00a0 re-inscripci\u00f3n <strong>definitiva<\/strong>\u00a0 deber\u00e1 cumplimentar con los puntos 1), 2) y 3)\u00a0 indefectiblemente.\u00a0<\/p>\n<p><strong>La inscripci\u00f3n presencial se realizar\u00e1 desde el 03 al 06 de marzo teniendo en cuenta el siguiente cronograma:\u00a0<\/strong><\/p>\n<table>\n<tbody>\n<tr>\n<td>\n<p><strong>D\u00eda \/Horario 17:00 a 19:00<\/strong><\/p>\n<p>\u00a0<\/p>\n<\/td>\n<td width=\"486\">\n<p><strong>Carreras<\/strong><\/p>\n<\/td>\n<\/tr>\n<tr>\n<td>\n<p>Martes 3 de marzo<\/p>\n<\/td>\n<td width=\"486\">\n<p>Profesorado de Nivel Inicial<br \/>Tecnicatura Superior en Marketing digital (Campo Santo)<\/p>\n<\/td>\n<\/tr>\n<\/tbody>\n<\/table>\n<table>\n<tbody>\n<tr>\n<td>\n<p><strong>D\u00eda \/Horario 20:00 a 22:00<\/strong><\/p>\n<p>\u00a0<\/p>\n<\/td>\n<td width=\"486\">\n<p><strong>Carreras<\/strong><\/p>\n<\/td>\n<\/tr>\n<tr>\n<td>\n<p>Martes 3 de marzo<\/p>\n<\/td>\n<td width=\"486\">\n<p>Tecnicatura Superior en Recursos Humanos<br \/>Tecnicatura Superior en Electr\u00f3nica<br \/>Profesorado de Educaci\u00f3n Secundaria en Matem\u00e1tica<\/p>\n<\/td>\n<\/tr>\n<tr>\n<td>\n<p>Mi\u00e9rcoles 4 de marzo<\/p>\n<\/td>\n<td width=\"486\">\n<p>Tecnicatura Superior en An\u00e1lisis de sistemas<br \/>Profesorado de Educaci\u00f3n Secundaria en Qu\u00edmica<br \/>Profesorado de Educaci\u00f3n Secundaria en Biolog\u00eda<\/p>\n<\/td>\n<\/tr>\n<tr>\n<td>\n<p>Jueves 5 de marzo<\/p>\n<\/td>\n<td width=\"486\">\n<p>Tecnicatura Superior en Laboratorio<br \/>Profesorado de Educaci\u00f3n Secundaria en Inform\u00e1tica<\/p>\n<\/td>\n<\/tr>\n<tr>\n<td>\n<p>Viernes 6 de marzo<\/p>\n<\/td>\n<td width=\"486\">\n<p>Profesorado de Educaci\u00f3n Primaria<\/p>\n<\/td>\n<\/tr>\n<\/tbody>\n<\/table>\n<p>Se emitir\u00e1 constancia de alumno regular\u00a0 periodo lectivo 2026 cuando se haya re-inscripto debidamente a la carrera. Se solicita al correo constanciasies6017@sirolli.edu.ar\u00a0<\/p>","protected":false},"excerpt":{"rendered":"<p>Reinscripci\u00f3n a\u00a0 carreras 2026 Para reinscribirse a la carrera es necesario que siga los procedimientos en los pasos y plazos establecidos: INSTANCIA VIRTUAL 1) Completar la siguiente encuesta\u00a0 on line\u00a0 obligatoria: ENCUESTA SOCIOEDUCATIVA\u00a02026. Si usted ya la complet\u00f3, pase al punto 2). Es requisito indispensable completar la encuesta. 2)\u00a0 Completar el Formulario de Reinscripci\u00f3n a &#8230; <a title=\"Reinscripci\u00f3n a la carrera\" class=\"read-more\" href=\"https:\/\/ies6017-sal.infd.edu.ar\/sitio\/reinscripcion-a-la-carrera\/\" aria-label=\"More on Reinscripci\u00f3n a la carrera\">[+]<\/a><\/p>\n","protected":false},"author":236,"featured_media":0,"parent":0,"menu_order":0,"comment_status":"closed","ping_status":"closed","template":"","meta":[],"acf":[],"_links":{"self":[{"href":"https:\/\/ies6017-sal.infd.edu.ar\/sitio\/wp-json\/wp\/v2\/pages\/2767"}],"collection":[{"href":"https:\/\/ies6017-sal.infd.edu.ar\/sitio\/wp-json\/wp\/v2\/pages"}],"about":[{"href":"https:\/\/ies6017-sal.infd.edu.ar\/sitio\/wp-json\/wp\/v2\/types\/page"}],"author":[{"embeddable":true,"href":"https:\/\/ies6017-sal.infd.edu.ar\/sitio\/wp-json\/wp\/v2\/users\/236"}],"replies":[{"embeddable":true,"href":"https:\/\/ies6017-sal.infd.edu.ar\/sitio\/wp-json\/wp\/v2\/comments?post=2767"}],"version-history":[{"count":96,"href":"https:\/\/ies6017-sal.infd.edu.ar\/sitio\/wp-json\/wp\/v2\/pages\/2767\/revisions"}],"predecessor-version":[{"id":8875,"href":"https:\/\/ies6017-sal.infd.edu.ar\/sitio\/wp-json\/wp\/v2\/pages\/2767\/revisions\/8875"}],"wp:attachment":[{"href":"https:\/\/ies6017-sal.infd.edu.ar\/sitio\/wp-json\/wp\/v2\/media?parent=2767"}],"curies":[{"name":"wp","href":"https:\/\/api.w.org\/{rel}","templated":true}]}}