{"id":2626,"date":"2020-12-14T01:52:25","date_gmt":"2020-12-14T04:52:25","guid":{"rendered":"https:\/\/ies6017-sal.infd.edu.ar\/sitio\/?page_id=2626"},"modified":"2023-02-20T12:09:36","modified_gmt":"2023-02-20T15:09:36","slug":"tec-sup-en-analista-en-sistemas","status":"publish","type":"page","link":"https:\/\/ies6017-sal.infd.edu.ar\/sitio\/tec-sup-en-analista-en-sistemas\/","title":{"rendered":"Tec. Sup. en Analista en Sistemas"},"content":{"rendered":"<p><img decoding=\"async\" loading=\"lazy\" class=\"size-medium wp-image-3342 aligncenter\" src=\"https:\/\/ies6017-sal.infd.edu.ar\/sitio\/wp-content\/uploads\/2021\/11\/5-1000x333.jpg\" alt=\"\" width=\"1000\" height=\"333\" srcset=\"https:\/\/ies6017-sal.infd.edu.ar\/sitio\/wp-content\/uploads\/2021\/11\/5-1000x333.jpg 1000w, https:\/\/ies6017-sal.infd.edu.ar\/sitio\/wp-content\/uploads\/2021\/11\/5-768x256.jpg 768w, https:\/\/ies6017-sal.infd.edu.ar\/sitio\/wp-content\/uploads\/2021\/11\/5-1536x512.jpg 1536w, https:\/\/ies6017-sal.infd.edu.ar\/sitio\/wp-content\/uploads\/2021\/11\/5.jpg 1800w\" sizes=\"(max-width: 1000px) 100vw, 1000px\" \/><\/p>\n<table style=\"height: 245px;\" width=\"938\">\n<tbody>\n<tr>\n<td width=\"196\"><strong>Duraci\u00f3n de la carrera<\/strong><\/td>\n<td width=\"262\">3 a\u00f1os<\/td>\n<\/tr>\n<tr>\n<td><strong>T\u00edtulo<\/strong><\/td>\n<td width=\"262\">T\u00e9cnico Superior en Analista en sistemas con orientaci\u00f3n en redes inform\u00e1ticas<\/td>\n<\/tr>\n<tr>\n<td style=\"text-align: justify;\"><strong>Objetivos de Formaci\u00f3n<\/strong><\/td>\n<td style=\"text-align: justify;\" width=\"262\">*Dise\u00f1ar aplicaciones amigables en entornos visuales, en los diferentes paradigmas de programaci\u00f3n. *Dise\u00f1ar sistemas de informaci\u00f3n utilizando enfoques estructurados. *Llevar a cabo tareas de instalaci\u00f3n, configuraci\u00f3n, mantenimiento y administraci\u00f3n &#8216;de equipos PC y redes inform\u00e1ticas en general. *Efectuar asesoramiento t\u00e9cnico sobre especificaciones y costos de computadora, redes y equipos en general.<\/td>\n<\/tr>\n<\/tbody>\n<\/table>\n<h2><a href=\"https:\/\/ies6017-sal.infd.edu.ar\/sitio\/plan-de-estudio-analisis-sist\/\" target=\"_blank\" rel=\"noopener\"><img decoding=\"async\" loading=\"lazy\" class=\"aligncenter wp-image-3766\" src=\"https:\/\/ies6017-sal.infd.edu.ar\/sitio\/wp-content\/uploads\/2021\/12\/Plan-de-Estudio.jpg\" alt=\"\" width=\"202\" height=\"59\" \/><\/a><\/h2>\n<h2 style=\"text-align: center;\"><iframe loading=\"lazy\" title=\"YouTube video player\" src=\"https:\/\/www.youtube.com\/embed\/G5AHFKYLe_Q\" width=\"560\" height=\"315\" frameborder=\"0\" allowfullscreen=\"allowfullscreen\"><\/iframe><\/h2>\n","protected":false},"excerpt":{"rendered":"<p>Duraci\u00f3n de la carrera 3 a\u00f1os T\u00edtulo T\u00e9cnico Superior en Analista en sistemas con orientaci\u00f3n en redes inform\u00e1ticas Objetivos de Formaci\u00f3n *Dise\u00f1ar aplicaciones amigables en entornos visuales, en los diferentes paradigmas de programaci\u00f3n. *Dise\u00f1ar sistemas de informaci\u00f3n utilizando enfoques estructurados. *Llevar a cabo tareas de instalaci\u00f3n, configuraci\u00f3n, mantenimiento y administraci\u00f3n &#8216;de equipos PC y redes &#8230; <a title=\"Tec. Sup. en Analista en Sistemas\" class=\"read-more\" href=\"https:\/\/ies6017-sal.infd.edu.ar\/sitio\/tec-sup-en-analista-en-sistemas\/\" aria-label=\"More on Tec. Sup. en Analista en Sistemas\">[+]<\/a><\/p>\n","protected":false},"author":236,"featured_media":0,"parent":0,"menu_order":0,"comment_status":"closed","ping_status":"closed","template":"","meta":[],"acf":[],"_links":{"self":[{"href":"https:\/\/ies6017-sal.infd.edu.ar\/sitio\/wp-json\/wp\/v2\/pages\/2626"}],"collection":[{"href":"https:\/\/ies6017-sal.infd.edu.ar\/sitio\/wp-json\/wp\/v2\/pages"}],"about":[{"href":"https:\/\/ies6017-sal.infd.edu.ar\/sitio\/wp-json\/wp\/v2\/types\/page"}],"author":[{"embeddable":true,"href":"https:\/\/ies6017-sal.infd.edu.ar\/sitio\/wp-json\/wp\/v2\/users\/236"}],"replies":[{"embeddable":true,"href":"https:\/\/ies6017-sal.infd.edu.ar\/sitio\/wp-json\/wp\/v2\/comments?post=2626"}],"version-history":[{"count":28,"href":"https:\/\/ies6017-sal.infd.edu.ar\/sitio\/wp-json\/wp\/v2\/pages\/2626\/revisions"}],"predecessor-version":[{"id":5670,"href":"https:\/\/ies6017-sal.infd.edu.ar\/sitio\/wp-json\/wp\/v2\/pages\/2626\/revisions\/5670"}],"wp:attachment":[{"href":"https:\/\/ies6017-sal.infd.edu.ar\/sitio\/wp-json\/wp\/v2\/media?parent=2626"}],"curies":[{"name":"wp","href":"https:\/\/api.w.org\/{rel}","templated":true}]}}