{"id":2348,"date":"2020-11-11T17:57:35","date_gmt":"2020-11-11T20:57:35","guid":{"rendered":"https:\/\/ies6017-sal.infd.edu.ar\/sitio\/?page_id=2348"},"modified":"2025-12-01T19:08:39","modified_gmt":"2025-12-01T22:08:39","slug":"inscripcion-a-mesas","status":"publish","type":"page","link":"https:\/\/ies6017-sal.infd.edu.ar\/sitio\/inscripcion-a-mesas\/","title":{"rendered":"Inscripci\u00f3n a Mesas de Ex\u00e1menes Diciembre 2025"},"content":{"rendered":"\n<div class=\"wp-block-cover alignfull\" style=\"min-height:120px\"><span aria-hidden=\"true\" class=\"wp-block-cover__background has-base-2-background-color has-background-dim-0 has-background-dim\"><\/span><div class=\"wp-block-cover__inner-container\">\n<h2 class=\"wp-block-heading has-text-align-center\"><img decoding=\"async\" loading=\"lazy\" width=\"674\" height=\"219\" class=\"wp-image-6637\" style=\"width: 350px;\" src=\"https:\/\/ies6017-sal.infd.edu.ar\/sitio\/wp-content\/uploads\/2023\/11\/Recurso-25.png\" alt=\"\"><\/h2>\n<\/div><\/div>\n\n\n<h4 style=\"text-align: center;\">Turnos Ordinarios de Diciembre 2025<\/h4>\n<h4 style=\"text-align: center;\">Segundo Llamado<\/h4>\n<p>\u00a0<\/p>\n<h5 style=\"text-align: left;\"><strong><img decoding=\"async\" loading=\"lazy\" class=\"wp-image-3193 alignleft\" src=\"https:\/\/ies6017-sal.infd.edu.ar\/sitio\/wp-content\/uploads\/2021\/11\/764-7646492_icono-de-importante-png-transparent-png-1.png\" alt=\"\" width=\"146\" height=\"159\" srcset=\"https:\/\/ies6017-sal.infd.edu.ar\/sitio\/wp-content\/uploads\/2021\/11\/764-7646492_icono-de-importante-png-transparent-png-1.png 860w, https:\/\/ies6017-sal.infd.edu.ar\/sitio\/wp-content\/uploads\/2021\/11\/764-7646492_icono-de-importante-png-transparent-png-1-768x833.png 768w\" sizes=\"(max-width: 146px) 100vw, 146px\" \/><\/strong><\/h5>\n<h5><strong>Para solicitar mesa de examen\u00a0 se requiere\u00a0 tener LEGAJO COMPLETO <\/strong>seg\u00fan lo establece el <a href=\"https:\/\/ies6017-sal.infd.edu.ar\/sitio\/wp-content\/uploads\/2022\/04\/R2484-13.pdf\">RAM 2484\/13<\/a> (Reglamento Acad\u00e9mico Marco de Alumnos<strong>), <\/strong>estar INSCRIPTO<strong> o RE-INSCRIPTO<\/strong> en el periodo lectivo 2025 y poseer LIBRETA DE ESTUDIOS. Estos son\u00a0 requisitos ineludibles para acceder a una mesa de examen.\u00a0<\/h5>\n<h5>\u00a0<\/h5>\n<h5 style=\"text-align: center;\"><strong>PROCEDIMIENTO PARA LA INSCRIPCI\u00d3N PRESENCIAL<\/strong><\/h5>\n<table width=\"570\">\n<tbody>\n<tr>\n<td width=\"185\"><img decoding=\"async\" loading=\"lazy\" class=\"wp-image-2548 aligncenter\" src=\"https:\/\/ies6017-sal.infd.edu.ar\/sitio\/wp-content\/uploads\/2020\/12\/Dise\u00f1o-sin-t\u00edtulo1-1000x1000.jpg\" alt=\"\" width=\"254\" height=\"254\" srcset=\"https:\/\/ies6017-sal.infd.edu.ar\/sitio\/wp-content\/uploads\/2020\/12\/Dise\u00f1o-sin-t\u00edtulo1-1000x1000.jpg 1000w, https:\/\/ies6017-sal.infd.edu.ar\/sitio\/wp-content\/uploads\/2020\/12\/Dise\u00f1o-sin-t\u00edtulo1-500x500.jpg 500w, https:\/\/ies6017-sal.infd.edu.ar\/sitio\/wp-content\/uploads\/2020\/12\/Dise\u00f1o-sin-t\u00edtulo1-768x768.jpg 768w, https:\/\/ies6017-sal.infd.edu.ar\/sitio\/wp-content\/uploads\/2020\/12\/Dise\u00f1o-sin-t\u00edtulo1.jpg 1080w\" sizes=\"(max-width: 254px) 100vw, 254px\" \/><\/td>\n<td width=\"385\">\n<h5><span style=\"color: #12b8b8;\"><strong>RECUERDE:<\/strong><\/span><\/h5>\n<p>Es muy importante que\u00a0 planifique sus ex\u00e1menes, completando correctamente <span style=\"color: #000000;\"><strong>\u00a0la ficha de inscripci\u00f3n impresa<\/strong><\/span> porque el procedimiento administrativo solamente le permitir\u00e1 inscribirse <strong>una sola vez en ambas etapas y en las fechas establecidas.\u00a0<\/strong><\/p>\n<\/td>\n<\/tr>\n<\/tbody>\n<\/table>\n<h5>Pasos para la Inscripci\u00f3n:\u00a0<\/h5>\n<table style=\"height: 613px;\" width=\"961\">\n<tbody>\n<tr>\n<td width=\"80\">\u00a0<\/td>\n<td width=\"525\"><strong>Detalle\u00a0<\/strong><\/td>\n<td style=\"text-align: center;\" width=\"80\">\u00a0<\/td>\n<td style=\"text-align: center;\" width=\"80\">\u00a0<\/td>\n<\/tr>\n<tr>\n<td>\n<p><img decoding=\"async\" loading=\"lazy\" class=\"alignnone size-full wp-image-1867\" src=\"https:\/\/ies6017-sal.infd.edu.ar\/sitio\/wp-content\/uploads\/2019\/10\/images-1.jpeg\" alt=\"\" width=\"224\" height=\"225\" \/><\/p>\n<\/td>\n<td width=\"525\">\n<p>1 &#8211; Acceder a los <a href=\"https:\/\/ies6017-sal.infd.edu.ar\/sitio\/examenes-2\/\"><strong>TURNOS DE EX\u00c1MENES<\/strong><\/a> para decidir cu\u00e1ndo rendir\u00e1 teniendo en cuenta\u00a0 las fechas establecidas.\u00a0<\/p>\n<\/td>\n<td>\u00a0<\/td>\n<td>\u00a0<\/td>\n<\/tr>\n<tr>\n<td>\n<p><img decoding=\"async\" loading=\"lazy\" class=\"alignnone size-full wp-image-1867\" src=\"https:\/\/ies6017-sal.infd.edu.ar\/sitio\/wp-content\/uploads\/2019\/10\/images-1.jpeg\" alt=\"\" width=\"224\" height=\"225\" \/><\/p>\n<p style=\"text-align: center;\"><strong>PRESENCIAL<\/strong><\/p>\n<\/td>\n<td width=\"525\">\n<p>2 &#8211; Adquirir\u00a0 la <strong>Ficha de Inscripci\u00f3n a Ex\u00e1menes<\/strong> impresa y sellada en la Biblioteca del instituto (original y duplicado)a partir del jueves 27\/11.<\/p>\n<p>3-Completar correctamente con sus datos la <span style=\"color: #000000;\">FICHA DE INSCRIPCI\u00d3N A EX\u00c1MENES SEDE o\u00a0 la FICHA DE INSCRIPCI\u00d3N ANEXO CPO.SANTO.<\/span>\u00a0 <strong>\u00a0<\/strong>\u00a0<\/p>\n<p>4- Se\u00f1alar correctamente las materias (como figuran en el Plan de estudios) en las que se inscribe en este <strong>SEGUNDO\u00a0LLAMADO.<\/strong><\/p>\n<p>5- Presentar la ficha en el instituto\u00a0 de 19:30 a 22:00 horas y en las fechas establecidas. La inscripci\u00f3n es personal y debe llevar la libreta de estudios.\u00a0<\/p>\n<p><strong>Fechas para presentar la Ficha de inscripci\u00f3n a Ex\u00e1menes:\u00a0\u00a0<\/strong><\/p>\n<p>En este <strong>SEGUNDO\u00a0LLAMADO que<\/strong> inicia el 12\u00a0 hasta el 22 de diciembre podr\u00e1 <span style=\"font-size: revert; font-family: inherit; font-weight: inherit;\">\u00a0inscribirse\u00a0 los d\u00edas\u00a0 1, 2, 3, 4 y\u00a0 5\u00a0 de diciembre\u00a0 indefectiblemente.\u00a0<\/span><\/p>\n<\/td>\n<td>\u00a0<\/td>\n<td>\u00a0<\/td>\n<\/tr>\n<\/tbody>\n<\/table>\n<h4 style=\"text-align: center;\">\u00a0<\/h4>\n<h5 style=\"text-align: center;\">El horario de inicio de las mesas de ex\u00e1menes es a las 19:00 horas para todas las carreras.\u00a0<\/h5>\n<p>Los alumnos de carrera en cierre deber\u00e1n presentar una nota por Mesa de entrada\u00a0 hasta el 3 de diciembre solicitando los espacios correspondientes\u00a0 al 2do llamado y se le comunicar\u00e1n las fechas a la brevedad.<\/p>\n<p>Para anular la inscripci\u00f3n, ser\u00e1 <strong><em>48 horas h\u00e1biles<\/em><\/strong> antes de la mesa y deber\u00e1 enviar una <strong>nota adjunta<\/strong> a Mesa de entrada virtual del instituto al siguiente correo: <strong>mesadeentradaies6017@sirolli.edu.ar<\/strong> cuyo horario de atenci\u00f3n es de <strong><span style=\"color: #ff9900;\">Lunes a Viernes de 18:30 a 22:00 horas<\/span>,<\/strong> especificando los datos de la mesa y fecha en la que solicita la anulaci\u00f3n.\u00a0 Si lo realiza en fecha posterior al tiempo establecido<strong> no podr\u00e1 anularse la mesa <\/strong>afectando la inscripci\u00f3n al segundo llamado.<\/p>\n<p>\u00a0 \u00a0 \u00a0 \u00a0 \u00a0 \u00a0 \u00a0 \u00a0 \u00a0 \u00a0 \u00a0 \u00a0 \u00a0 \u00a0 \u00a0 \u00a0 \u00a0 \u00a0 \u00a0 \u00a0 \u00a0 \u00a0 \u00a0 \u00a0 Recuerde revisar las <a href=\"https:\/\/ies6017-sal.infd.edu.ar\/sitio\/wp-content\/uploads\/2025\/11\/FECHAS-DE-VENCIMIENTOS-DE-EXAMENES-DE-dICIEMBRE-.docx.pdf\"><strong>FECHA<\/strong><strong>S DE VENCIMIENTO<\/strong><\/a>\u00a0para darse la baja a los ex\u00e1menes.\u00a0<\/p>\n<p style=\"text-align: center;\"><strong>IMPORTANTE: Las inscripciones solo se recibir\u00e1n en el instituto y en las fechas establecidas para cada llamado de examen.<\/strong><\/p>\n<p style=\"text-align: center;\"><strong> No existen otros medios para la inscripci\u00f3n.\u00a0<\/strong><\/p>\n\n\n<div class=\"wp-block-media-text alignwide is-stacked-on-mobile\"><figure class=\"wp-block-media-text__media\"><\/figure><div class=\"wp-block-media-text__content\">\n<p><\/p>\n<\/div><\/div>\n\n\n\n<p><\/p>\n","protected":false},"excerpt":{"rendered":"<p>Turnos Ordinarios de Diciembre 2025 Segundo Llamado \u00a0 Para solicitar mesa de examen\u00a0 se requiere\u00a0 tener LEGAJO COMPLETO seg\u00fan lo establece el RAM 2484\/13 (Reglamento Acad\u00e9mico Marco de Alumnos), estar INSCRIPTO o RE-INSCRIPTO en el periodo lectivo 2025 y poseer LIBRETA DE ESTUDIOS. Estos son\u00a0 requisitos ineludibles para acceder a una mesa de examen.\u00a0 \u00a0 &#8230; <a title=\"Inscripci\u00f3n a Mesas de Ex\u00e1menes Diciembre 2025\" class=\"read-more\" href=\"https:\/\/ies6017-sal.infd.edu.ar\/sitio\/inscripcion-a-mesas\/\" aria-label=\"More on Inscripci\u00f3n a Mesas de Ex\u00e1menes Diciembre 2025\">[+]<\/a><\/p>\n","protected":false},"author":236,"featured_media":0,"parent":0,"menu_order":0,"comment_status":"closed","ping_status":"closed","template":"","meta":[],"acf":[],"_links":{"self":[{"href":"https:\/\/ies6017-sal.infd.edu.ar\/sitio\/wp-json\/wp\/v2\/pages\/2348"}],"collection":[{"href":"https:\/\/ies6017-sal.infd.edu.ar\/sitio\/wp-json\/wp\/v2\/pages"}],"about":[{"href":"https:\/\/ies6017-sal.infd.edu.ar\/sitio\/wp-json\/wp\/v2\/types\/page"}],"author":[{"embeddable":true,"href":"https:\/\/ies6017-sal.infd.edu.ar\/sitio\/wp-json\/wp\/v2\/users\/236"}],"replies":[{"embeddable":true,"href":"https:\/\/ies6017-sal.infd.edu.ar\/sitio\/wp-json\/wp\/v2\/comments?post=2348"}],"version-history":[{"count":125,"href":"https:\/\/ies6017-sal.infd.edu.ar\/sitio\/wp-json\/wp\/v2\/pages\/2348\/revisions"}],"predecessor-version":[{"id":8608,"href":"https:\/\/ies6017-sal.infd.edu.ar\/sitio\/wp-json\/wp\/v2\/pages\/2348\/revisions\/8608"}],"wp:attachment":[{"href":"https:\/\/ies6017-sal.infd.edu.ar\/sitio\/wp-json\/wp\/v2\/media?parent=2348"}],"curies":[{"name":"wp","href":"https:\/\/api.w.org\/{rel}","templated":true}]}}