{"id":2008,"date":"2019-11-20T15:21:01","date_gmt":"2019-11-20T18:21:01","guid":{"rendered":"https:\/\/ies6017-sal.infd.edu.ar\/sitio\/?page_id=2008"},"modified":"2019-12-20T20:48:25","modified_gmt":"2019-12-20T23:48:25","slug":"ingreso-2020","status":"publish","type":"page","link":"https:\/\/ies6017-sal.infd.edu.ar\/sitio\/ingreso-2020\/","title":{"rendered":"Ingreso 2020"},"content":{"rendered":"<h1 style=\"text-align: center;\">Ingreso 2020<\/h1>\n<p><img decoding=\"async\" loading=\"lazy\" class=\"aligncenter  wp-image-2065\" src=\"https:\/\/ies6017-sal.infd.edu.ar\/sitio\/wp-content\/uploads\/2019\/12\/flor-1000x433.png\" alt=\"\" width=\"801\" height=\"347\" srcset=\"https:\/\/ies6017-sal.infd.edu.ar\/sitio\/wp-content\/uploads\/2019\/12\/flor-1000x433.png 1000w, https:\/\/ies6017-sal.infd.edu.ar\/sitio\/wp-content\/uploads\/2019\/12\/flor-768x333.png 768w, https:\/\/ies6017-sal.infd.edu.ar\/sitio\/wp-content\/uploads\/2019\/12\/flor.png 1198w\" sizes=\"(max-width: 801px) 100vw, 801px\" \/><\/p>\n<div class=\"wpb_text_column wpb_content_element \"><\/div>\n<div class=\"wpb_text_column wpb_content_element \">\n<div class=\"wpb_wrapper\">\n<p dir=\"ltr\">\n<\/div>\n<\/div>\n<div class=\"vc_btn3-container vc_btn3-center\">\n<h3 style=\"text-align: center;\">TU INSCRIPCI\u00d3N A UNA CARRERA DEL IES N\u00b0 6017 EN 3 PASOS<\/h3>\n<h3><\/h3>\n<p style=\"text-align: center;\"><span style=\"color: #003366;\"><strong><div  class=\"lgc-column lgc-grid-parent lgc-grid-33 lgc-tablet-grid-33 lgc-mobile-grid-100 lgc-equal-heights \"><div  class=\"inside-grid-column\">\n<h5 style=\"text-align: center;\"><span style=\"color: #003366;\"><strong>PASO 1<\/strong><\/span><\/h5>\n<p style=\"text-align: center;\"><strong><span style=\"color: #333333;\">Pre-inscripci\u00f3n on line<\/span><\/strong><\/p>\n<p style=\"text-align: center;\"><img decoding=\"async\" loading=\"lazy\" class=\"aligncenter wp-image-1863\" src=\"https:\/\/ies6017-sal.infd.edu.ar\/sitio\/wp-content\/uploads\/2019\/10\/icono-contactenos-1.png\" alt=\"\" width=\"98\" height=\"98\" \/><\/p>\n<p style=\"text-align: center;\"><strong>Durante el mes de diciembre<\/strong><\/p>\n<p style=\"text-align: left;\">Los estudiantes que deseen cursar una carrera en el Instituto de Educaci\u00f3n Superior N\u00b0 6017 \u201cProf. Amadeo Sirolli\u201d deben completar\u00a0 primeramente el\u00a0 formulario on line de PRE-INSCRIPCI\u00d3N cuyo link se encuentra al final de esta columna.<br \/>\nLuego,\u00a0 desde\u00a0 el 9\u00a0 hasta el 20 de diciembre tienen que completar la pre-inscripci\u00f3n presentando la documentaci\u00f3n requerida:<br \/>\n1-Fotocopia del DNI.<br \/>\n2-Acta de nacimiento actualizada noviembre\/diciembre 2019.<br \/>\n3- T\u00edtulo o constancia de haber terminado el nivel secundario.<\/p>\n<p style=\"text-align: center;\"><strong>Link de Pre-inscripci\u00f3n<\/strong><\/p>\n<\/div>\n<p style=\"text-align: center;\">\n<\/p><p style=\"text-align: center;\"><strong>o puedes ingresar por el c\u00f3digo QR<\/strong><\/p>\n<div class=\"vc_btn3-container vc_btn3-center\">\n<p style=\"text-align: left;\"><span style=\"color: #003366;\"><strong><\/strong><\/span><\/p><\/div><\/div><\/strong><\/span><\/p>\n<p style=\"text-align: center;\"><span style=\"color: #003366;\"><strong><div  class=\"lgc-column lgc-grid-parent lgc-grid-33 lgc-tablet-grid-33 lgc-mobile-grid-100 lgc-equal-heights \"><div  class=\"inside-grid-column\">\n<h5 style=\"text-align: center;\"><span style=\"color: #003366;\"><strong>PASO 2<\/strong><\/span><\/h5>\n<p style=\"text-align: center;\"><span style=\"color: #333333;\"><strong>Confirmaci\u00f3n de inscripci\u00f3n<\/strong><\/span><\/p>\n<p style=\"text-align: center;\"><img decoding=\"async\" loading=\"lazy\" class=\"aligncenter wp-image-1863\" src=\"https:\/\/ies6017-sal.infd.edu.ar\/sitio\/wp-content\/uploads\/2019\/10\/icono-contactenos-1.png\" alt=\"\" width=\"98\" height=\"98\" \/><br \/>\n<strong>Febrero 2020\u00a0<\/strong><\/p>\n<p style=\"text-align: left;\">Desde el 11 al 15\u00a0 de febrero 2020 tienen que confirmar la inscripci\u00f3n a la carrera elegida. Durante el mes de febrero y hasta el 31 de marzo deben\u00a0 completar\u00a0 la documentaci\u00f3n\u00a0 establecida en el Reglamento general de alumnos. Dicha documentaci\u00f3n formar\u00e1 parte del legajo personal de cada estudiante.<br \/>\n4- Apto F\u00edsico<br \/>\n5-\u00a0 3 Fotos color 4&#215;4 de frente<br \/>\nUna vez completa la documentaci\u00f3n requerida, reci\u00e9n podr\u00e1n solicitar:<br \/>\n6- Libreta de estudios<br \/>\nNecesaria para realizar cualquier tr\u00e1mite institucional.<\/p>\n<p style=\"text-align: left;\">Encontrar\u00e1n mayor informaci\u00f3n en la G<strong>u\u00eda del estudiante 2020.<\/strong><br \/>\n<span style=\"color: #003366;\"><strong><\/strong><\/span><\/p><\/div><\/div><\/strong><\/span><\/p>\n<p style=\"text-align: center;\"><span style=\"color: #003366;\"><strong><div  class=\"lgc-column lgc-grid-parent lgc-grid-33 lgc-tablet-grid-33 lgc-mobile-grid-100 lgc-equal-heights \"><div  class=\"inside-grid-column\">\n<h5 style=\"text-align: center;\"><span style=\"color: #003366;\"><strong>PASO 3<\/strong><\/span><\/h5>\n<p style=\"text-align: center;\"><span style=\"color: #333333;\"><strong>Curso de Ingreso Obligatorio<\/strong><\/span><\/p>\n<p style=\"text-align: center;\"><img decoding=\"async\" loading=\"lazy\" class=\"aligncenter wp-image-1863\" src=\"https:\/\/ies6017-sal.infd.edu.ar\/sitio\/wp-content\/uploads\/2019\/10\/icono-contactenos-1.png\" alt=\"\" width=\"98\" height=\"98\" \/><\/p>\n<p style=\"text-align: center;\"><strong>Febrero -marzo 2020<\/strong><\/p>\n<p style=\"text-align: left;\">El\u00a0<strong>Curso de Ingreso\u00a0 es obligatorio<\/strong>\u00a0en sus distintas modalidades (presencial y virtual) y deber\u00e1n asistir al mismo con los documentos\u00a0 que podr\u00e1n descargar a\u00a0 continuaci\u00f3n y que fueron creados para acompa\u00f1arlos en una exitosa trayectoria en el ingreso al nivel superior.<br \/>\n<span style=\"color: #003366;\"><strong><\/strong><\/span><\/p><\/div><\/div><\/strong><\/span><\/p>\n<hr \/>\n<h3 style=\"text-align: center;\">Documentos para descargar<\/h3>\n<\/div>\n<table width=\"752\">\n<tbody>\n<tr>\n<td width=\"230\"><a href=\"https:\/\/dges-sal.infd.edu.ar\/sitio\/wp-content\/uploads\/2019\/11\/Guia-del-estudiante-2020.pdf\"><img decoding=\"async\" loading=\"lazy\" class=\"aligncenter wp-image-2013\" src=\"https:\/\/ies6017-sal.infd.edu.ar\/sitio\/wp-content\/uploads\/2019\/11\/Tapa-Guia-del-Estudiante.png\" alt=\"\" width=\"110\" height=\"156\" \/><\/a><\/td>\n<td style=\"text-align: center;\" width=\"340\">\n<h5><a href=\"https:\/\/dges-sal.infd.edu.ar\/sitio\/wp-content\/uploads\/2019\/11\/Guia-del-estudiante-2020.pdf\"><span style=\"color: #003366;\">Gu\u00eda del estudiante 2020<\/span><\/a><\/h5>\n<\/td>\n<td width=\"182\"><a href=\"https:\/\/dges-sal.infd.edu.ar\/sitio\/wp-content\/uploads\/2019\/11\/Guia-del-estudiante-2020.pdf\"><img decoding=\"async\" loading=\"lazy\" class=\"aligncenter wp-image-798\" src=\"https:\/\/ies6017-sal.infd.edu.ar\/sitio\/wp-content\/uploads\/2018\/06\/PDF-Descarga.gif\" alt=\"\" width=\"72\" height=\"67\" \/><\/a><\/td>\n<\/tr>\n<tr>\n<td>\n<h3 style=\"text-align: center;\"><a href=\"https:\/\/ies6017-sal.infd.edu.ar\/sitio\/wp-content\/uploads\/2019\/11\/Dossier-Texto-expositivo-t%C3%A9cnicas-de-estudio-2020.pdf\"><img decoding=\"async\" loading=\"lazy\" class=\"aligncenter wp-image-2014\" src=\"https:\/\/ies6017-sal.infd.edu.ar\/sitio\/wp-content\/uploads\/2019\/11\/Tapa-Dossier.png\" alt=\"\" width=\"109\" height=\"156\" \/><\/a><\/h3>\n<\/td>\n<td>\n<h5 style=\"text-align: center;\"><a href=\"https:\/\/ies6017-sal.infd.edu.ar\/sitio\/wp-content\/uploads\/2019\/11\/Dossier-Texto-expositivo-t%C3%A9cnicas-de-estudio-2020.pdf\"><span style=\"color: #003366;\">Dossier de Texto Expositivo y T\u00e9cnicas de Estudio<\/span><\/a><\/h5>\n<\/td>\n<td>\u00a0<a href=\"https:\/\/ies6017-sal.infd.edu.ar\/sitio\/wp-content\/uploads\/2019\/11\/Dossier-Texto-expositivo-t%C3%A9cnicas-de-estudio-2020.pdf\"><img decoding=\"async\" loading=\"lazy\" class=\"aligncenter wp-image-798\" src=\"https:\/\/ies6017-sal.infd.edu.ar\/sitio\/wp-content\/uploads\/2018\/06\/PDF-Descarga.gif\" alt=\"\" width=\"72\" height=\"67\" \/><\/a><\/td>\n<\/tr>\n<tr>\n<td>\n<h3 style=\"text-align: center;\"><a href=\"https:\/\/ies6017-sal.infd.edu.ar\/sitio\/wp-content\/uploads\/2019\/11\/Paratexto-Maite-Alvarado.pdf\"><img decoding=\"async\" loading=\"lazy\" class=\"aligncenter wp-image-2015\" src=\"https:\/\/ies6017-sal.infd.edu.ar\/sitio\/wp-content\/uploads\/2019\/11\/Paratexto.png\" alt=\"\" width=\"115\" height=\"166\" \/><\/a><\/h3>\n<\/td>\n<td>\n<h5 style=\"text-align: center;\"><a href=\"https:\/\/ies6017-sal.infd.edu.ar\/sitio\/wp-content\/uploads\/2019\/11\/Paratexto-Maite-Alvarado.pdf\"><span style=\"color: #003366;\">Paratexto &#8211; Maite Alvarado<\/span><\/a><\/h5>\n<\/td>\n<td><a href=\"https:\/\/ies6017-sal.infd.edu.ar\/sitio\/wp-content\/uploads\/2019\/11\/Paratexto-Maite-Alvarado.pdf\"><img decoding=\"async\" loading=\"lazy\" class=\"aligncenter wp-image-798\" src=\"https:\/\/ies6017-sal.infd.edu.ar\/sitio\/wp-content\/uploads\/2018\/06\/PDF-Descarga.gif\" alt=\"\" width=\"72\" height=\"67\" \/><\/a><\/td>\n<\/tr>\n<tr>\n<td style=\"text-align: center;\"><img decoding=\"async\" loading=\"lazy\" class=\"aligncenter wp-image-2043\" src=\"https:\/\/ies6017-sal.infd.edu.ar\/sitio\/wp-content\/uploads\/2019\/11\/Formulario.png\" alt=\"\" width=\"107\" height=\"157\" \/><\/td>\n<td style=\"text-align: center;\">\n<h5><span style=\"color: #003366;\"><a style=\"color: #003366;\" href=\"https:\/\/ies6017-sal.infd.edu.ar\/sitio\/wp-content\/uploads\/2019\/11\/Formulario-Certificado-de-Control-Anual-de-Salud-Integral-Oblig.pdf\">Formulario Certificado de Control Anual de Salud Integral Obligatorio<\/a><\/span><\/h5>\n<\/td>\n<td><a href=\"https:\/\/ies6017-sal.infd.edu.ar\/sitio\/wp-content\/uploads\/2019\/11\/Formulario-Certificado-de-Control-Anual-de-Salud-Integral-Oblig.pdf\"><img decoding=\"async\" loading=\"lazy\" class=\"aligncenter wp-image-798\" src=\"https:\/\/ies6017-sal.infd.edu.ar\/sitio\/wp-content\/uploads\/2018\/06\/PDF-Descarga.gif\" alt=\"\" width=\"72\" height=\"67\" \/><\/a><\/td>\n<\/tr>\n<tr>\n<td><\/td>\n<td><\/td>\n<td><\/td>\n<\/tr>\n<tr>\n<td><\/td>\n<td><\/td>\n<td><\/td>\n<\/tr>\n<\/tbody>\n<\/table>\n<div class=\"vc_btn3-container vc_btn3-center\">\n<h3 style=\"text-align: center;\">Tu lugar&#8230; tu futuro&#8230; \u00a1Estamos para acompa\u00f1arte!<\/h3>\n<\/div>\n","protected":false},"excerpt":{"rendered":"<p>Ingreso 2020 TU INSCRIPCI\u00d3N A UNA CARRERA DEL IES N\u00b0 6017 EN 3 PASOS Documentos para descargar Gu\u00eda del estudiante 2020 Dossier de Texto Expositivo y T\u00e9cnicas de Estudio \u00a0 Paratexto &#8211; Maite Alvarado Formulario Certificado de Control Anual de Salud Integral Obligatorio Tu lugar&#8230; tu futuro&#8230; \u00a1Estamos para acompa\u00f1arte!<\/p>\n","protected":false},"author":400,"featured_media":0,"parent":0,"menu_order":0,"comment_status":"closed","ping_status":"closed","template":"","meta":[],"acf":[],"_links":{"self":[{"href":"https:\/\/ies6017-sal.infd.edu.ar\/sitio\/wp-json\/wp\/v2\/pages\/2008"}],"collection":[{"href":"https:\/\/ies6017-sal.infd.edu.ar\/sitio\/wp-json\/wp\/v2\/pages"}],"about":[{"href":"https:\/\/ies6017-sal.infd.edu.ar\/sitio\/wp-json\/wp\/v2\/types\/page"}],"author":[{"embeddable":true,"href":"https:\/\/ies6017-sal.infd.edu.ar\/sitio\/wp-json\/wp\/v2\/users\/400"}],"replies":[{"embeddable":true,"href":"https:\/\/ies6017-sal.infd.edu.ar\/sitio\/wp-json\/wp\/v2\/comments?post=2008"}],"version-history":[{"count":48,"href":"https:\/\/ies6017-sal.infd.edu.ar\/sitio\/wp-json\/wp\/v2\/pages\/2008\/revisions"}],"predecessor-version":[{"id":2078,"href":"https:\/\/ies6017-sal.infd.edu.ar\/sitio\/wp-json\/wp\/v2\/pages\/2008\/revisions\/2078"}],"wp:attachment":[{"href":"https:\/\/ies6017-sal.infd.edu.ar\/sitio\/wp-json\/wp\/v2\/media?parent=2008"}],"curies":[{"name":"wp","href":"https:\/\/api.w.org\/{rel}","templated":true}]}}