{"id":1558,"date":"2019-07-17T17:19:45","date_gmt":"2019-07-17T20:19:45","guid":{"rendered":"https:\/\/ies6017-sal.infd.edu.ar\/sitio\/?page_id=1558"},"modified":"2023-02-20T12:10:04","modified_gmt":"2023-02-20T15:10:04","slug":"tec-sup-en-r-r-h-h","status":"publish","type":"page","link":"https:\/\/ies6017-sal.infd.edu.ar\/sitio\/tec-sup-en-r-r-h-h\/","title":{"rendered":"Tec. Sup. en Recursos Humanos"},"content":{"rendered":"<p><img decoding=\"async\" loading=\"lazy\" class=\"alignnone size-medium wp-image-3797\" src=\"https:\/\/ies6017-sal.infd.edu.ar\/sitio\/wp-content\/uploads\/2021\/12\/6-1000x333.jpg\" alt=\"\" width=\"1000\" height=\"333\" srcset=\"https:\/\/ies6017-sal.infd.edu.ar\/sitio\/wp-content\/uploads\/2021\/12\/6-1000x333.jpg 1000w, https:\/\/ies6017-sal.infd.edu.ar\/sitio\/wp-content\/uploads\/2021\/12\/6-768x256.jpg 768w, https:\/\/ies6017-sal.infd.edu.ar\/sitio\/wp-content\/uploads\/2021\/12\/6-1536x512.jpg 1536w, https:\/\/ies6017-sal.infd.edu.ar\/sitio\/wp-content\/uploads\/2021\/12\/6.jpg 1800w\" sizes=\"(max-width: 1000px) 100vw, 1000px\" \/><\/p>\n<table style=\"height: 388px;\" width=\"955\">\n<tbody>\n<tr>\n<td width=\"196\"><strong>Duraci\u00f3n de la carrera<\/strong><\/td>\n<td width=\"442\">3 a\u00f1os<\/td>\n<\/tr>\n<tr>\n<td><strong>T\u00edtulo<\/strong><\/td>\n<td width=\"442\">T\u00e9cnico Superior en Gesti\u00f3n de Recursos Humanos<\/td>\n<\/tr>\n<tr>\n<td><strong>Objetivos de Formaci\u00f3n<\/strong><\/td>\n<td style=\"text-align: justify;\" width=\"442\">*Desarrollar los conocimientos te\u00f3ricos y las habilidades t\u00e9cnicas necesarias que permitan a los egresados desempe\u00f1arse eficazmente en los distintos tipos de organizaciones en las que se inserten profesionalmente. *Mejorar la calidad y eficiencia de la educaci\u00f3n en los Institutos de Educaci\u00f3n sector y tomando en cuenta la adecuaci\u00f3n de los recursos humanos a las demandas sociales, culturales, de capacitaci\u00f3n y econ\u00f3micas productivas de la comunidad, a trav\u00e9s de un trabajo articulado y coordinado entre los distintos espacios curriculares de las carreras que se desarrollan en su \u00e1mbito, como asimismo con la visita de profesionales externos que enriquezcan la formaci\u00f3n acad\u00e9mica de sus estudiantes. *Desarrollar los conocimientos y las competencias y las habilidades necesarias que permitan a los egresados ejercer como T\u00e9cnico Superior en Gesti\u00f3n de Recursos Humanos en las organizaciones actuales. <span style=\"font-family: inherit; font-size: inherit;\">*Proporcionar el conocimiento de las distintas t\u00e9cnicas de actuaci\u00f3n dentro de todas las esferas de recursos humanos, tanto en selecci\u00f3n, formaci\u00f3n y desarrollo, como en pol\u00edticas de retribuci\u00f3n.<\/span><\/td>\n<\/tr>\n<\/tbody>\n<\/table>\n<p><a href=\"https:\/\/ies6017-sal.infd.edu.ar\/sitio\/plan-de-estudios\/\" target=\"_blank\" rel=\"noopener\"><img decoding=\"async\" loading=\"lazy\" class=\"aligncenter wp-image-3766\" src=\"https:\/\/ies6017-sal.infd.edu.ar\/sitio\/wp-content\/uploads\/2021\/12\/Plan-de-Estudio.jpg\" alt=\"\" width=\"202\" height=\"59\" \/><\/a><\/p>\n<p>&nbsp;<\/p>\n<h2 style=\"text-align: center;\"><iframe loading=\"lazy\" width=\"560\" height=\"315\" src=\"https:\/\/www.youtube.com\/embed\/hgNJiCcYOjU\" title=\"YouTube video player\" frameborder=\"0\" allow=\"accelerometer; autoplay; clipboard-write; encrypted-media; gyroscope; picture-in-picture\" allowfullscreen><\/iframe><\/h2>\n","protected":false},"excerpt":{"rendered":"<p>Duraci\u00f3n de la carrera 3 a\u00f1os T\u00edtulo T\u00e9cnico Superior en Gesti\u00f3n de Recursos Humanos Objetivos de Formaci\u00f3n *Desarrollar los conocimientos te\u00f3ricos y las habilidades t\u00e9cnicas necesarias que permitan a los egresados desempe\u00f1arse eficazmente en los distintos tipos de organizaciones en las que se inserten profesionalmente. *Mejorar la calidad y eficiencia de la educaci\u00f3n en los &#8230; <a title=\"Tec. Sup. en Recursos Humanos\" class=\"read-more\" href=\"https:\/\/ies6017-sal.infd.edu.ar\/sitio\/tec-sup-en-r-r-h-h\/\" aria-label=\"More on Tec. Sup. en Recursos Humanos\">[+]<\/a><\/p>\n","protected":false},"author":236,"featured_media":0,"parent":0,"menu_order":0,"comment_status":"closed","ping_status":"closed","template":"","meta":[],"acf":[],"_links":{"self":[{"href":"https:\/\/ies6017-sal.infd.edu.ar\/sitio\/wp-json\/wp\/v2\/pages\/1558"}],"collection":[{"href":"https:\/\/ies6017-sal.infd.edu.ar\/sitio\/wp-json\/wp\/v2\/pages"}],"about":[{"href":"https:\/\/ies6017-sal.infd.edu.ar\/sitio\/wp-json\/wp\/v2\/types\/page"}],"author":[{"embeddable":true,"href":"https:\/\/ies6017-sal.infd.edu.ar\/sitio\/wp-json\/wp\/v2\/users\/236"}],"replies":[{"embeddable":true,"href":"https:\/\/ies6017-sal.infd.edu.ar\/sitio\/wp-json\/wp\/v2\/comments?post=1558"}],"version-history":[{"count":16,"href":"https:\/\/ies6017-sal.infd.edu.ar\/sitio\/wp-json\/wp\/v2\/pages\/1558\/revisions"}],"predecessor-version":[{"id":5672,"href":"https:\/\/ies6017-sal.infd.edu.ar\/sitio\/wp-json\/wp\/v2\/pages\/1558\/revisions\/5672"}],"wp:attachment":[{"href":"https:\/\/ies6017-sal.infd.edu.ar\/sitio\/wp-json\/wp\/v2\/media?parent=1558"}],"curies":[{"name":"wp","href":"https:\/\/api.w.org\/{rel}","templated":true}]}}